{"id":112945,"date":"2017-11-02T18:47:53","date_gmt":"2017-11-02T17:47:53","guid":{"rendered":"https:\/\/dev.gamingzion.com\/?page_id=112945"},"modified":"2024-05-02T10:28:33","modified_gmt":"2024-05-02T09:28:33","slug":"altalanos-szerzodesi-feltetelek","status":"publish","type":"page","link":"https:\/\/www.gamingzion.com\/hu\/altalanos-szerzodesi-feltetelek\/","title":{"rendered":"\u00c1ltal\u00e1nos Szerz\u0151d\u00e9si Felt\u00e9telek"},"content":{"rendered":"<section style=\"text-align: justify\">Ezen \u00e1ltal\u00e1nos szerz\u0151d\u00e9si felt\u00e9telek fektetik le jogaidat \u00e9s k\u00f6teless\u00e9geidet \u00e9s ez k\u00f6t k\u00f6zted \u00e9s a GamingZion.Com \u00e9s \u00edgy a GamingZion k\u00f6z\u00f6tt egy jogi egyezs\u00e9get. K\u00e9rlek, olvasd el figyelmesen \u00e9s fontold meg alaposan, miel\u0151tt a GamingZion oldalaira fell\u00e9psz. Ha nem vagy k\u00e9pes vagy hajland\u00f3 elfogadni b\u00e1rmely &#8211; vagy az \u00f6sszes &#8211; felt\u00e9tel\u00fcnket, hagyd el az oldalt azonnal. Ha a GamingZion oldal\u00e1n tart\u00f3zkodsz, azzal elfogadod a GamingZion minden egyes itt lefektetett \u00e1ltal\u00e1nos szerz\u0151d\u00e9si felt\u00e9tel\u00e9t.<\/section>\n<section style=\"text-align: justify\">\n<div style=\"font-size: 120%;color: black;width: 100%;padding: 20px;margin-top: 15px;margin-bottom: 15px;background-color: #e8e8e8\">\n<ol>\n<li><a href=\"#GENERAL\">\u00c1ltal\u00e1nos<\/a><\/li>\n<li><a href=\"#CONTENT\">Tartalom<\/a><\/li>\n<li><a href=\"#COMMUNITY\">K\u00f6z\u00f6ss\u00e9gi alapok<\/a><\/li>\n<li><a href=\"#ENDORSEMENT\">Hozz\u00e1j\u00e1rul\u00e1s<\/a><\/li>\n<li><a href=\"#IDEMNIFICATION\">K\u00e1rt\u00e9r\u00edt\u00e9s<\/a><\/li>\n<li><a href=\"#COPYRIGHT\">Szerz\u0151i jogok megs\u00e9rt\u00e9se<\/a><\/li>\n<li><a href=\"#DISCLAIMER\">Nyilatkozat<\/a><\/li>\n<li><a href=\"#PRIVACY\">Biztons\u00e1g \u00e9s Adatv\u00e9delem<\/a><\/li>\n<li><a href=\"#COOKIES\">S\u00fcti-k<\/a><\/li>\n<li><a href=\"#QUESTIONS\">Egy\u00e9b k\u00e9rd\u00e9sek?<\/a><\/li>\n<\/ol>\n<\/div>\n<h2 id=\"GENERAL\">\u00c1ltal\u00e1nos<\/h2>\n<p>A GamingZion fenntartja a jogot, hogy \u00e9rv\u00e9nyre juttasson \u00e9s kontroll\u00e1ljon, megv\u00e1ltoztasson, friss\u00edtsen, t\u00f6r\u00f6lj\u00f6n vagy adjon hozz\u00e1 \u00fajat az itt lefektetett \u00e1ltal\u00e1nos szerz\u0151d\u00e9si felt\u00e9telek b\u00e1rmelyik\u00e9hez b\u00e1rmif\u00e9le el\u0151zetes egyeztet\u00e9s n\u00e9lk\u00fcl azon k\u00edv\u00fcl, ami ezen oldalon megjelenik.<\/p>\n<p>A GamingZion, illetve az oldal online szerencsej\u00e1t\u00e9k katal\u00f3gus\u00e1nak l\u00e1togat\u00f3i kijelentik, hogy legal\u00e1bb 18 \u00e9vesek \u00e9s hogy minden, a GamingZion oldal\u00e1n val\u00f3 regisztr\u00e1ci\u00f3hoz sz\u00fcks\u00e9ges adat pontos \u00e9s a val\u00f3s\u00e1gnak megfelel\u0151, mulaszt\u00e1s n\u00e9lk\u00fcli, \u00e9s hogy\u00a0regisztr\u00e1ci\u00f3t k\u00f6vet\u0151en azonnal pontos\u00edtanak b\u00e1rmely id\u0151 k\u00f6zben megv\u00e1ltoz\u00f3 adaton.<\/p>\n<p>A felhaszn\u00e1l\u00f3nevek \u00e9s jelszavak a GamingZion tulajdon\u00e1t k\u00e9pezik, ezek b\u00e1rmikor, el\u0151zetes figyelmeztet\u00e9s n\u00e9lk\u00fcl v\u00e1ltoztathat\u00f3ak vagy ak\u00e1r t\u00f6r\u00f6lhet\u0151ek is.<\/p>\n<p>A GamingZion-ra regisztr\u00e1lt fi\u00f3kok a GamingZion tulajdon\u00e1t k\u00e9pezik. A GmingZion fenntartja a jogot hogy b\u00e1rmikor felf\u00fcggessze vagy t\u00f6r\u00f6lje a felhaszn\u00e1l\u00f3i fi\u00f3khoz val\u00f3 hozz\u00e1f\u00e9r\u00e9st b\u00e1rmif\u00e9le el\u0151zetes figyelmeztet\u00e9s vagy egyeztet\u00e9s n\u00e9lk\u00fcl b\u00e1rmely okb\u00f3l kifoly\u00f3lag, saj\u00e1t m\u00e9rlegel\u00e9si jogk\u00f6rb\u0151l.<\/p>\n<p>Ezen \u00e1ltal\u00e1nos szerz\u0151d\u00e9si felt\u00e9telek b\u00e1rmelyik\u00e9nek megs\u00e9rt\u00e9s\u00e9t a GamingZion vezet\u0151s\u00e9ge fogja \u00e9rtelmezni, \u00f6v\u00e9k a d\u00f6nt\u00e9si jogk\u00f6r. B\u00e1rmif\u00e9le priv\u00e1t, publikus vagy jogi p\u00e1rbesz\u00e9d, t\u00e1rgyal\u00e1s vagy kommunik\u00e1ci\u00f3 n\u00e9lk\u00fcl \u00edt\u00e9lkezhetnek.<\/p>\n<h2 id=\"CONTENT\">Tartalom<\/h2>\n<p>A szerz\u0151i jogi t\u00f6rv\u00e9nyek vonatkoznak a GamingZion minden tartalm\u00e1ra, legyen az \u00edr\u00e1sos, vizu\u00e1lis vagy hanganyag, tov\u00e1bb\u00e1 t\u00e9ma \u00e9s st\u00edlus. Ezen tulajdonok b\u00e1rminem\u0171 felhaszn\u00e1l\u00e1sa jogi k\u00f6vetkezm\u00e9nyekkel j\u00e1rhat. A GamingZion csakis nem-kereskedelmi, vagy szem\u00e9lyes haszn\u00e1latra enged\u00e9lyezi term\u00e9kei \u00fajrafelhaszn\u00e1l\u00e1s\u00e1t, m\u00e1sol\u00e1s\u00e1t vagy id\u00e9z\u00e9s\u00e9t. B\u00e1rmi egy\u00e9b m\u00f3dszer ezen \u00e1ltal\u00e1nos szerz\u0151d\u00e9si felt\u00e9telek megszeg\u00e9s\u00e9t jelenti.<\/p>\n<p>A GamingZion oldal\u00e1nak jog\u00e1ban \u00e1ll &#8211; m\u00e9g ha nem is \u00e9l ezen jog\u00e1val &#8211; megsz\u0171rni minden felhaszn\u00e1l\u00f3i tartalmat, ezeken jog\u00e1ban \u00e1ll tov\u00e1bb\u00e1 v\u00e1ltoztatni, vagy ak\u00e1r t\u00f6r\u00f6lni is, hogyha \u00fagy \u00edt\u00e9li alkalmasnak.<\/p>\n<p>A felhaszn\u00e1l\u00f3 jogi felel\u0151ss\u00e9ggel tartozik b\u00e1rmi \u00e1ll\u00edt\u00e1s\u00e9rt, gyan\u00fas\u00edt\u00e1s\u00e9rt, kijelent\u00e9s\u00e9rt vagy a felhaszn\u00e1l\u00f3i fi\u00f3kj\u00e1r\u00f3l tett k\u00e9rd\u00e9sek\u00e9rt.<\/p>\n<p>A szerz\u0151i jogi t\u00f6rv\u00e9nyek \u00e9rtelm\u00e9ben felhaszn\u00e1l\u00f3k \u00e1ltal illeg\u00e1lis tartalom nem ker\u00fcl enged\u00e9lyez\u00e9sre, tov\u00e1bb\u00e1 olyan tartalom sem, ami b\u00e1rminem\u0171 illeg\u00e1lis tev\u00e9kenys\u00e9g promot\u00e1l\u00e1s\u00e1ra alkalmas lehet.<\/p>\n<p>A GamingZion sz\u00edvesen veszi l\u00e1togat\u00f3i kritik\u00e1it \u00e9s visszajelz\u00e9seit, de nem fogad el k\u00e9retlen, k\u00fcls\u0151 beadv\u00e1nyokat \u00e9s fenntartja mag\u00e1nak a jogot ezek ignor\u00e1l\u00e1s\u00e1ra.<\/p>\n<p>Hab\u00e1r tartalma t\u00f6rekszik cikkei t\u00e9nyszer\u0171 pontoss\u00e1g\u00e1ra, a GamingZion fenntartja mag\u00e1nak a jogot a t\u00e9ved\u00e9sre, a t\u00e9nyek szatirikus m\u00f3don val\u00f3 \u00e1br\u00e1zol\u00e1s\u00e1ra vagy egyes t\u00e9nyek kihagy\u00e1s\u00e1ra, ha a t\u00e1rgyalt t\u00e9ma megk\u00edv\u00e1nja azt. A GamingZion nem tartozik felel\u0151ss\u00e9ggel semmif\u00e9le vesztes\u00e9g\u00e9rt, \u00e9rt k\u00e1r\u00e9rt vagy b\u00e1rmi egy\u00e9b felmer\u00fcl\u0151 k\u00f6lts\u00e9g\u00e9rt ami b\u00e1rmely, a GamingZion oldal\u00e1n fellelhet\u0151 tartalmak alapj\u00e1n meghozott d\u00f6nt\u00e9s, v\u00e1laszt\u00e1s, v\u00e1s\u00e1rl\u00e1s vagy fogad\u00e1s\u00a0eredm\u00e9nye. Ebbe beletartozik a GamingZion online szerencsej\u00e1t\u00e9k katal\u00f3gusa is.<\/p>\n<p>Minden, a GamingZion oldal\u00e1n fellelhet\u0151 v\u00e9lem\u00e9ny \u00e9s \u00e9rt\u00e9kel\u00e9s szerkeszt\u0151ink \u00e9s a vezet\u0151s\u00e9g szubjekt\u00edv, j\u00f3hiszemben \u00edrt v\u00e9lem\u00e9nye.<\/p>\n<p>A GamingZion igyekszik a lehet\u0151 legterjedelmesebb inform\u00e1ci\u00f3 szolg\u00e1ltat\u00e1sra, azonban nem tehet\u0151 felel\u0151ss\u00e9 semmif\u00e9le mulaszt\u00e1s\u00e9rt, pontatlans\u00e1g\u00e9rt, vagy az ezekb\u0151l fakad\u00f3 f\u00e9lre\u00e9rtelmez\u00e9s\u00e9rt. A GamingZion nem \u00e1ll\u00edtja mag\u00e1r\u00f3l, hogy minden ott megjelen\u0151 v\u00e9lem\u00e9ny, \u00edt\u00e9let vagy \u00e9rt\u00e9kel\u00e9s az objekt\u00edv, hat\u00e1rozott, egy\u00e9rtelm\u0171 t\u00e9nyszer\u0171s\u00e9get jelenten\u00e9.<\/p>\n<h2 id=\"COMMUNITY\">K\u00f6z\u00f6ss\u00e9gi alapok<\/h2>\n<p>A GamingZion nem enged\u00e9lyez rasszista, szexista vagy homof\u00f3b kommenteket. A GamingZion nem toler\u00e1lja a gy\u0171l\u00f6letbesz\u00e9d semmilyen form\u00e1j\u00e1t, ir\u00e1nyuljon b\u00e1rmely ember, emberek vagy embercsoportok ellen is. A GamingZion fenntartja mag\u00e1nak a jogot arra, hogy megtegyen b\u00e1rmily sz\u00fcks\u00e9ges int\u00e9zked\u00e9st annak \u00e9rdek\u00e9ben, hogy az ilyen tartalmak elt\u00e1vol\u00edt\u00e1sra ker\u00fcljenek \u00e9s megb\u00fcntesse ezen tartalmak szerz\u0151it.<\/p>\n<p>A felhaszn\u00e1l\u00f3k maguk felelnek a fi\u00f3kjukr\u00f3l k\u00f6zz\u00e9tett posztok\u00e9rt, f\u00fcggetlen\u00fcl att\u00f3l, hogy kit\u0151l sz\u00e1rmazik az adott poszt,\u00a0de nem f\u00fcggetlen\u00fcl att\u00f3l, hogy a regisztr\u00e1lt felhaszn\u00e1l\u00f3 adott-e enged\u00e9lyt a szerz\u0151nek.<\/p>\n<p>A b\u00e1rmilyen csoportot vagy egy\u00e9b felhaszn\u00e1l\u00f3t f\u00e9lrevezet\u0151, ferd\u00edt\u0151, becsm\u00e9rl\u0151 tartalmakat a vezet\u0151s\u00e9g b\u00e1rmikor t\u00f6r\u00f6lheti, hogyha az adott tartalom b\u00e1rmilyen form\u00e1ban is k\u00e1ros lehet.<\/p>\n<\/section>\n<p>B\u00e1rmely felhaszn\u00e1l\u00f3 \u00e1ltal gener\u00e1lt tartalom &#8211; legyen az hozz\u00e1sz\u00f3l\u00e1s, bejegyz\u00e9s vagy b\u00e1rmi egy\u00e9b &#8211; ami v\u00edrust, tr\u00f3jait vagy b\u00e1rmi egy\u00e9b vesz\u00e9lyes szoftvert k\u00edv\u00e1n terjeszteni, azonnal t\u00f6rl\u00e9sre ker\u00fcl.<\/p>\n<p>Tilos a GamingZion oldal\u00e1t m\u00e1s kereskedelmi tev\u00e9kenys\u00e9g rekl\u00e1moz\u00e1s\u00e1ra vagy t\u00e1mogat\u00e1s\u00e1ra felhaszn\u00e1lni. Amely profil ezen pontot megszegi, azonnal t\u00f6rl\u00e9sre ker\u00fcl.<\/p>\n<p>Minden becs\u00fclets\u00e9rt\u0151,\u00a0gyal\u00e1zkod\u00f3, obszc\u00e9n, pornogr\u00e1f, s\u00e9rt\u0151, zaklat\u00f3, fenyeget\u0151 tartalom vagy b\u00e1rmi t\u00f6rv\u00e9nytelen tev\u00e9kenys\u00e9g vagy b\u0171n\u00f6z\u0151i viselked\u00e9s rekl\u00e1moz\u00e1s\u00e1ra, promot\u00e1l\u00e1s\u00e1ra ir\u00e1nyul\u00f3 poszt t\u00f6r\u00f6lve lesz.<\/p>\n<p>A GamingZion fenntartja a K\u00f6z\u00f6ss\u00e9gi alapok megv\u00e1ltoztat\u00e1s\u00e1nak jog\u00e1t b\u00e1rmikor. A felhaszn\u00e1l\u00f3k k\u00f6telesek lesznek elfogadni azt att\u00f3l a pillanatt\u00f3l kezdve, hogy\u00a0az \u00faj szab\u00e1lyzat megjelenik ezen az oldalon.<\/p>\n<p>A GamingZion oldal\u00e1nak nem k\u00f6teless\u00e9ge figyelni, fel\u00fcgyelni, szerkeszteni vagy cenz\u00far\u00e1zni a felhaszn\u00e1l\u00f3k \u00e1ltal gener\u00e1lt tartalmat. Fenntartja azonban a jogotmag\u00e1nak minderre, valamint ezen \u00e1ltal\u00e1nos szerz\u0151d\u00e9si felt\u00e9telek megszeg\u00e9s\u00e9\u00e9rt a jog\u00e9rv\u00e9nyes\u00edt\u0151 int\u00e9zm\u00e9nyek nyomoz\u00e1si\u00a0vizsg\u00e1lat\u00e1t\u00a0is k\u00e9rv\u00e9nyezheti.<\/p>\n<section style=\"text-align: justify\">\n<h2 id=\"ENDORSEMENT\">Hozz\u00e1j\u00e1rul\u00e1s<\/h2>\n<p>A GamingZion oldal\u00e1n megjelen\u0151 cikkek, \u00e9rt\u00e9kel\u00e9sek, v\u00e9lem\u00e9nyek \u00e9s szatirikus tartalmak mind szerkeszt\u0151ink munk\u00e1ja. \u00cdr\u00e1saikat akad\u00e1lytalanul k\u00f6zlik, szigor\u00faan f\u00fcggetlen\u00fcl b\u00e1rmif\u00e9le \u00edr\u00e1suaik t\u00e1rgy\u00e1t k\u00e9pz\u0151 alanyokt\u00f3l sz\u00e1rmaz\u00f3 jutalomt\u00f3l vagy sz\u00edvess\u00e9gt\u0151l.<\/p>\n<p><strong>A GamingZion oldal\u00e1nak nincs szerencsej\u00e1t\u00e9k licensze \u00e9s nem is k\u00edv\u00e1n ilyet szerezni. A GamingZion oldal\u00e1n nincsenek kaszin\u00f3 j\u00e1t\u00e9kok, nem k\u00edn\u00e1l szerencsej\u00e1t\u00e9k szolg\u00e1ltat\u00e1sokat s\u00e9 f\u00fcggetlen minden jogi entit\u00e1st\u00f3l.<\/strong><\/p>\n<p><strong>A GamingZion jutal\u00e9kban, d\u00edjban\u00a0\u00e9s egy\u00e9b kompenz\u00e1ci\u00f3kban r\u00e9szes\u00fclhet az oldal\u00e1n tal\u00e1lhat\u00f3 kattint\u00e1sok \u00e9s\u00a0rekl\u00e1m-c\u00e9lzat\u00fa, sz\u00f6vegalap\u00fa linkek ut\u00e1n, tov\u00e1bb\u00e1 ezen linkekre kattintva a szolg\u00e1ltat\u00e1sok \u00e9s term\u00e9kv\u00e1s\u00e1rl\u00e1sok ut\u00e1n is r\u00e9szes\u00fclhet jutal\u00e9kban.<\/strong><\/p>\n<p>Az \u00f6sszes ilyen marketing c\u00e9lzat\u00fa rekl\u00e1mn\u00e1l egy\u00e9rtelm\u0171en van jelezve.<\/p>\n<h2 id=\"IDEMNIFICATION\">K\u00e1rt\u00e9r\u00edt\u00e9s<\/h2>\n<p>A GamingZion oldal\u00e1n tart\u00f3zkodva kijelented, hogy a GamingZion, annak vezet\u0151s\u00e9ge, szerkeszt\u0151i, partnerei nem vonhat\u00f3k jogi felel\u0151ss\u00e9gre szolg\u00e1ltat\u00e1sainkb\u00f3l, v\u00e9lem\u00e9nyeinkb\u0151l, javaslatainkb\u00f3l \u00e9s \u00f6sszefoglal\u00f3inkb\u00f3l sz\u00e1rmaz\u00f3 nyeres\u00e9geid\u00e9rt vagy vesztes\u00e9geid\u00e9rt, esetlegesen felmer\u00fcl\u0151, t\u00e9ged \u00e9rt k\u00e1rok\u00e9rt, k\u00f6lts\u00e9geid\u00e9rt \u00e9s kiad\u00e1said\u00e9rt, legyenek azok ak\u00e1r jogi k\u00f6lts\u00e9gek is.<\/p>\n<p>A GamingZion fenntartja azon jog\u00e1t, hogy b\u00e1rmilyen, az oldallal kapcsolatos k\u00e1rt\u00e9r\u00edt\u00e9si probl\u00e9m\u00e1ban kiz\u00e1r\u00f3lagos v\u00e9delmet \u00e9lvez, \u00e9s hogy az oldal l\u00e1togat\u00f3i ezzel a kiz\u00e1r\u00f3lagos v\u00e9delemmel teljes m\u00e9rt\u00e9kben egyet\u00e9rtenek.<\/p>\n<h2 id=\"COPYRIGHT\">Szerz\u0151i jogok megs\u00e9rt\u00e9se<\/h2>\n<p>Minden, a GamingZion oldal\u00e1n megjelen\u0151 inform\u00e1ci\u00f3s tartalom a GamingZion kiz\u00e1r\u00f3lagos tulajdon\u00e1t k\u00e9pezi. Ezek marketing c\u00e9lokra felhaszn\u00e1lt m\u00e1sol\u00e1sa, tov\u00e1bb\u00edt\u00e1sa vagy megjelen\u00edt\u00e9se a szerz\u0151i jogi t\u00f6rv\u00e9nyek \u00e9rtelm\u00e9ben tilos.<\/p>\n<p>Amennyiben a GamingZion oldal\u00e1n megjelen\u0151 b\u00e1rmely tartalom szerz\u0151i jogi t\u00f6rv\u00e9nyeket s\u00e9rt, a GamingZion oldala elleni panasz\u00e1t k\u00e9rem azonnal jelezze az admin@gamingzion.com c\u00edmenaz\u00a0elj\u00e1r\u00e1s\u00a0megkezd\u00e9s\u00e9nek \u00e9rdek\u00e9ben, valamint a szerz\u0151i jogi t\u00f6rv\u00e9nyek \u00e1ltal el\u0151\u00edrt jogi dokument\u00e1ci\u00f3k hi\u00e1nytalan list\u00e1j\u00e1\u00e9rt.<\/p>\n<\/section>\n<p>B\u00e1rmely k\u00f6vetel\u00e9s a szerz\u0151i jog megs\u00e9rt\u00e9s\u00e9t k\u00f6vet\u0151 egy napt\u00e1ri \u00e9vre korl\u00e1toz\u00f3dik.<\/p>\n<p>B\u00e1rmely GamingZion elleni jogi panasz\/k\u00f6vetel\u00e9s b\u00e1rkit\u0151l, akinek hozz\u00e1f\u00e9r\u00e9se volt az oldalhoz, egy \u00e9vre korl\u00e1toz\u00f3dik.<\/p>\n<section style=\"text-align: justify\">\n<h2 id=\"DISCLAIMER\">Nyilatkozat<\/h2>\n<p>A GamingZion \u00e9s a GamingZion szerencsej\u00e1t\u00e9k katal\u00f3gusa semmif\u00e9le biztos\u00edt\u00e9kot vagy garanci\u00e1t nem k\u00edn\u00e1l a honlap l\u00e1togat\u00f3inak semmilyen azon megjelen\u0151 \u00e9s megeml\u00edtett szolg\u00e1ltat\u00e1ssal, term\u00e9kkel, \u00e9rt\u00e9kel\u00e9ssel, prom\u00f3ci\u00f3val vagy rekl\u00e1mmal kapcsolatosan. Nem v\u00e1llalunk jogi felel\u0151ss\u00e9get a partnereinkt\u0151l sz\u00e1rmaz\u00f3, oldalunkon emgjelen\u0151 inform\u00e1ci\u00f3 pontoss\u00e1g\u00e1\u00e9rt.<\/p>\n<p>A GamingZion fenntartja a jogot, hogy megv\u00e1ltoztassa vagy \u00fajra\u00e9rtelmezze ezen \u00e1ltal\u00e1nos szerz\u0151d\u00e9si felt\u00e9teleket, ha \u00fagy \u00edt\u00e9li sz\u00fcks\u00e9gesnek. Mindezt teheti b\u00e1rmif\u00e9le el\u0151zetes figyelmeztet\u00e9s n\u00e9lk\u00fcl. B\u00e1rmely sz\u00fcks\u00e9ges int\u00e9zked\u00e9s megengedett a GamingZion vezet\u0151s\u00e9gi d\u00f6nt\u00e9s\u00e9nek hat\u00e1lyba l\u00e9ptet\u00e9s\u00e9\u00e9rt.<\/p>\n<h2 id=\"PRIVACY\">Biztons\u00e1g \u00e9s Adatv\u00e9delem<\/h2>\n<p><a href=\"\/hu\/adatvedelmi-iranyelvek\">Kattints ide<\/a>\u00a0az adatv\u00e9delmi szab\u00e1lyzatunk\u00e9rt.<\/p>\n<h2 id=\"COOKIES\">S\u00fcti-k<\/h2>\n<p><a href=\"\/hu\/suti-kezeles\">Kattints ide<\/a>\u00a0a cookie szab\u00e1lyzatunk\u00e9rt.<\/p>\n<h2 id=\"QUESTIONS\">Egy\u00e9b k\u00e9rd\u00e9sek?<\/h2>\n<p>Ha maradt benned b\u00e1rmilyen k\u00e9rd\u00e9s \u00c1ltal\u00e1nos Szerz\u0151d\u00e9si Felt\u00e9teleinkkel kapcsolatban, k\u00e9rlek b\u00e1tran \u00fczenj nek\u00fcnk a k\u00f6vetkez\u0151 e-mail c\u00edmen: <a href=\"mailto:admin@gamingzion.com\">admin@gamingzion.com<\/a><\/p>\n<\/section>\n","protected":false},"excerpt":{"rendered":"<p>Ezen \u00e1ltal\u00e1nos szerz\u0151d\u00e9si felt\u00e9telek fektetik le jogaidat \u00e9s k\u00f6teless\u00e9geidet \u00e9s ez k\u00f6t k\u00f6zted \u00e9s a GamingZion.Com \u00e9s \u00edgy a GamingZion k\u00f6z\u00f6tt egy jogi egyezs\u00e9get. K\u00e9rlek, olvasd el figyelmesen \u00e9s fontold meg alaposan, miel\u0151tt a GamingZion oldalaira fell\u00e9psz. Ha nem vagy k\u00e9pes vagy hajland\u00f3 elfogadni b\u00e1rmely &#8211; vagy az \u00f6sszes &#8211; felt\u00e9tel\u00fcnket, hagyd el az oldalt [&hellip;]<\/p>\n","protected":false},"author":1,"featured_media":0,"parent":0,"menu_order":0,"comment_status":"closed","ping_status":"closed","template":"page-template\/page-in-footer-menu.php","meta":{"footnotes":""},"class_list":["post-112945","page","type-page","status-publish","hentry","odd"],"yoast_head":"<!-- This site is optimized with the Yoast SEO Premium plugin v24.0 (Yoast SEO v24.8.1) - https:\/\/yoast.com\/wordpress\/plugins\/seo\/ -->\n<title>\u00c1ltal\u00e1nos Szerz\u0151d\u00e9si Felt\u00e9telek - GamingZion Magyarorsz\u00e1g<\/title>\n<meta name=\"robots\" content=\"index, follow, max-snippet:-1, max-image-preview:large, max-video-preview:-1\" \/>\n<meta property=\"og:locale\" content=\"hu_HU\" \/>\n<meta property=\"og:type\" content=\"article\" \/>\n<meta property=\"og:title\" content=\"\u00c1ltal\u00e1nos Szerz\u0151d\u00e9si Felt\u00e9telek\" \/>\n<meta property=\"og:description\" content=\"Ezen \u00e1ltal\u00e1nos szerz\u0151d\u00e9si felt\u00e9telek fektetik le jogaidat \u00e9s k\u00f6teless\u00e9geidet \u00e9s ez k\u00f6t k\u00f6zted \u00e9s a GamingZion.Com \u00e9s \u00edgy a GamingZion k\u00f6z\u00f6tt egy jogi egyezs\u00e9get. K\u00e9rlek, olvasd el figyelmesen \u00e9s fontold meg alaposan, miel\u0151tt a GamingZion oldalaira fell\u00e9psz. Ha nem vagy k\u00e9pes vagy hajland\u00f3 elfogadni b\u00e1rmely &#8211; vagy az \u00f6sszes &#8211; felt\u00e9tel\u00fcnket, hagyd el az oldalt [&hellip;]\" \/>\n<meta property=\"og:url\" content=\"https:\/\/www.gamingzion.com\/hu\/altalanos-szerzodesi-feltetelek\/\" \/>\n<meta property=\"og:site_name\" content=\"GamingZion Magyarorsz\u00e1g\" \/>\n<meta property=\"article:modified_time\" content=\"2024-05-02T09:28:33+00:00\" \/>\n<meta name=\"twitter:label1\" content=\"Becs\u00fclt olvas\u00e1si id\u0151\" \/>\n\t<meta name=\"twitter:data1\" content=\"6 perc\" \/>\n<script type=\"application\/ld+json\" class=\"yoast-schema-graph\">{\"@context\":\"https:\/\/schema.org\",\"@graph\":[{\"@type\":\"WebPage\",\"@id\":\"https:\/\/www.gamingzion.com\/hu\/altalanos-szerzodesi-feltetelek\/\",\"url\":\"https:\/\/www.gamingzion.com\/hu\/altalanos-szerzodesi-feltetelek\/\",\"name\":\"\u00c1ltal\u00e1nos Szerz\u0151d\u00e9si Felt\u00e9telek - GamingZion Magyarorsz\u00e1g\",\"isPartOf\":{\"@id\":\"https:\/\/www.gamingzion.com\/hu\/#website\"},\"datePublished\":\"2017-11-02T17:47:53+00:00\",\"dateModified\":\"2024-05-02T09:28:33+00:00\",\"breadcrumb\":{\"@id\":\"https:\/\/www.gamingzion.com\/hu\/altalanos-szerzodesi-feltetelek\/#breadcrumb\"},\"inLanguage\":\"hu\",\"potentialAction\":[{\"@type\":\"ReadAction\",\"target\":[\"https:\/\/www.gamingzion.com\/hu\/altalanos-szerzodesi-feltetelek\/\"]}]},{\"@type\":\"BreadcrumbList\",\"@id\":\"https:\/\/www.gamingzion.com\/hu\/altalanos-szerzodesi-feltetelek\/#breadcrumb\",\"itemListElement\":[{\"@type\":\"ListItem\",\"position\":1,\"name\":\"Home\",\"item\":\"https:\/\/www.gamingzion.com\/hu\/\"},{\"@type\":\"ListItem\",\"position\":2,\"name\":\"\u00c1ltal\u00e1nos Szerz\u0151d\u00e9si Felt\u00e9telek\"}]},{\"@type\":\"WebSite\",\"@id\":\"https:\/\/www.gamingzion.com\/hu\/#website\",\"url\":\"https:\/\/www.gamingzion.com\/hu\/\",\"name\":\"GamingZion Magyarorsz\u00e1g\",\"description\":\"Online Gambling Directory\",\"publisher\":{\"@id\":\"https:\/\/www.gamingzion.com\/hu\/#organization\"},\"potentialAction\":[{\"@type\":\"SearchAction\",\"target\":{\"@type\":\"EntryPoint\",\"urlTemplate\":\"https:\/\/www.gamingzion.com\/hu\/?s={search_term_string}\"},\"query-input\":{\"@type\":\"PropertyValueSpecification\",\"valueRequired\":true,\"valueName\":\"search_term_string\"}}],\"inLanguage\":\"hu\"},{\"@type\":\"Organization\",\"@id\":\"https:\/\/www.gamingzion.com\/hu\/#organization\",\"name\":\"GamingZion\",\"url\":\"https:\/\/www.gamingzion.com\/hu\/\",\"logo\":{\"@type\":\"ImageObject\",\"inLanguage\":\"hu\",\"@id\":\"https:\/\/www.gamingzion.com\/hu\/#\/schema\/logo\/image\/\",\"url\":\"https:\/\/sgamingzionm.gamblingzion.com\/uploads\/sites\/23\/2021\/07\/gamingzion_logo.png\",\"contentUrl\":\"https:\/\/sgamingzionm.gamblingzion.com\/uploads\/sites\/23\/2021\/07\/gamingzion_logo.png\",\"width\":1237,\"height\":273,\"caption\":\"GamingZion\"},\"image\":{\"@id\":\"https:\/\/www.gamingzion.com\/hu\/#\/schema\/logo\/image\/\"}}]}<\/script>\n<!-- \/ Yoast SEO Premium plugin. -->","yoast_head_json":{"title":"\u00c1ltal\u00e1nos Szerz\u0151d\u00e9si Felt\u00e9telek - GamingZion Magyarorsz\u00e1g","robots":{"index":"index","follow":"follow","max-snippet":"max-snippet:-1","max-image-preview":"max-image-preview:large","max-video-preview":"max-video-preview:-1"},"og_locale":"hu_HU","og_type":"article","og_title":"\u00c1ltal\u00e1nos Szerz\u0151d\u00e9si Felt\u00e9telek","og_description":"Ezen \u00e1ltal\u00e1nos szerz\u0151d\u00e9si felt\u00e9telek fektetik le jogaidat \u00e9s k\u00f6teless\u00e9geidet \u00e9s ez k\u00f6t k\u00f6zted \u00e9s a GamingZion.Com \u00e9s \u00edgy a GamingZion k\u00f6z\u00f6tt egy jogi egyezs\u00e9get. K\u00e9rlek, olvasd el figyelmesen \u00e9s fontold meg alaposan, miel\u0151tt a GamingZion oldalaira fell\u00e9psz. Ha nem vagy k\u00e9pes vagy hajland\u00f3 elfogadni b\u00e1rmely &#8211; vagy az \u00f6sszes &#8211; felt\u00e9tel\u00fcnket, hagyd el az oldalt [&hellip;]","og_url":"https:\/\/www.gamingzion.com\/hu\/altalanos-szerzodesi-feltetelek\/","og_site_name":"GamingZion Magyarorsz\u00e1g","article_modified_time":"2024-05-02T09:28:33+00:00","twitter_misc":{"Becs\u00fclt olvas\u00e1si id\u0151":"6 perc"},"schema":{"@context":"https:\/\/schema.org","@graph":[{"@type":"WebPage","@id":"https:\/\/www.gamingzion.com\/hu\/altalanos-szerzodesi-feltetelek\/","url":"https:\/\/www.gamingzion.com\/hu\/altalanos-szerzodesi-feltetelek\/","name":"\u00c1ltal\u00e1nos Szerz\u0151d\u00e9si Felt\u00e9telek - GamingZion Magyarorsz\u00e1g","isPartOf":{"@id":"https:\/\/www.gamingzion.com\/hu\/#website"},"datePublished":"2017-11-02T17:47:53+00:00","dateModified":"2024-05-02T09:28:33+00:00","breadcrumb":{"@id":"https:\/\/www.gamingzion.com\/hu\/altalanos-szerzodesi-feltetelek\/#breadcrumb"},"inLanguage":"hu","potentialAction":[{"@type":"ReadAction","target":["https:\/\/www.gamingzion.com\/hu\/altalanos-szerzodesi-feltetelek\/"]}]},{"@type":"BreadcrumbList","@id":"https:\/\/www.gamingzion.com\/hu\/altalanos-szerzodesi-feltetelek\/#breadcrumb","itemListElement":[{"@type":"ListItem","position":1,"name":"Home","item":"https:\/\/www.gamingzion.com\/hu\/"},{"@type":"ListItem","position":2,"name":"\u00c1ltal\u00e1nos Szerz\u0151d\u00e9si Felt\u00e9telek"}]},{"@type":"WebSite","@id":"https:\/\/www.gamingzion.com\/hu\/#website","url":"https:\/\/www.gamingzion.com\/hu\/","name":"GamingZion Magyarorsz\u00e1g","description":"Online Gambling Directory","publisher":{"@id":"https:\/\/www.gamingzion.com\/hu\/#organization"},"potentialAction":[{"@type":"SearchAction","target":{"@type":"EntryPoint","urlTemplate":"https:\/\/www.gamingzion.com\/hu\/?s={search_term_string}"},"query-input":{"@type":"PropertyValueSpecification","valueRequired":true,"valueName":"search_term_string"}}],"inLanguage":"hu"},{"@type":"Organization","@id":"https:\/\/www.gamingzion.com\/hu\/#organization","name":"GamingZion","url":"https:\/\/www.gamingzion.com\/hu\/","logo":{"@type":"ImageObject","inLanguage":"hu","@id":"https:\/\/www.gamingzion.com\/hu\/#\/schema\/logo\/image\/","url":"https:\/\/sgamingzionm.gamblingzion.com\/uploads\/sites\/23\/2021\/07\/gamingzion_logo.png","contentUrl":"https:\/\/sgamingzionm.gamblingzion.com\/uploads\/sites\/23\/2021\/07\/gamingzion_logo.png","width":1237,"height":273,"caption":"GamingZion"},"image":{"@id":"https:\/\/www.gamingzion.com\/hu\/#\/schema\/logo\/image\/"}}]}},"_links":{"self":[{"href":"https:\/\/www.gamingzion.com\/hu\/wp-json\/wp\/v2\/pages\/112945"}],"collection":[{"href":"https:\/\/www.gamingzion.com\/hu\/wp-json\/wp\/v2\/pages"}],"about":[{"href":"https:\/\/www.gamingzion.com\/hu\/wp-json\/wp\/v2\/types\/page"}],"author":[{"embeddable":true,"href":"https:\/\/www.gamingzion.com\/hu\/wp-json\/wp\/v2\/users\/1"}],"replies":[{"embeddable":true,"href":"https:\/\/www.gamingzion.com\/hu\/wp-json\/wp\/v2\/comments?post=112945"}],"version-history":[{"count":5,"href":"https:\/\/www.gamingzion.com\/hu\/wp-json\/wp\/v2\/pages\/112945\/revisions"}],"predecessor-version":[{"id":174637,"href":"https:\/\/www.gamingzion.com\/hu\/wp-json\/wp\/v2\/pages\/112945\/revisions\/174637"}],"wp:attachment":[{"href":"https:\/\/www.gamingzion.com\/hu\/wp-json\/wp\/v2\/media?parent=112945"}],"curies":[{"name":"wp","href":"https:\/\/api.w.org\/{rel}","templated":true}]}}