{"id":129723,"date":"2017-04-18T07:03:56","date_gmt":"2017-04-18T06:03:56","guid":{"rendered":"http:\/\/www.gamingzion.com\/?page_id=776"},"modified":"2024-05-02T10:33:47","modified_gmt":"2024-05-02T09:33:47","slug":"links","status":"publish","type":"page","link":"https:\/\/www.gamingzion.com\/hu\/links\/","title":{"rendered":"Forr\u00e1sok \u00e9s linkek"},"content":{"rendered":"<p><b><u>Aj\u00e1nlott oldalak<\/u><\/b><\/p>\n<p><a href=\"http:\/\/jackpotfinder.com\/\" target=\"_blank\" rel=\"noopener noreferrer\">Online szerencsej\u00e1t\u00e9k \u00e9s kaszin\u00f3 \u00e9rt\u00e9kel\u00e9sek a Progressz\u00edv Jackpot Finderrel<\/a><br \/>\nA Jackpot Finder nagyszer\u0171 forr\u00e1s a legjobb progressz\u00edv jackpotok megtal\u00e1l\u00e1s\u00e1hoz, valamint online kaszin\u00f3kr\u00f3l, p\u00f3kerszob\u00e1kr\u00f3l, sportfogad\u00e1sokr\u00f3l \u00e9s bing\u00f3termekr\u0151l sz\u00f3l\u00f3 \u00e1ttekint\u00e9sekkel. Ne hagyja ki ezt a szerencsej\u00e1t\u00e9k-kalauzt.<\/p>\n<p><a href=\"http:\/\/blackjackchamp.com\/\" target=\"_blank\" rel=\"noopener noreferrer\">Hogyan legy\u00e9l online Blackjack bajnok<\/a><br \/>\nA Blackjack Champ a v\u00e9gs\u0151 forr\u00e1sa mindennek, ami a fantasztikus Blackjack j\u00e1t\u00e9kkal kapcsolatos. A legjobb \u00fatmutat\u00f3k, strat\u00e9gi\u00e1k, tippek \u00e9s tr\u00fckk\u00f6k \u00f6ssze\u00e1ll\u00edt\u00e1sa, amelyek seg\u00edtenek a j\u00e1t\u00e9k fejleszt\u00e9s\u00e9ben, a Blackjack \u00f6sszes ismert v\u00e1ltozat\u00e1t lefed\u0151, \u00e1tfog\u00f3 szab\u00e1lyokkal egy\u00fctt.<\/p>\n","protected":false},"excerpt":{"rendered":"<p>Aj\u00e1nlott oldalak Online szerencsej\u00e1t\u00e9k \u00e9s kaszin\u00f3 \u00e9rt\u00e9kel\u00e9sek a Progressz\u00edv Jackpot Finderrel A Jackpot Finder nagyszer\u0171 forr\u00e1s a legjobb progressz\u00edv jackpotok megtal\u00e1l\u00e1s\u00e1hoz, valamint online kaszin\u00f3kr\u00f3l, p\u00f3kerszob\u00e1kr\u00f3l, sportfogad\u00e1sokr\u00f3l \u00e9s bing\u00f3termekr\u0151l sz\u00f3l\u00f3 \u00e1ttekint\u00e9sekkel. Ne hagyja ki ezt a szerencsej\u00e1t\u00e9k-kalauzt. Hogyan legy\u00e9l online Blackjack bajnok A Blackjack Champ a v\u00e9gs\u0151 forr\u00e1sa mindennek, ami a fantasztikus Blackjack j\u00e1t\u00e9kkal kapcsolatos. A [&hellip;]<\/p>\n","protected":false},"author":1,"featured_media":0,"parent":0,"menu_order":0,"comment_status":"closed","ping_status":"closed","template":"page-template\/page-in-footer-menu.php","meta":{"footnotes":""},"class_list":["post-129723","page","type-page","status-publish","hentry","odd"],"yoast_head":"<!-- This site is optimized with the Yoast SEO Premium plugin v24.0 (Yoast SEO v24.8.1) - https:\/\/yoast.com\/wordpress\/plugins\/seo\/ -->\n<title>Forr\u00e1sok \u00e9s linkek - GamingZion Magyarorsz\u00e1g<\/title>\n<meta name=\"robots\" content=\"index, follow, max-snippet:-1, max-image-preview:large, max-video-preview:-1\" \/>\n<meta property=\"og:locale\" content=\"hu_HU\" \/>\n<meta property=\"og:type\" content=\"article\" \/>\n<meta property=\"og:title\" content=\"Forr\u00e1sok \u00e9s linkek\" \/>\n<meta property=\"og:description\" content=\"Aj\u00e1nlott oldalak Online szerencsej\u00e1t\u00e9k \u00e9s kaszin\u00f3 \u00e9rt\u00e9kel\u00e9sek a Progressz\u00edv Jackpot Finderrel A Jackpot Finder nagyszer\u0171 forr\u00e1s a legjobb progressz\u00edv jackpotok megtal\u00e1l\u00e1s\u00e1hoz, valamint online kaszin\u00f3kr\u00f3l, p\u00f3kerszob\u00e1kr\u00f3l, sportfogad\u00e1sokr\u00f3l \u00e9s bing\u00f3termekr\u0151l sz\u00f3l\u00f3 \u00e1ttekint\u00e9sekkel. Ne hagyja ki ezt a szerencsej\u00e1t\u00e9k-kalauzt. Hogyan legy\u00e9l online Blackjack bajnok A Blackjack Champ a v\u00e9gs\u0151 forr\u00e1sa mindennek, ami a fantasztikus Blackjack j\u00e1t\u00e9kkal kapcsolatos. A [&hellip;]\" \/>\n<meta property=\"og:url\" content=\"https:\/\/www.gamingzion.com\/hu\/links\/\" \/>\n<meta property=\"og:site_name\" content=\"GamingZion Magyarorsz\u00e1g\" \/>\n<meta property=\"article:modified_time\" content=\"2024-05-02T09:33:47+00:00\" \/>\n<meta name=\"twitter:label1\" content=\"Becs\u00fclt olvas\u00e1si id\u0151\" \/>\n\t<meta name=\"twitter:data1\" content=\"1 perc\" \/>\n<script type=\"application\/ld+json\" class=\"yoast-schema-graph\">{\"@context\":\"https:\/\/schema.org\",\"@graph\":[{\"@type\":\"WebPage\",\"@id\":\"https:\/\/www.gamingzion.com\/hu\/links\/\",\"url\":\"https:\/\/www.gamingzion.com\/hu\/links\/\",\"name\":\"Forr\u00e1sok \u00e9s linkek - GamingZion Magyarorsz\u00e1g\",\"isPartOf\":{\"@id\":\"https:\/\/www.gamingzion.com\/hu\/#website\"},\"datePublished\":\"2017-04-18T06:03:56+00:00\",\"dateModified\":\"2024-05-02T09:33:47+00:00\",\"breadcrumb\":{\"@id\":\"https:\/\/www.gamingzion.com\/hu\/links\/#breadcrumb\"},\"inLanguage\":\"hu\",\"potentialAction\":[{\"@type\":\"ReadAction\",\"target\":[\"https:\/\/www.gamingzion.com\/hu\/links\/\"]}]},{\"@type\":\"BreadcrumbList\",\"@id\":\"https:\/\/www.gamingzion.com\/hu\/links\/#breadcrumb\",\"itemListElement\":[{\"@type\":\"ListItem\",\"position\":1,\"name\":\"Home\",\"item\":\"https:\/\/www.gamingzion.com\/hu\/\"},{\"@type\":\"ListItem\",\"position\":2,\"name\":\"Forr\u00e1sok \u00e9s linkek\"}]},{\"@type\":\"WebSite\",\"@id\":\"https:\/\/www.gamingzion.com\/hu\/#website\",\"url\":\"https:\/\/www.gamingzion.com\/hu\/\",\"name\":\"GamingZion Magyarorsz\u00e1g\",\"description\":\"Online Gambling Directory\",\"publisher\":{\"@id\":\"https:\/\/www.gamingzion.com\/hu\/#organization\"},\"potentialAction\":[{\"@type\":\"SearchAction\",\"target\":{\"@type\":\"EntryPoint\",\"urlTemplate\":\"https:\/\/www.gamingzion.com\/hu\/?s={search_term_string}\"},\"query-input\":{\"@type\":\"PropertyValueSpecification\",\"valueRequired\":true,\"valueName\":\"search_term_string\"}}],\"inLanguage\":\"hu\"},{\"@type\":\"Organization\",\"@id\":\"https:\/\/www.gamingzion.com\/hu\/#organization\",\"name\":\"GamingZion\",\"url\":\"https:\/\/www.gamingzion.com\/hu\/\",\"logo\":{\"@type\":\"ImageObject\",\"inLanguage\":\"hu\",\"@id\":\"https:\/\/www.gamingzion.com\/hu\/#\/schema\/logo\/image\/\",\"url\":\"https:\/\/sgamingzionm.gamblingzion.com\/uploads\/sites\/23\/2021\/07\/gamingzion_logo.png\",\"contentUrl\":\"https:\/\/sgamingzionm.gamblingzion.com\/uploads\/sites\/23\/2021\/07\/gamingzion_logo.png\",\"width\":1237,\"height\":273,\"caption\":\"GamingZion\"},\"image\":{\"@id\":\"https:\/\/www.gamingzion.com\/hu\/#\/schema\/logo\/image\/\"}}]}<\/script>\n<!-- \/ Yoast SEO Premium plugin. -->","yoast_head_json":{"title":"Forr\u00e1sok \u00e9s linkek - GamingZion Magyarorsz\u00e1g","robots":{"index":"index","follow":"follow","max-snippet":"max-snippet:-1","max-image-preview":"max-image-preview:large","max-video-preview":"max-video-preview:-1"},"og_locale":"hu_HU","og_type":"article","og_title":"Forr\u00e1sok \u00e9s linkek","og_description":"Aj\u00e1nlott oldalak Online szerencsej\u00e1t\u00e9k \u00e9s kaszin\u00f3 \u00e9rt\u00e9kel\u00e9sek a Progressz\u00edv Jackpot Finderrel A Jackpot Finder nagyszer\u0171 forr\u00e1s a legjobb progressz\u00edv jackpotok megtal\u00e1l\u00e1s\u00e1hoz, valamint online kaszin\u00f3kr\u00f3l, p\u00f3kerszob\u00e1kr\u00f3l, sportfogad\u00e1sokr\u00f3l \u00e9s bing\u00f3termekr\u0151l sz\u00f3l\u00f3 \u00e1ttekint\u00e9sekkel. Ne hagyja ki ezt a szerencsej\u00e1t\u00e9k-kalauzt. Hogyan legy\u00e9l online Blackjack bajnok A Blackjack Champ a v\u00e9gs\u0151 forr\u00e1sa mindennek, ami a fantasztikus Blackjack j\u00e1t\u00e9kkal kapcsolatos. A [&hellip;]","og_url":"https:\/\/www.gamingzion.com\/hu\/links\/","og_site_name":"GamingZion Magyarorsz\u00e1g","article_modified_time":"2024-05-02T09:33:47+00:00","twitter_misc":{"Becs\u00fclt olvas\u00e1si id\u0151":"1 perc"},"schema":{"@context":"https:\/\/schema.org","@graph":[{"@type":"WebPage","@id":"https:\/\/www.gamingzion.com\/hu\/links\/","url":"https:\/\/www.gamingzion.com\/hu\/links\/","name":"Forr\u00e1sok \u00e9s linkek - GamingZion Magyarorsz\u00e1g","isPartOf":{"@id":"https:\/\/www.gamingzion.com\/hu\/#website"},"datePublished":"2017-04-18T06:03:56+00:00","dateModified":"2024-05-02T09:33:47+00:00","breadcrumb":{"@id":"https:\/\/www.gamingzion.com\/hu\/links\/#breadcrumb"},"inLanguage":"hu","potentialAction":[{"@type":"ReadAction","target":["https:\/\/www.gamingzion.com\/hu\/links\/"]}]},{"@type":"BreadcrumbList","@id":"https:\/\/www.gamingzion.com\/hu\/links\/#breadcrumb","itemListElement":[{"@type":"ListItem","position":1,"name":"Home","item":"https:\/\/www.gamingzion.com\/hu\/"},{"@type":"ListItem","position":2,"name":"Forr\u00e1sok \u00e9s linkek"}]},{"@type":"WebSite","@id":"https:\/\/www.gamingzion.com\/hu\/#website","url":"https:\/\/www.gamingzion.com\/hu\/","name":"GamingZion Magyarorsz\u00e1g","description":"Online Gambling Directory","publisher":{"@id":"https:\/\/www.gamingzion.com\/hu\/#organization"},"potentialAction":[{"@type":"SearchAction","target":{"@type":"EntryPoint","urlTemplate":"https:\/\/www.gamingzion.com\/hu\/?s={search_term_string}"},"query-input":{"@type":"PropertyValueSpecification","valueRequired":true,"valueName":"search_term_string"}}],"inLanguage":"hu"},{"@type":"Organization","@id":"https:\/\/www.gamingzion.com\/hu\/#organization","name":"GamingZion","url":"https:\/\/www.gamingzion.com\/hu\/","logo":{"@type":"ImageObject","inLanguage":"hu","@id":"https:\/\/www.gamingzion.com\/hu\/#\/schema\/logo\/image\/","url":"https:\/\/sgamingzionm.gamblingzion.com\/uploads\/sites\/23\/2021\/07\/gamingzion_logo.png","contentUrl":"https:\/\/sgamingzionm.gamblingzion.com\/uploads\/sites\/23\/2021\/07\/gamingzion_logo.png","width":1237,"height":273,"caption":"GamingZion"},"image":{"@id":"https:\/\/www.gamingzion.com\/hu\/#\/schema\/logo\/image\/"}}]}},"_links":{"self":[{"href":"https:\/\/www.gamingzion.com\/hu\/wp-json\/wp\/v2\/pages\/129723"}],"collection":[{"href":"https:\/\/www.gamingzion.com\/hu\/wp-json\/wp\/v2\/pages"}],"about":[{"href":"https:\/\/www.gamingzion.com\/hu\/wp-json\/wp\/v2\/types\/page"}],"author":[{"embeddable":true,"href":"https:\/\/www.gamingzion.com\/hu\/wp-json\/wp\/v2\/users\/1"}],"replies":[{"embeddable":true,"href":"https:\/\/www.gamingzion.com\/hu\/wp-json\/wp\/v2\/comments?post=129723"}],"version-history":[{"count":4,"href":"https:\/\/www.gamingzion.com\/hu\/wp-json\/wp\/v2\/pages\/129723\/revisions"}],"predecessor-version":[{"id":174638,"href":"https:\/\/www.gamingzion.com\/hu\/wp-json\/wp\/v2\/pages\/129723\/revisions\/174638"}],"wp:attachment":[{"href":"https:\/\/www.gamingzion.com\/hu\/wp-json\/wp\/v2\/media?parent=129723"}],"curies":[{"name":"wp","href":"https:\/\/api.w.org\/{rel}","templated":true}]}}