{"id":167,"date":"2022-06-06T11:10:58","date_gmt":"2022-06-06T11:10:58","guid":{"rendered":"https:\/\/shenll.in\/gamingzion\/?page_id=167"},"modified":"2024-04-22T14:47:02","modified_gmt":"2024-04-22T13:47:02","slug":"gamingzionrol","status":"publish","type":"page","link":"https:\/\/www.gamingzion.com\/hu\/gamingzionrol\/","title":{"rendered":"A GamingZionr\u00f3l"},"content":{"rendered":"<section style=\"text-align: justify\"><strong>A GamingZion egy naprak\u00e9sz <em>online szerencsej\u00e1t\u00e9k gy\u0171jtem\u00e9ny<\/em>, egy multinacion\u00e1lis weboldal, amelynek c\u00e9lk\u00f6z\u00f6ns\u00e9ge az online szerencsej\u00e1t\u00e9kosok eg\u00e9sz vil\u00e1ga. Az oldal c\u00e9lja, hogy seg\u00edtsen az embereknek a vil\u00e1g minden orsz\u00e1g\u00e1b\u00f3l <em>megb\u00edzhat\u00f3 online szerencsej\u00e1t\u00e9k oldalakat<\/em> tal\u00e1lni.<\/strong><\/section>\n<section style=\"text-align: justify\">A GamingZion munkat\u00e1rsai sok \u00e9ves tapasztalattal rendelkeznek az online szerencsej\u00e1t\u00e9k-iparban, mind lelkes szerencsej\u00e1t\u00e9kosk\u00e9nt, mind ipar\u00e1gi alkalmazottk\u00e9nt. Ez a tapasztalat annak meg\u00e9rt\u00e9s\u00e9hez vezetett, hogy milyen neh\u00e9z lehet a j\u00e1t\u00e9kosoknak olyan internetes szerencsej\u00e1t\u00e9k-oldalakat tal\u00e1lni, amelyekhez csatlakozhatnak, k\u00fcl\u00f6n\u00f6sen az\u00e9rt, mert minden orsz\u00e1gnak megvannak a saj\u00e1t, egyedi  <em><b>online szerencsej\u00e1t\u00e9kra vonatkoz\u00f3 t\u00f6rv\u00e9nyei \u00e9s szab\u00e1lyoz\u00e1sai<\/b><\/em>.<\/section>\n<section style=\"text-align: justify\">\n<h2>Szem\u00e9lyre szabott online szerencsej\u00e1t\u00e9k \u00e9lm\u00e9ny<\/h2>\n<p><img loading=\"lazy\" decoding=\"async\" class=\"alignright\" src=\"https:\/\/sgamingzionm.gamblingzion.com\/uploads\/2017\/04\/about-gamingzion-gambling.png\" alt=\"About GamingZion\" width=\"234\" height=\"223\" \/>M\u00e9g akkor is, ha a j\u00e1t\u00e9kosok tal\u00e1ltak egy webhelyet, ahol fi\u00f3kot hozhatnak l\u00e9tre, el\u0151fordulhat, hogy az oldal nem az anyanyelv\u00fck\u00f6n van, vagy nem fogadja el a befizet\u00e9seket a helyi p\u00e9nznemben. A GamingZion egyszer\u0171s\u00edtett  <a href=\"https:\/\/www.gamingzion.com\/hu\/\"><em><b>online szerencsej\u00e1t\u00e9k gy\u0171jtem\u00e9ny\u00e9vel<\/b><\/em><\/a>, ez az egykor neh\u00e9z feladat a t\u00f6k\u00e9letes online szerencsej\u00e1t\u00e9k-oldal megtal\u00e1l\u00e1sa egyszer\u0171v\u00e9 v\u00e1lt. A lehet\u0151 leg\u00e1tfog\u00f3bb szolg\u00e1ltat\u00e1s biztos\u00edt\u00e1sa \u00e9rdek\u00e9ben a GamingZion kutat\u00f3csoportja sz\u00e1mtalan \u00f3r\u00e1t t\u00f6lt azzal, hogy inform\u00e1ci\u00f3kat gy\u0171jt \u00e9s v\u00e1logat az internetr\u0151l. Amellett, hogy t\u00f6bb tucat k\u00fcl\u00f6nb\u00f6z\u0151 szerencsej\u00e1t\u00e9k oldalr\u00f3l ny\u00fajt konkr\u00e9t adatokat, az oldal naprak\u00e9sz inform\u00e1ci\u00f3kat is tartalmaz az <em><b>online szerencsej\u00e1t\u00e9k jogszab\u00e1lyokr\u00f3l<\/b><\/em> a vil\u00e1g minden t\u00e1j\u00e1n, lehet\u0151v\u00e9 t\u00e9ve a j\u00e1t\u00e9kosoknak, hogy t\u00e1j\u00e9koz\u00f3djanak az online szerencsej\u00e1t\u00e9kok helyzet\u00e9r\u0151l a lak\u00f3hely\u00fck\u00f6n.<\/p>\n<h2>Online szerencsej\u00e1t\u00e9k t\u00f6rv\u00e9nyek \u00e9s szab\u00e1lyoz\u00e1sok szerte a vil\u00e1gon<\/h2>\n<p>Az oldalt egy eklektikus csoportos szerencsej\u00e1t\u00e9k-rajong\u00f3k \u00fczemeltetik, akik h\u00e1rom k\u00fcl\u00f6nb\u00f6z\u0151 kontinensr\u0151l \u00e9rkeznek, \u00e9s akiket az internetes szerencsej\u00e1t\u00e9kok ir\u00e1nti szenved\u00e9ly\u00fck \u00f6sszehozott, hogy ezt az egyed\u00fcl\u00e1ll\u00f3 szolg\u00e1ltat\u00e1st ny\u00fajts\u00e1k a j\u00e1t\u00e9kosok sz\u00e1m\u00e1ra. Ha kapcsolatba szeretne l\u00e9pni a GamingZion-nal, k\u00e9rj\u00fck, haszn\u00e1lja az <a href=\"https:\/\/www.gamingzion.com\/hu\/contact\/\">itt<\/a> tal\u00e1lhat\u00f3 \u0171rlapot. <\/p>\n<h2>Az \u00faj GamingZion.com egyszer\u0171bb b\u00f6ng\u00e9sz\u00e9si \u00e9lm\u00e9nyt k\u00edn\u00e1l<\/h2>\n<p>F\u00fcggetlen\u00fcl att\u00f3l, hogy sz\u00e1m\u00edt\u00f3g\u00e9pet vagy telefont haszn\u00e1l, azt fogja tapasztalni, hogy a GamingZion.com k\u00f6nnyen k\u00f6vethet\u0151 r\u00e9szletez\u0151 men\u00fcket vezetett be, amelyek az online szerencsej\u00e1t\u00e9k minden aspektus\u00e1t lefedik. Legyen sz\u00f3 az  <a href=\"https:\/\/www.gamingzion.com\/hu\/casino\/casino-sites\/\">online kaszin\u00f3kr\u00f3l<\/a>, <a href=\"https:\/\/www.gamingzion.com\/hu\/poker\/poker-sites\/\">p\u00f3ker szob\u00e1kr\u00f3l<\/a>, nyer\u0151g\u00e9pekr\u0151l, <a href=\"https:\/\/www.gamingzion.com\/hu\/sportsbook\/sportsbook-sites\/\">sportfogad\u00e1sokr\u00f3l <\/a>vagy a <a href=\"https:\/\/www.gamingzion.com\/hu\/lotto\/lotto-sites\/\">lott\u00f3r\u00f3l<\/a>, gondoskodunk az <a href=\"https:\/\/www.gamingzion.com\/hu\/gambling-by-country-selector\/\">online szerencsej\u00e1t\u00e9k akci\u00f3kr\u00f3l t\u00f6bb mint 170 orsz\u00e1gban<\/a>.<\/p>\n<h2>A glob\u00e1lis szerencsej\u00e1t\u00e9kjog szak\u00e9rt\u0151i<\/h2>\n<p>A szerencsej\u00e1t\u00e9k jogszab\u00e1lyok vil\u00e1gszerte folyamatosan v\u00e1ltoz\u00f3 l\u00e9gk\u00f6re miatt mi, a GamingZion.com szak\u00e9rt\u0151i vagyunk a region\u00e1lis \u00e9s helyi <a href=\"https:\/\/www.gamingzion.com\/hu\/gambling\/gambling-sites\/\">szerencsej\u00e1t\u00e9k t\u00f6rv\u00e9nyek \u00e9s  szab\u00e1lyoz\u00e1sok<\/a> ter\u00e9n. Ezen a ter\u00fcleten a naprak\u00e9sz tud\u00e1s a tapasztalt kutat\u00f3kb\u00f3l \u00e9s hozz\u00e1\u00e9rt\u0151 ipar\u00e1gi szak\u00e9rt\u0151kb\u0151l \u00e1ll\u00f3 multikultur\u00e1lis szem\u00e9lyzetnek k\u00f6sz\u00f6nhet\u0151, akik elk\u00f6telezettek a j\u00e1t\u00e9k leg\u00e1lis meg\u0151rz\u00e9se mellett.<\/p>\n<h2>Keressen naprak\u00e9sz b\u00f3nuszokat \u00e9s aj\u00e1nlatokat<\/h2>\n<p>A jelenleg el\u00e9rhet\u0151 legjobb <a href=\"https:\/\/www.gamingzion.com\/hu\/gambling\/gambling-bonuses\/\"> online szerencsej\u00e1t\u00e9k b\u00f3nuszok<\/a> \u00e9s <a href=\"https:\/\/www.gamingzion.com\/hu\/casino\/casino-promotions\/\">online kaszin\u00f3aj\u00e1nlatok<\/a> megtal\u00e1l\u00e1sa \u00e9rdek\u00e9ben \u00e1tfog\u00f3 internetes port\u00e1lunk \u00f3r\u00e1nk\u00e9nt folyamatosan friss\u00fcl, \u00edgy soha nem marad le. Eml\u00e9kszel azokra a napokra, amikor tal\u00e1lt egy webhelyet, amely lehet\u0151v\u00e9 teszi fi\u00f3k l\u00e9trehoz\u00e1s\u00e1t, \u00e9s csak k\u00e9s\u0151bb fedezi fel, hogy az oldal nem az \u00d6n anyanyelv\u00e9n tal\u00e1lhat\u00f3, vagy nem fogad el befizet\u00e9seket a helyi p\u00e9nznemben? A GamingZion kiterjedt online szerencsej\u00e1t\u00e9k-katal\u00f3gus\u00e1nak seg\u00edts\u00e9g\u00e9vel ez az egykor neh\u00e9z feladat, a t\u00f6k\u00e9letes \u00e9s megb\u00edzhat\u00f3 j\u00e1t\u00e9koldal megtal\u00e1l\u00e1sa n\u00e9h\u00e1ny kattint\u00e1sra leegyszer\u0171s\u00f6d\u00f6tt.<br \/>\nArra t\u00f6reksz\u00fcnk, hogy minden l\u00e1togat\u00f3 szem\u00e9lyre szabott szerencsej\u00e1t\u00e9k-\u00e9lm\u00e9nyt kapjon a tart\u00f3zkod\u00e1si helye \u00e9s j\u00e1t\u00e9kpreferenci\u00e1i alapj\u00e1n.<br \/>\nR\u00f6viden, az \u00faj, \u00fajratervezett GamingZion.com minden szerencsej\u00e1t\u00e9k-sz\u00fcks\u00e9glet\u00e9nek megfelel\u0151 webhely.<\/p>\n<\/section>\n","protected":false},"excerpt":{"rendered":"<p>A GamingZion egy naprak\u00e9sz online szerencsej\u00e1t\u00e9k gy\u0171jtem\u00e9ny, egy multinacion\u00e1lis weboldal, amelynek c\u00e9lk\u00f6z\u00f6ns\u00e9ge az online szerencsej\u00e1t\u00e9kosok eg\u00e9sz vil\u00e1ga. Az oldal c\u00e9lja, hogy seg\u00edtsen az embereknek a vil\u00e1g minden orsz\u00e1g\u00e1b\u00f3l megb\u00edzhat\u00f3 online szerencsej\u00e1t\u00e9k oldalakat tal\u00e1lni. A GamingZion munkat\u00e1rsai sok \u00e9ves tapasztalattal rendelkeznek az online szerencsej\u00e1t\u00e9k-iparban, mind lelkes szerencsej\u00e1t\u00e9kosk\u00e9nt, mind ipar\u00e1gi alkalmazottk\u00e9nt. Ez a tapasztalat annak meg\u00e9rt\u00e9s\u00e9hez vezetett, [&hellip;]<\/p>\n","protected":false},"author":123,"featured_media":0,"parent":0,"menu_order":0,"comment_status":"closed","ping_status":"closed","template":"page-template\/page-in-footer-menu.php","meta":{"footnotes":""},"class_list":["post-167","page","type-page","status-publish","hentry","odd"],"yoast_head":"<!-- This site is optimized with the Yoast SEO Premium plugin v24.0 (Yoast SEO v24.8.1) - https:\/\/yoast.com\/wordpress\/plugins\/seo\/ -->\n<title>A GamingZionr\u00f3l - GamingZion Magyarorsz\u00e1g<\/title>\n<meta name=\"robots\" content=\"index, follow, max-snippet:-1, max-image-preview:large, max-video-preview:-1\" \/>\n<meta property=\"og:locale\" content=\"hu_HU\" \/>\n<meta property=\"og:type\" content=\"article\" \/>\n<meta property=\"og:title\" content=\"A GamingZionr\u00f3l\" \/>\n<meta property=\"og:description\" content=\"A GamingZion egy naprak\u00e9sz online szerencsej\u00e1t\u00e9k gy\u0171jtem\u00e9ny, egy multinacion\u00e1lis weboldal, amelynek c\u00e9lk\u00f6z\u00f6ns\u00e9ge az online szerencsej\u00e1t\u00e9kosok eg\u00e9sz vil\u00e1ga. Az oldal c\u00e9lja, hogy seg\u00edtsen az embereknek a vil\u00e1g minden orsz\u00e1g\u00e1b\u00f3l megb\u00edzhat\u00f3 online szerencsej\u00e1t\u00e9k oldalakat tal\u00e1lni. A GamingZion munkat\u00e1rsai sok \u00e9ves tapasztalattal rendelkeznek az online szerencsej\u00e1t\u00e9k-iparban, mind lelkes szerencsej\u00e1t\u00e9kosk\u00e9nt, mind ipar\u00e1gi alkalmazottk\u00e9nt. Ez a tapasztalat annak meg\u00e9rt\u00e9s\u00e9hez vezetett, [&hellip;]\" \/>\n<meta property=\"og:url\" content=\"https:\/\/www.gamingzion.com\/hu\/gamingzionrol\/\" \/>\n<meta property=\"og:site_name\" content=\"GamingZion Magyarorsz\u00e1g\" \/>\n<meta property=\"article:modified_time\" content=\"2024-04-22T13:47:02+00:00\" \/>\n<meta property=\"og:image\" content=\"https:\/\/sgamingzionm.gamblingzion.com\/uploads\/2017\/04\/about-gamingzion-gambling.png\" \/>\n<meta name=\"twitter:label1\" content=\"Becs\u00fclt olvas\u00e1si id\u0151\" \/>\n\t<meta name=\"twitter:data1\" content=\"3 perc\" \/>\n<script type=\"application\/ld+json\" class=\"yoast-schema-graph\">{\"@context\":\"https:\/\/schema.org\",\"@graph\":[{\"@type\":\"WebPage\",\"@id\":\"https:\/\/www.gamingzion.com\/hu\/gamingzionrol\/\",\"url\":\"https:\/\/www.gamingzion.com\/hu\/gamingzionrol\/\",\"name\":\"A GamingZionr\u00f3l - GamingZion Magyarorsz\u00e1g\",\"isPartOf\":{\"@id\":\"https:\/\/www.gamingzion.com\/hu\/#website\"},\"primaryImageOfPage\":{\"@id\":\"https:\/\/www.gamingzion.com\/hu\/gamingzionrol\/#primaryimage\"},\"image\":{\"@id\":\"https:\/\/www.gamingzion.com\/hu\/gamingzionrol\/#primaryimage\"},\"thumbnailUrl\":\"https:\/\/sgamingzionm.gamblingzion.com\/uploads\/2017\/04\/about-gamingzion-gambling.png\",\"datePublished\":\"2022-06-06T11:10:58+00:00\",\"dateModified\":\"2024-04-22T13:47:02+00:00\",\"breadcrumb\":{\"@id\":\"https:\/\/www.gamingzion.com\/hu\/gamingzionrol\/#breadcrumb\"},\"inLanguage\":\"hu\",\"potentialAction\":[{\"@type\":\"ReadAction\",\"target\":[\"https:\/\/www.gamingzion.com\/hu\/gamingzionrol\/\"]}]},{\"@type\":\"ImageObject\",\"inLanguage\":\"hu\",\"@id\":\"https:\/\/www.gamingzion.com\/hu\/gamingzionrol\/#primaryimage\",\"url\":\"https:\/\/sgamingzionm.gamblingzion.com\/uploads\/2017\/04\/about-gamingzion-gambling.png\",\"contentUrl\":\"https:\/\/sgamingzionm.gamblingzion.com\/uploads\/2017\/04\/about-gamingzion-gambling.png\"},{\"@type\":\"BreadcrumbList\",\"@id\":\"https:\/\/www.gamingzion.com\/hu\/gamingzionrol\/#breadcrumb\",\"itemListElement\":[{\"@type\":\"ListItem\",\"position\":1,\"name\":\"Home\",\"item\":\"https:\/\/www.gamingzion.com\/hu\/\"},{\"@type\":\"ListItem\",\"position\":2,\"name\":\"A GamingZionr\u00f3l\"}]},{\"@type\":\"WebSite\",\"@id\":\"https:\/\/www.gamingzion.com\/hu\/#website\",\"url\":\"https:\/\/www.gamingzion.com\/hu\/\",\"name\":\"GamingZion Magyarorsz\u00e1g\",\"description\":\"Online Gambling Directory\",\"publisher\":{\"@id\":\"https:\/\/www.gamingzion.com\/hu\/#organization\"},\"potentialAction\":[{\"@type\":\"SearchAction\",\"target\":{\"@type\":\"EntryPoint\",\"urlTemplate\":\"https:\/\/www.gamingzion.com\/hu\/?s={search_term_string}\"},\"query-input\":{\"@type\":\"PropertyValueSpecification\",\"valueRequired\":true,\"valueName\":\"search_term_string\"}}],\"inLanguage\":\"hu\"},{\"@type\":\"Organization\",\"@id\":\"https:\/\/www.gamingzion.com\/hu\/#organization\",\"name\":\"GamingZion\",\"url\":\"https:\/\/www.gamingzion.com\/hu\/\",\"logo\":{\"@type\":\"ImageObject\",\"inLanguage\":\"hu\",\"@id\":\"https:\/\/www.gamingzion.com\/hu\/#\/schema\/logo\/image\/\",\"url\":\"https:\/\/sgamingzionm.gamblingzion.com\/uploads\/sites\/23\/2021\/07\/gamingzion_logo.png\",\"contentUrl\":\"https:\/\/sgamingzionm.gamblingzion.com\/uploads\/sites\/23\/2021\/07\/gamingzion_logo.png\",\"width\":1237,\"height\":273,\"caption\":\"GamingZion\"},\"image\":{\"@id\":\"https:\/\/www.gamingzion.com\/hu\/#\/schema\/logo\/image\/\"}}]}<\/script>\n<!-- \/ Yoast SEO Premium plugin. -->","yoast_head_json":{"title":"A GamingZionr\u00f3l - GamingZion Magyarorsz\u00e1g","robots":{"index":"index","follow":"follow","max-snippet":"max-snippet:-1","max-image-preview":"max-image-preview:large","max-video-preview":"max-video-preview:-1"},"og_locale":"hu_HU","og_type":"article","og_title":"A GamingZionr\u00f3l","og_description":"A GamingZion egy naprak\u00e9sz online szerencsej\u00e1t\u00e9k gy\u0171jtem\u00e9ny, egy multinacion\u00e1lis weboldal, amelynek c\u00e9lk\u00f6z\u00f6ns\u00e9ge az online szerencsej\u00e1t\u00e9kosok eg\u00e9sz vil\u00e1ga. Az oldal c\u00e9lja, hogy seg\u00edtsen az embereknek a vil\u00e1g minden orsz\u00e1g\u00e1b\u00f3l megb\u00edzhat\u00f3 online szerencsej\u00e1t\u00e9k oldalakat tal\u00e1lni. A GamingZion munkat\u00e1rsai sok \u00e9ves tapasztalattal rendelkeznek az online szerencsej\u00e1t\u00e9k-iparban, mind lelkes szerencsej\u00e1t\u00e9kosk\u00e9nt, mind ipar\u00e1gi alkalmazottk\u00e9nt. Ez a tapasztalat annak meg\u00e9rt\u00e9s\u00e9hez vezetett, [&hellip;]","og_url":"https:\/\/www.gamingzion.com\/hu\/gamingzionrol\/","og_site_name":"GamingZion Magyarorsz\u00e1g","article_modified_time":"2024-04-22T13:47:02+00:00","og_image":[{"url":"https:\/\/sgamingzionm.gamblingzion.com\/uploads\/2017\/04\/about-gamingzion-gambling.png","type":"","width":"","height":""}],"twitter_misc":{"Becs\u00fclt olvas\u00e1si id\u0151":"3 perc"},"schema":{"@context":"https:\/\/schema.org","@graph":[{"@type":"WebPage","@id":"https:\/\/www.gamingzion.com\/hu\/gamingzionrol\/","url":"https:\/\/www.gamingzion.com\/hu\/gamingzionrol\/","name":"A GamingZionr\u00f3l - GamingZion Magyarorsz\u00e1g","isPartOf":{"@id":"https:\/\/www.gamingzion.com\/hu\/#website"},"primaryImageOfPage":{"@id":"https:\/\/www.gamingzion.com\/hu\/gamingzionrol\/#primaryimage"},"image":{"@id":"https:\/\/www.gamingzion.com\/hu\/gamingzionrol\/#primaryimage"},"thumbnailUrl":"https:\/\/sgamingzionm.gamblingzion.com\/uploads\/2017\/04\/about-gamingzion-gambling.png","datePublished":"2022-06-06T11:10:58+00:00","dateModified":"2024-04-22T13:47:02+00:00","breadcrumb":{"@id":"https:\/\/www.gamingzion.com\/hu\/gamingzionrol\/#breadcrumb"},"inLanguage":"hu","potentialAction":[{"@type":"ReadAction","target":["https:\/\/www.gamingzion.com\/hu\/gamingzionrol\/"]}]},{"@type":"ImageObject","inLanguage":"hu","@id":"https:\/\/www.gamingzion.com\/hu\/gamingzionrol\/#primaryimage","url":"https:\/\/sgamingzionm.gamblingzion.com\/uploads\/2017\/04\/about-gamingzion-gambling.png","contentUrl":"https:\/\/sgamingzionm.gamblingzion.com\/uploads\/2017\/04\/about-gamingzion-gambling.png"},{"@type":"BreadcrumbList","@id":"https:\/\/www.gamingzion.com\/hu\/gamingzionrol\/#breadcrumb","itemListElement":[{"@type":"ListItem","position":1,"name":"Home","item":"https:\/\/www.gamingzion.com\/hu\/"},{"@type":"ListItem","position":2,"name":"A GamingZionr\u00f3l"}]},{"@type":"WebSite","@id":"https:\/\/www.gamingzion.com\/hu\/#website","url":"https:\/\/www.gamingzion.com\/hu\/","name":"GamingZion Magyarorsz\u00e1g","description":"Online Gambling Directory","publisher":{"@id":"https:\/\/www.gamingzion.com\/hu\/#organization"},"potentialAction":[{"@type":"SearchAction","target":{"@type":"EntryPoint","urlTemplate":"https:\/\/www.gamingzion.com\/hu\/?s={search_term_string}"},"query-input":{"@type":"PropertyValueSpecification","valueRequired":true,"valueName":"search_term_string"}}],"inLanguage":"hu"},{"@type":"Organization","@id":"https:\/\/www.gamingzion.com\/hu\/#organization","name":"GamingZion","url":"https:\/\/www.gamingzion.com\/hu\/","logo":{"@type":"ImageObject","inLanguage":"hu","@id":"https:\/\/www.gamingzion.com\/hu\/#\/schema\/logo\/image\/","url":"https:\/\/sgamingzionm.gamblingzion.com\/uploads\/sites\/23\/2021\/07\/gamingzion_logo.png","contentUrl":"https:\/\/sgamingzionm.gamblingzion.com\/uploads\/sites\/23\/2021\/07\/gamingzion_logo.png","width":1237,"height":273,"caption":"GamingZion"},"image":{"@id":"https:\/\/www.gamingzion.com\/hu\/#\/schema\/logo\/image\/"}}]}},"_links":{"self":[{"href":"https:\/\/www.gamingzion.com\/hu\/wp-json\/wp\/v2\/pages\/167"}],"collection":[{"href":"https:\/\/www.gamingzion.com\/hu\/wp-json\/wp\/v2\/pages"}],"about":[{"href":"https:\/\/www.gamingzion.com\/hu\/wp-json\/wp\/v2\/types\/page"}],"author":[{"embeddable":true,"href":"https:\/\/www.gamingzion.com\/hu\/wp-json\/wp\/v2\/users\/123"}],"replies":[{"embeddable":true,"href":"https:\/\/www.gamingzion.com\/hu\/wp-json\/wp\/v2\/comments?post=167"}],"version-history":[{"count":14,"href":"https:\/\/www.gamingzion.com\/hu\/wp-json\/wp\/v2\/pages\/167\/revisions"}],"predecessor-version":[{"id":174583,"href":"https:\/\/www.gamingzion.com\/hu\/wp-json\/wp\/v2\/pages\/167\/revisions\/174583"}],"wp:attachment":[{"href":"https:\/\/www.gamingzion.com\/hu\/wp-json\/wp\/v2\/media?parent=167"}],"curies":[{"name":"wp","href":"https:\/\/api.w.org\/{rel}","templated":true}]}}