{"id":170964,"date":"2022-06-23T12:32:26","date_gmt":"2022-06-23T12:32:26","guid":{"rendered":"https:\/\/shenll.in\/gamingzion\/?page_id=170964"},"modified":"2023-03-03T20:43:09","modified_gmt":"2023-03-03T19:43:09","slug":"bingo-sites","status":"publish","type":"page","link":"https:\/\/www.gamingzion.com\/hu\/bingo\/bingo-sites\/","title":{"rendered":"Online Bing\u00f3 Oldalak"},"content":{"rendered":"","protected":false},"excerpt":{"rendered":"","protected":false},"author":123,"featured_media":0,"parent":169785,"menu_order":0,"comment_status":"closed","ping_status":"closed","template":"page-template\/page-bingo-sites.php","meta":{"footnotes":""},"class_list":["post-170964","page","type-page","status-publish","hentry","odd"],"yoast_head":"<!-- This site is optimized with the Yoast SEO Premium plugin v24.0 (Yoast SEO v24.8.1) - https:\/\/yoast.com\/wordpress\/plugins\/seo\/ -->\n<title>Online Bing\u00f3 Oldalak - GamingZion Magyarorsz\u00e1g<\/title>\n<meta name=\"robots\" content=\"index, follow, max-snippet:-1, max-image-preview:large, max-video-preview:-1\" \/>\n<meta property=\"og:locale\" content=\"hu_HU\" \/>\n<meta property=\"og:type\" content=\"article\" \/>\n<meta property=\"og:title\" content=\"Online Bing\u00f3 Oldalak\" \/>\n<meta property=\"og:description\" content=\"A Magyarorsz\u00e1gon is el\u00e9rhet\u0151 online bing\u00f3 oldalak gy\u0171jtem\u00e9nye. J\u00e1tsz \u00e9s nyerj val\u00f3s \u00e9lm\u00e9nyeket \u00e9s p\u00e9nzd\u00edjaket a befizet\u0151s bing\u00f3 keretein bel\u00fcl.\" \/>\n<meta property=\"og:url\" content=\"https:\/\/www.gamingzion.com\/hu\/bingo\/bingo-sites\/\" \/>\n<meta property=\"og:site_name\" content=\"GamingZion Magyarorsz\u00e1g\" \/>\n<meta property=\"article:modified_time\" content=\"2023-03-03T19:43:09+00:00\" \/>\n<script type=\"application\/ld+json\" class=\"yoast-schema-graph\">{\"@context\":\"https:\/\/schema.org\",\"@graph\":[{\"@type\":\"WebPage\",\"@id\":\"https:\/\/www.gamingzion.com\/hu\/bingo\/bingo-sites\/\",\"url\":\"https:\/\/www.gamingzion.com\/hu\/bingo\/bingo-sites\/\",\"name\":\"Online Bing\u00f3 Oldalak - GamingZion Magyarorsz\u00e1g\",\"isPartOf\":{\"@id\":\"https:\/\/www.gamingzion.com\/hu\/#website\"},\"datePublished\":\"2022-06-23T12:32:26+00:00\",\"dateModified\":\"2023-03-03T19:43:09+00:00\",\"description\":\"A Magyarorsz\u00e1gon is el\u00e9rhet\u0151 online bing\u00f3 oldalak gy\u0171jtem\u00e9nye. J\u00e1tsz \u00e9s nyerj val\u00f3s \u00e9lm\u00e9nyeket \u00e9s p\u00e9nzd\u00edjaket a befizet\u0151s bing\u00f3 keretein bel\u00fcl.\",\"breadcrumb\":{\"@id\":\"https:\/\/www.gamingzion.com\/hu\/bingo\/bingo-sites\/#breadcrumb\"},\"inLanguage\":\"hu\",\"potentialAction\":[{\"@type\":\"ReadAction\",\"target\":[\"https:\/\/www.gamingzion.com\/hu\/bingo\/bingo-sites\/\"]}]},{\"@type\":\"BreadcrumbList\",\"@id\":\"https:\/\/www.gamingzion.com\/hu\/bingo\/bingo-sites\/#breadcrumb\",\"itemListElement\":[{\"@type\":\"ListItem\",\"position\":1,\"name\":\"Home\",\"item\":\"https:\/\/www.gamingzion.com\/hu\/\"},{\"@type\":\"ListItem\",\"position\":2,\"name\":\"Bingo\",\"item\":\"https:\/\/www.gamingzion.com\/hu\/bingo\/\"},{\"@type\":\"ListItem\",\"position\":3,\"name\":\"Online Bing\u00f3 Oldalak\"}]},{\"@type\":\"WebSite\",\"@id\":\"https:\/\/www.gamingzion.com\/hu\/#website\",\"url\":\"https:\/\/www.gamingzion.com\/hu\/\",\"name\":\"GamingZion Magyarorsz\u00e1g\",\"description\":\"Online Gambling Directory\",\"publisher\":{\"@id\":\"https:\/\/www.gamingzion.com\/hu\/#organization\"},\"potentialAction\":[{\"@type\":\"SearchAction\",\"target\":{\"@type\":\"EntryPoint\",\"urlTemplate\":\"https:\/\/www.gamingzion.com\/hu\/?s={search_term_string}\"},\"query-input\":{\"@type\":\"PropertyValueSpecification\",\"valueRequired\":true,\"valueName\":\"search_term_string\"}}],\"inLanguage\":\"hu\"},{\"@type\":\"Organization\",\"@id\":\"https:\/\/www.gamingzion.com\/hu\/#organization\",\"name\":\"GamingZion\",\"url\":\"https:\/\/www.gamingzion.com\/hu\/\",\"logo\":{\"@type\":\"ImageObject\",\"inLanguage\":\"hu\",\"@id\":\"https:\/\/www.gamingzion.com\/hu\/#\/schema\/logo\/image\/\",\"url\":\"https:\/\/sgamingzionm.gamblingzion.com\/uploads\/sites\/23\/2021\/07\/gamingzion_logo.png\",\"contentUrl\":\"https:\/\/sgamingzionm.gamblingzion.com\/uploads\/sites\/23\/2021\/07\/gamingzion_logo.png\",\"width\":1237,\"height\":273,\"caption\":\"GamingZion\"},\"image\":{\"@id\":\"https:\/\/www.gamingzion.com\/hu\/#\/schema\/logo\/image\/\"}}]}<\/script>\n<!-- \/ Yoast SEO Premium plugin. -->","yoast_head_json":{"title":"Online Bing\u00f3 Oldalak - GamingZion Magyarorsz\u00e1g","robots":{"index":"index","follow":"follow","max-snippet":"max-snippet:-1","max-image-preview":"max-image-preview:large","max-video-preview":"max-video-preview:-1"},"og_locale":"hu_HU","og_type":"article","og_title":"Online Bing\u00f3 Oldalak","og_description":"A Magyarorsz\u00e1gon is el\u00e9rhet\u0151 online bing\u00f3 oldalak gy\u0171jtem\u00e9nye. J\u00e1tsz \u00e9s nyerj val\u00f3s \u00e9lm\u00e9nyeket \u00e9s p\u00e9nzd\u00edjaket a befizet\u0151s bing\u00f3 keretein bel\u00fcl.","og_url":"https:\/\/www.gamingzion.com\/hu\/bingo\/bingo-sites\/","og_site_name":"GamingZion Magyarorsz\u00e1g","article_modified_time":"2023-03-03T19:43:09+00:00","schema":{"@context":"https:\/\/schema.org","@graph":[{"@type":"WebPage","@id":"https:\/\/www.gamingzion.com\/hu\/bingo\/bingo-sites\/","url":"https:\/\/www.gamingzion.com\/hu\/bingo\/bingo-sites\/","name":"Online Bing\u00f3 Oldalak - GamingZion Magyarorsz\u00e1g","isPartOf":{"@id":"https:\/\/www.gamingzion.com\/hu\/#website"},"datePublished":"2022-06-23T12:32:26+00:00","dateModified":"2023-03-03T19:43:09+00:00","description":"A Magyarorsz\u00e1gon is el\u00e9rhet\u0151 online bing\u00f3 oldalak gy\u0171jtem\u00e9nye. J\u00e1tsz \u00e9s nyerj val\u00f3s \u00e9lm\u00e9nyeket \u00e9s p\u00e9nzd\u00edjaket a befizet\u0151s bing\u00f3 keretein bel\u00fcl.","breadcrumb":{"@id":"https:\/\/www.gamingzion.com\/hu\/bingo\/bingo-sites\/#breadcrumb"},"inLanguage":"hu","potentialAction":[{"@type":"ReadAction","target":["https:\/\/www.gamingzion.com\/hu\/bingo\/bingo-sites\/"]}]},{"@type":"BreadcrumbList","@id":"https:\/\/www.gamingzion.com\/hu\/bingo\/bingo-sites\/#breadcrumb","itemListElement":[{"@type":"ListItem","position":1,"name":"Home","item":"https:\/\/www.gamingzion.com\/hu\/"},{"@type":"ListItem","position":2,"name":"Bingo","item":"https:\/\/www.gamingzion.com\/hu\/bingo\/"},{"@type":"ListItem","position":3,"name":"Online Bing\u00f3 Oldalak"}]},{"@type":"WebSite","@id":"https:\/\/www.gamingzion.com\/hu\/#website","url":"https:\/\/www.gamingzion.com\/hu\/","name":"GamingZion Magyarorsz\u00e1g","description":"Online Gambling Directory","publisher":{"@id":"https:\/\/www.gamingzion.com\/hu\/#organization"},"potentialAction":[{"@type":"SearchAction","target":{"@type":"EntryPoint","urlTemplate":"https:\/\/www.gamingzion.com\/hu\/?s={search_term_string}"},"query-input":{"@type":"PropertyValueSpecification","valueRequired":true,"valueName":"search_term_string"}}],"inLanguage":"hu"},{"@type":"Organization","@id":"https:\/\/www.gamingzion.com\/hu\/#organization","name":"GamingZion","url":"https:\/\/www.gamingzion.com\/hu\/","logo":{"@type":"ImageObject","inLanguage":"hu","@id":"https:\/\/www.gamingzion.com\/hu\/#\/schema\/logo\/image\/","url":"https:\/\/sgamingzionm.gamblingzion.com\/uploads\/sites\/23\/2021\/07\/gamingzion_logo.png","contentUrl":"https:\/\/sgamingzionm.gamblingzion.com\/uploads\/sites\/23\/2021\/07\/gamingzion_logo.png","width":1237,"height":273,"caption":"GamingZion"},"image":{"@id":"https:\/\/www.gamingzion.com\/hu\/#\/schema\/logo\/image\/"}}]}},"_links":{"self":[{"href":"https:\/\/www.gamingzion.com\/hu\/wp-json\/wp\/v2\/pages\/170964"}],"collection":[{"href":"https:\/\/www.gamingzion.com\/hu\/wp-json\/wp\/v2\/pages"}],"about":[{"href":"https:\/\/www.gamingzion.com\/hu\/wp-json\/wp\/v2\/types\/page"}],"author":[{"embeddable":true,"href":"https:\/\/www.gamingzion.com\/hu\/wp-json\/wp\/v2\/users\/123"}],"replies":[{"embeddable":true,"href":"https:\/\/www.gamingzion.com\/hu\/wp-json\/wp\/v2\/comments?post=170964"}],"version-history":[{"count":3,"href":"https:\/\/www.gamingzion.com\/hu\/wp-json\/wp\/v2\/pages\/170964\/revisions"}],"predecessor-version":[{"id":173796,"href":"https:\/\/www.gamingzion.com\/hu\/wp-json\/wp\/v2\/pages\/170964\/revisions\/173796"}],"up":[{"embeddable":true,"href":"https:\/\/www.gamingzion.com\/hu\/wp-json\/wp\/v2\/pages\/169785"}],"wp:attachment":[{"href":"https:\/\/www.gamingzion.com\/hu\/wp-json\/wp\/v2\/media?parent=170964"}],"curies":[{"name":"wp","href":"https:\/\/api.w.org\/{rel}","templated":true}]}}