{"id":173293,"date":"2022-06-08T10:52:54","date_gmt":"2022-06-08T10:52:54","guid":{"rendered":"https:\/\/shenll.in\/gamingzion\/?page_id=168333"},"modified":"2024-04-24T17:38:22","modified_gmt":"2024-04-24T16:38:22","slug":"kuldetes","status":"publish","type":"page","link":"https:\/\/www.gamingzion.com\/hu\/kuldetes\/","title":{"rendered":"K\u00fcldet\u00e9s\u00fcnk"},"content":{"rendered":"<p style=\"text-align: justify\"><strong>A GamingZion c\u00e9lja, hogy a legfrissebb \u00e9s legaktu\u00e1lisabb h\u00edreket hozzuk neked az online szerencsej\u00e1t\u00e9k vil\u00e1g\u00e1r\u00f3l a leg\u00fajabb j\u00e1t\u00e9kokt\u00f3l a legjobb strat\u00e9gi\u00e1kig. Legyen sz\u00f3 ak\u00e1r a p\u00e1ly\u00e1r\u00f3l vagy csak a legjobb online fogad\u00f3irod\u00e1kr\u00f3l, n\u00e1lunk mindent megtal\u00e1lsz, amire sz\u00fcks\u00e9ged van a biztons\u00e1gos \u00e9s \u00e9sszer\u0171 online szerencsej\u00e1t\u00e9khoz.<\/strong><\/p>\n<p style=\"text-align: justify\">A GamingZion elk\u00f6telezett amellett, hogy vil\u00e1gos, t\u00f6m\u00f6r, min\u0151s\u00e9gi inform\u00e1ci\u00f3kat ny\u00fajtson az online \u00e9s offline szerencsej\u00e1t\u00e9k-lehet\u0151s\u00e9gek teljes spektrum\u00e1r\u00f3l.<\/p>\n<p style=\"text-align: justify\">Az oldalunkon megjelent cikkek mindegyike hozz\u00e1sz\u00f3l\u00f3ink folyamatos er\u0151fesz\u00edt\u00e9s\u00e9nek eredm\u00e9nye, hogy a v\u00e9lem\u00e9nyek \u00e9s n\u00e9zetek teljes sk\u00e1l\u00e1j\u00e1t bemutass\u00e1k, hogy<br \/>\n <em><strong>olvas\u00f3inkat naprak\u00e9szen tarts\u00e1k<\/strong><\/em>.<\/p>\n<blockquote>\n<p style=\"font-size: 150%\"><i>A legfrissebb h\u00edrek az online szerencsej\u00e1t\u00e9kok \u00e9lvonal\u00e1b\u00f3l<\/i><\/p>\n<\/blockquote>\n<p style=\"text-align: justify\">Arra t\u00f6reksz\u00fcnk, hogy a GamingZion a glob\u00e1lis szerencsej\u00e1t\u00e9k-t\u00f6rv\u00e9nyek legfontosabb t\u00e1rh\u00e1za legyen, amely nemzetenk\u00e9nt mutatja be a <em><strong>szerencsej\u00e1t\u00e9k t\u00f6rv\u00e9nyek<\/strong> <\/em> \u00e1tfog\u00f3 \u00f6sszefoglal\u00e1s\u00e1t.<\/p>\n<p style=\"text-align: justify\">A GamingZion-n\u00e1l folyamatosan keres\u00fcnk <em><strong>\u00faj j\u00e1t\u00e9kokat \u00e9s strat\u00e9gi\u00e1kat<\/strong><\/em>, \u00faj weboldalakat \u00e9s r\u00e9gi\u00f3kat ahol legaliz\u00e1lt\u00e1k a szerencsej\u00e1t\u00e9kokat. Bemutatjuk az online szerencsej\u00e1t\u00e9kok legfrissebb h\u00edreit is.<\/p>\n<h2 style=\"font-size: 120%\">F\u00dcGGETLENS\u00c9G\u00dcNK GARANT\u00c1LT<\/h2>\n<p style=\"text-align: justify\">A GamingZion egy f\u00fcggetlen weboldal az informat\u00edv sz\u00f3rakoztat\u00e1snak. <em><strong>A GamingZion nem rendelkezik szerencsej\u00e1t\u00e9k-enged\u00e9llyel<\/strong><\/em> \u00e9s nincs olyan entit\u00e1sa, amely rendelkezik ezzel.<\/p>\n<h2 style=\"font-size: 120%\">MEGJELN\u00cdT\u00c9SI ALAPELVEK<\/h2>\n<p style=\"text-align: justify\">Az \u00f6sszes cikk, megjegyz\u00e9s \u00e9s h\u00edr tartalm\u00e1t kiz\u00e1r\u00f3lag a GamingZion szerkeszt\u0151s\u00e9ge v\u00e1lasztja ki szem\u00e9lyesen<br \/>\n <em><strong>olvas\u00f3ink t\u00e1j\u00e9koztat\u00e1sa \u00e9s sz\u00f3rakoztat\u00e1sa \u00e9rdek\u00e9ben<\/strong><\/em>.<\/p>\n<p style=\"text-align: justify\">K\u00f6zrem\u0171k\u00f6d\u0151ink nem fogadnak el semmilyen jelent\u0151s \u00e9rt\u00e9k\u0171 kompenz\u00e1ci\u00f3t vagy aj\u00e1nd\u00e9kot a megjelen\u00edtett szolg\u00e1ltat\u00f3kt\u00f3l vagy webhelyekt\u0151l, \u00e9s semmilyen kereskedelmi m\u00f3don nem r\u00e9szes\u00fclhetnek p\u00e9nz\u00fcgyi haszonban ezekt\u0151l az elad\u00f3kt\u00f3l, szolg\u00e1ltat\u00f3kt\u00f3l vagy webhelyekt\u0151l.<\/p>\n","protected":false},"excerpt":{"rendered":"<p>A GamingZion c\u00e9lja, hogy a legfrissebb \u00e9s legaktu\u00e1lisabb h\u00edreket hozzuk neked az online szerencsej\u00e1t\u00e9k vil\u00e1g\u00e1r\u00f3l a leg\u00fajabb j\u00e1t\u00e9kokt\u00f3l a legjobb strat\u00e9gi\u00e1kig. Legyen sz\u00f3 ak\u00e1r a p\u00e1ly\u00e1r\u00f3l vagy csak a legjobb online fogad\u00f3irod\u00e1kr\u00f3l, n\u00e1lunk mindent megtal\u00e1lsz, amire sz\u00fcks\u00e9ged van a biztons\u00e1gos \u00e9s \u00e9sszer\u0171 online szerencsej\u00e1t\u00e9khoz. A GamingZion elk\u00f6telezett amellett, hogy vil\u00e1gos, t\u00f6m\u00f6r, min\u0151s\u00e9gi inform\u00e1ci\u00f3kat ny\u00fajtson az [&hellip;]<\/p>\n","protected":false},"author":123,"featured_media":0,"parent":0,"menu_order":0,"comment_status":"closed","ping_status":"closed","template":"page-template\/page-in-footer-menu.php","meta":{"footnotes":""},"class_list":["post-173293","page","type-page","status-publish","hentry","odd"],"yoast_head":"<!-- This site is optimized with the Yoast SEO Premium plugin v24.0 (Yoast SEO v24.8.1) - https:\/\/yoast.com\/wordpress\/plugins\/seo\/ -->\n<title>K\u00fcldet\u00e9s\u00fcnk - GamingZion Magyarorsz\u00e1g<\/title>\n<meta name=\"robots\" content=\"index, follow, max-snippet:-1, max-image-preview:large, max-video-preview:-1\" \/>\n<meta property=\"og:locale\" content=\"hu_HU\" \/>\n<meta property=\"og:type\" content=\"article\" \/>\n<meta property=\"og:title\" content=\"K\u00fcldet\u00e9s\u00fcnk\" \/>\n<meta property=\"og:description\" content=\"A GamingZion c\u00e9lja, hogy a legfrissebb \u00e9s legaktu\u00e1lisabb h\u00edreket hozzuk neked az online szerencsej\u00e1t\u00e9k vil\u00e1g\u00e1r\u00f3l a leg\u00fajabb j\u00e1t\u00e9kokt\u00f3l a legjobb strat\u00e9gi\u00e1kig. Legyen sz\u00f3 ak\u00e1r a p\u00e1ly\u00e1r\u00f3l vagy csak a legjobb online fogad\u00f3irod\u00e1kr\u00f3l, n\u00e1lunk mindent megtal\u00e1lsz, amire sz\u00fcks\u00e9ged van a biztons\u00e1gos \u00e9s \u00e9sszer\u0171 online szerencsej\u00e1t\u00e9khoz. A GamingZion elk\u00f6telezett amellett, hogy vil\u00e1gos, t\u00f6m\u00f6r, min\u0151s\u00e9gi inform\u00e1ci\u00f3kat ny\u00fajtson az [&hellip;]\" \/>\n<meta property=\"og:url\" content=\"https:\/\/www.gamingzion.com\/hu\/kuldetes\/\" \/>\n<meta property=\"og:site_name\" content=\"GamingZion Magyarorsz\u00e1g\" \/>\n<meta property=\"article:modified_time\" content=\"2024-04-24T16:38:22+00:00\" \/>\n<meta name=\"twitter:label1\" content=\"Becs\u00fclt olvas\u00e1si id\u0151\" \/>\n\t<meta name=\"twitter:data1\" content=\"2 perc\" \/>\n<script type=\"application\/ld+json\" class=\"yoast-schema-graph\">{\"@context\":\"https:\/\/schema.org\",\"@graph\":[{\"@type\":\"WebPage\",\"@id\":\"https:\/\/www.gamingzion.com\/hu\/kuldetes\/\",\"url\":\"https:\/\/www.gamingzion.com\/hu\/kuldetes\/\",\"name\":\"K\u00fcldet\u00e9s\u00fcnk - GamingZion Magyarorsz\u00e1g\",\"isPartOf\":{\"@id\":\"https:\/\/www.gamingzion.com\/hu\/#website\"},\"datePublished\":\"2022-06-08T10:52:54+00:00\",\"dateModified\":\"2024-04-24T16:38:22+00:00\",\"breadcrumb\":{\"@id\":\"https:\/\/www.gamingzion.com\/hu\/kuldetes\/#breadcrumb\"},\"inLanguage\":\"hu\",\"potentialAction\":[{\"@type\":\"ReadAction\",\"target\":[\"https:\/\/www.gamingzion.com\/hu\/kuldetes\/\"]}]},{\"@type\":\"BreadcrumbList\",\"@id\":\"https:\/\/www.gamingzion.com\/hu\/kuldetes\/#breadcrumb\",\"itemListElement\":[{\"@type\":\"ListItem\",\"position\":1,\"name\":\"Home\",\"item\":\"https:\/\/www.gamingzion.com\/hu\/\"},{\"@type\":\"ListItem\",\"position\":2,\"name\":\"K\u00fcldet\u00e9s\u00fcnk\"}]},{\"@type\":\"WebSite\",\"@id\":\"https:\/\/www.gamingzion.com\/hu\/#website\",\"url\":\"https:\/\/www.gamingzion.com\/hu\/\",\"name\":\"GamingZion Magyarorsz\u00e1g\",\"description\":\"Online Gambling Directory\",\"publisher\":{\"@id\":\"https:\/\/www.gamingzion.com\/hu\/#organization\"},\"potentialAction\":[{\"@type\":\"SearchAction\",\"target\":{\"@type\":\"EntryPoint\",\"urlTemplate\":\"https:\/\/www.gamingzion.com\/hu\/?s={search_term_string}\"},\"query-input\":{\"@type\":\"PropertyValueSpecification\",\"valueRequired\":true,\"valueName\":\"search_term_string\"}}],\"inLanguage\":\"hu\"},{\"@type\":\"Organization\",\"@id\":\"https:\/\/www.gamingzion.com\/hu\/#organization\",\"name\":\"GamingZion\",\"url\":\"https:\/\/www.gamingzion.com\/hu\/\",\"logo\":{\"@type\":\"ImageObject\",\"inLanguage\":\"hu\",\"@id\":\"https:\/\/www.gamingzion.com\/hu\/#\/schema\/logo\/image\/\",\"url\":\"https:\/\/sgamingzionm.gamblingzion.com\/uploads\/sites\/23\/2021\/07\/gamingzion_logo.png\",\"contentUrl\":\"https:\/\/sgamingzionm.gamblingzion.com\/uploads\/sites\/23\/2021\/07\/gamingzion_logo.png\",\"width\":1237,\"height\":273,\"caption\":\"GamingZion\"},\"image\":{\"@id\":\"https:\/\/www.gamingzion.com\/hu\/#\/schema\/logo\/image\/\"}}]}<\/script>\n<!-- \/ Yoast SEO Premium plugin. -->","yoast_head_json":{"title":"K\u00fcldet\u00e9s\u00fcnk - GamingZion Magyarorsz\u00e1g","robots":{"index":"index","follow":"follow","max-snippet":"max-snippet:-1","max-image-preview":"max-image-preview:large","max-video-preview":"max-video-preview:-1"},"og_locale":"hu_HU","og_type":"article","og_title":"K\u00fcldet\u00e9s\u00fcnk","og_description":"A GamingZion c\u00e9lja, hogy a legfrissebb \u00e9s legaktu\u00e1lisabb h\u00edreket hozzuk neked az online szerencsej\u00e1t\u00e9k vil\u00e1g\u00e1r\u00f3l a leg\u00fajabb j\u00e1t\u00e9kokt\u00f3l a legjobb strat\u00e9gi\u00e1kig. Legyen sz\u00f3 ak\u00e1r a p\u00e1ly\u00e1r\u00f3l vagy csak a legjobb online fogad\u00f3irod\u00e1kr\u00f3l, n\u00e1lunk mindent megtal\u00e1lsz, amire sz\u00fcks\u00e9ged van a biztons\u00e1gos \u00e9s \u00e9sszer\u0171 online szerencsej\u00e1t\u00e9khoz. A GamingZion elk\u00f6telezett amellett, hogy vil\u00e1gos, t\u00f6m\u00f6r, min\u0151s\u00e9gi inform\u00e1ci\u00f3kat ny\u00fajtson az [&hellip;]","og_url":"https:\/\/www.gamingzion.com\/hu\/kuldetes\/","og_site_name":"GamingZion Magyarorsz\u00e1g","article_modified_time":"2024-04-24T16:38:22+00:00","twitter_misc":{"Becs\u00fclt olvas\u00e1si id\u0151":"2 perc"},"schema":{"@context":"https:\/\/schema.org","@graph":[{"@type":"WebPage","@id":"https:\/\/www.gamingzion.com\/hu\/kuldetes\/","url":"https:\/\/www.gamingzion.com\/hu\/kuldetes\/","name":"K\u00fcldet\u00e9s\u00fcnk - GamingZion Magyarorsz\u00e1g","isPartOf":{"@id":"https:\/\/www.gamingzion.com\/hu\/#website"},"datePublished":"2022-06-08T10:52:54+00:00","dateModified":"2024-04-24T16:38:22+00:00","breadcrumb":{"@id":"https:\/\/www.gamingzion.com\/hu\/kuldetes\/#breadcrumb"},"inLanguage":"hu","potentialAction":[{"@type":"ReadAction","target":["https:\/\/www.gamingzion.com\/hu\/kuldetes\/"]}]},{"@type":"BreadcrumbList","@id":"https:\/\/www.gamingzion.com\/hu\/kuldetes\/#breadcrumb","itemListElement":[{"@type":"ListItem","position":1,"name":"Home","item":"https:\/\/www.gamingzion.com\/hu\/"},{"@type":"ListItem","position":2,"name":"K\u00fcldet\u00e9s\u00fcnk"}]},{"@type":"WebSite","@id":"https:\/\/www.gamingzion.com\/hu\/#website","url":"https:\/\/www.gamingzion.com\/hu\/","name":"GamingZion Magyarorsz\u00e1g","description":"Online Gambling Directory","publisher":{"@id":"https:\/\/www.gamingzion.com\/hu\/#organization"},"potentialAction":[{"@type":"SearchAction","target":{"@type":"EntryPoint","urlTemplate":"https:\/\/www.gamingzion.com\/hu\/?s={search_term_string}"},"query-input":{"@type":"PropertyValueSpecification","valueRequired":true,"valueName":"search_term_string"}}],"inLanguage":"hu"},{"@type":"Organization","@id":"https:\/\/www.gamingzion.com\/hu\/#organization","name":"GamingZion","url":"https:\/\/www.gamingzion.com\/hu\/","logo":{"@type":"ImageObject","inLanguage":"hu","@id":"https:\/\/www.gamingzion.com\/hu\/#\/schema\/logo\/image\/","url":"https:\/\/sgamingzionm.gamblingzion.com\/uploads\/sites\/23\/2021\/07\/gamingzion_logo.png","contentUrl":"https:\/\/sgamingzionm.gamblingzion.com\/uploads\/sites\/23\/2021\/07\/gamingzion_logo.png","width":1237,"height":273,"caption":"GamingZion"},"image":{"@id":"https:\/\/www.gamingzion.com\/hu\/#\/schema\/logo\/image\/"}}]}},"_links":{"self":[{"href":"https:\/\/www.gamingzion.com\/hu\/wp-json\/wp\/v2\/pages\/173293"}],"collection":[{"href":"https:\/\/www.gamingzion.com\/hu\/wp-json\/wp\/v2\/pages"}],"about":[{"href":"https:\/\/www.gamingzion.com\/hu\/wp-json\/wp\/v2\/types\/page"}],"author":[{"embeddable":true,"href":"https:\/\/www.gamingzion.com\/hu\/wp-json\/wp\/v2\/users\/123"}],"replies":[{"embeddable":true,"href":"https:\/\/www.gamingzion.com\/hu\/wp-json\/wp\/v2\/comments?post=173293"}],"version-history":[{"count":7,"href":"https:\/\/www.gamingzion.com\/hu\/wp-json\/wp\/v2\/pages\/173293\/revisions"}],"predecessor-version":[{"id":174522,"href":"https:\/\/www.gamingzion.com\/hu\/wp-json\/wp\/v2\/pages\/173293\/revisions\/174522"}],"wp:attachment":[{"href":"https:\/\/www.gamingzion.com\/hu\/wp-json\/wp\/v2\/media?parent=173293"}],"curies":[{"name":"wp","href":"https:\/\/api.w.org\/{rel}","templated":true}]}}