{"id":173294,"date":"2022-06-08T11:06:01","date_gmt":"2022-06-08T11:06:01","guid":{"rendered":"https:\/\/shenll.in\/gamingzion\/?page_id=168335"},"modified":"2024-05-02T10:05:25","modified_gmt":"2024-05-02T09:05:25","slug":"suti-kezeles","status":"publish","type":"page","link":"https:\/\/www.gamingzion.com\/hu\/suti-kezeles\/","title":{"rendered":"S\u00fcti Kezel\u00e9s"},"content":{"rendered":"<section style=\"text-align: justify\">A GamingZion sz\u00e9les k\u00f6rben haszn\u00e1l s\u00fctiket (cookie-kat), \u00e9s ha \u00d6n elfogadja\u00a0a <a href=\"\/hu\/altalanos-szerzodesi-feltetelek\/\"><strong>felhaszn\u00e1l\u00e1si felt\u00e9teleket<\/strong><\/a>, elfogadja, hogy a GamingZion.com \u00e1ltal megfelel\u0151nek \u00edt\u00e9lt cookie-kat l\u00e9trehozhatunk \u00e9s haszn\u00e1lhatunk, bele\u00e9rtve, de nem kiz\u00e1r\u00f3lagosan, a webhely teljes\u00edtm\u00e9ny\u00e9hez sz\u00fcks\u00e9ges s\u00fctiket, a f\u00f6ldrajzi c\u00e9lz\u00e1si s\u00fctiket, a hirdet\u00e9si s\u00fctiket, a n\u00e9vtelen regisztr\u00e1ci\u00f3s s\u00fctiket, analitikai s\u00fctiket \u00e9s minden olyan harmadik f\u00e9lt\u0151l sz\u00e1rmaz\u00f3 hirdet\u00e9si s\u00fctit, amelyre sz\u00fcks\u00e9g van. A b\u00f6ng\u00e9sz\u0151 be\u00e1ll\u00edt\u00e1saival b\u00e1rmikor kikapcsolhatja ezeknek a s\u00fctiknek a gy\u0171jt\u00e9s\u00e9t \u00e9s elemz\u00e9s\u00e9t.<\/section>\n<section><\/section>\n<section style=\"text-align: justify\">Ha b\u00e1rmilyen k\u00e9rd\u00e9se van a s\u00fctik haszn\u00e1lat\u00e1val kapcsolatban, k\u00e9rj\u00fck l\u00e9pjen kapcsolatba vel\u00fcnk <a href=\"mailto:admin@gamingzion.com\" target=\"_blank\" rel=\"nofollow noopener noreferrer\">admin@gamingzion.com<\/a>. A s\u00fctikr\u0151l tov\u00e1bbi \u00e1ltal\u00e1nos inform\u00e1ci\u00f3kat itt tal\u00e1l:\u00a0<a href=\"http:\/\/www.allaboutcookies.org\/\" target=\"_blank\" rel=\"nofollow noopener noreferrer\">http:\/\/www.allaboutcookies.org<\/a><\/section>\n","protected":false},"excerpt":{"rendered":"<p>A GamingZion sz\u00e9les k\u00f6rben haszn\u00e1l s\u00fctiket (cookie-kat), \u00e9s ha \u00d6n elfogadja\u00a0a felhaszn\u00e1l\u00e1si felt\u00e9teleket, elfogadja, hogy a GamingZion.com \u00e1ltal megfelel\u0151nek \u00edt\u00e9lt cookie-kat l\u00e9trehozhatunk \u00e9s haszn\u00e1lhatunk, bele\u00e9rtve, de nem kiz\u00e1r\u00f3lagosan, a webhely teljes\u00edtm\u00e9ny\u00e9hez sz\u00fcks\u00e9ges s\u00fctiket, a f\u00f6ldrajzi c\u00e9lz\u00e1si s\u00fctiket, a hirdet\u00e9si s\u00fctiket, a n\u00e9vtelen regisztr\u00e1ci\u00f3s s\u00fctiket, analitikai s\u00fctiket \u00e9s minden olyan harmadik f\u00e9lt\u0151l sz\u00e1rmaz\u00f3 hirdet\u00e9si s\u00fctit, amelyre [&hellip;]<\/p>\n","protected":false},"author":123,"featured_media":0,"parent":0,"menu_order":0,"comment_status":"closed","ping_status":"closed","template":"page-template\/page-in-footer-menu.php","meta":{"footnotes":""},"class_list":["post-173294","page","type-page","status-publish","hentry","odd"],"yoast_head":"<!-- This site is optimized with the Yoast SEO Premium plugin v24.0 (Yoast SEO v24.8.1) - https:\/\/yoast.com\/wordpress\/plugins\/seo\/ -->\n<title>S\u00fcti Kezel\u00e9s - GamingZion Magyarorsz\u00e1g<\/title>\n<meta name=\"robots\" content=\"index, follow, max-snippet:-1, max-image-preview:large, max-video-preview:-1\" \/>\n<meta property=\"og:locale\" content=\"hu_HU\" \/>\n<meta property=\"og:type\" content=\"article\" \/>\n<meta property=\"og:title\" content=\"S\u00fcti Kezel\u00e9s\" \/>\n<meta property=\"og:description\" content=\"A GamingZion sz\u00e9les k\u00f6rben haszn\u00e1l s\u00fctiket (cookie-kat), \u00e9s ha \u00d6n elfogadja\u00a0a felhaszn\u00e1l\u00e1si felt\u00e9teleket, elfogadja, hogy a GamingZion.com \u00e1ltal megfelel\u0151nek \u00edt\u00e9lt cookie-kat l\u00e9trehozhatunk \u00e9s haszn\u00e1lhatunk, bele\u00e9rtve, de nem kiz\u00e1r\u00f3lagosan, a webhely teljes\u00edtm\u00e9ny\u00e9hez sz\u00fcks\u00e9ges s\u00fctiket, a f\u00f6ldrajzi c\u00e9lz\u00e1si s\u00fctiket, a hirdet\u00e9si s\u00fctiket, a n\u00e9vtelen regisztr\u00e1ci\u00f3s s\u00fctiket, analitikai s\u00fctiket \u00e9s minden olyan harmadik f\u00e9lt\u0151l sz\u00e1rmaz\u00f3 hirdet\u00e9si s\u00fctit, amelyre [&hellip;]\" \/>\n<meta property=\"og:url\" content=\"https:\/\/www.gamingzion.com\/hu\/suti-kezeles\/\" \/>\n<meta property=\"og:site_name\" content=\"GamingZion Magyarorsz\u00e1g\" \/>\n<meta property=\"article:modified_time\" content=\"2024-05-02T09:05:25+00:00\" \/>\n<meta name=\"twitter:label1\" content=\"Becs\u00fclt olvas\u00e1si id\u0151\" \/>\n\t<meta name=\"twitter:data1\" content=\"1 perc\" \/>\n<script type=\"application\/ld+json\" class=\"yoast-schema-graph\">{\"@context\":\"https:\/\/schema.org\",\"@graph\":[{\"@type\":\"WebPage\",\"@id\":\"https:\/\/www.gamingzion.com\/hu\/suti-kezeles\/\",\"url\":\"https:\/\/www.gamingzion.com\/hu\/suti-kezeles\/\",\"name\":\"S\u00fcti Kezel\u00e9s - GamingZion Magyarorsz\u00e1g\",\"isPartOf\":{\"@id\":\"https:\/\/www.gamingzion.com\/hu\/#website\"},\"datePublished\":\"2022-06-08T11:06:01+00:00\",\"dateModified\":\"2024-05-02T09:05:25+00:00\",\"breadcrumb\":{\"@id\":\"https:\/\/www.gamingzion.com\/hu\/suti-kezeles\/#breadcrumb\"},\"inLanguage\":\"hu\",\"potentialAction\":[{\"@type\":\"ReadAction\",\"target\":[\"https:\/\/www.gamingzion.com\/hu\/suti-kezeles\/\"]}]},{\"@type\":\"BreadcrumbList\",\"@id\":\"https:\/\/www.gamingzion.com\/hu\/suti-kezeles\/#breadcrumb\",\"itemListElement\":[{\"@type\":\"ListItem\",\"position\":1,\"name\":\"Home\",\"item\":\"https:\/\/www.gamingzion.com\/hu\/\"},{\"@type\":\"ListItem\",\"position\":2,\"name\":\"S\u00fcti Kezel\u00e9s\"}]},{\"@type\":\"WebSite\",\"@id\":\"https:\/\/www.gamingzion.com\/hu\/#website\",\"url\":\"https:\/\/www.gamingzion.com\/hu\/\",\"name\":\"GamingZion Magyarorsz\u00e1g\",\"description\":\"Online Gambling Directory\",\"publisher\":{\"@id\":\"https:\/\/www.gamingzion.com\/hu\/#organization\"},\"potentialAction\":[{\"@type\":\"SearchAction\",\"target\":{\"@type\":\"EntryPoint\",\"urlTemplate\":\"https:\/\/www.gamingzion.com\/hu\/?s={search_term_string}\"},\"query-input\":{\"@type\":\"PropertyValueSpecification\",\"valueRequired\":true,\"valueName\":\"search_term_string\"}}],\"inLanguage\":\"hu\"},{\"@type\":\"Organization\",\"@id\":\"https:\/\/www.gamingzion.com\/hu\/#organization\",\"name\":\"GamingZion\",\"url\":\"https:\/\/www.gamingzion.com\/hu\/\",\"logo\":{\"@type\":\"ImageObject\",\"inLanguage\":\"hu\",\"@id\":\"https:\/\/www.gamingzion.com\/hu\/#\/schema\/logo\/image\/\",\"url\":\"https:\/\/sgamingzionm.gamblingzion.com\/uploads\/sites\/23\/2021\/07\/gamingzion_logo.png\",\"contentUrl\":\"https:\/\/sgamingzionm.gamblingzion.com\/uploads\/sites\/23\/2021\/07\/gamingzion_logo.png\",\"width\":1237,\"height\":273,\"caption\":\"GamingZion\"},\"image\":{\"@id\":\"https:\/\/www.gamingzion.com\/hu\/#\/schema\/logo\/image\/\"}}]}<\/script>\n<!-- \/ Yoast SEO Premium plugin. -->","yoast_head_json":{"title":"S\u00fcti Kezel\u00e9s - GamingZion Magyarorsz\u00e1g","robots":{"index":"index","follow":"follow","max-snippet":"max-snippet:-1","max-image-preview":"max-image-preview:large","max-video-preview":"max-video-preview:-1"},"og_locale":"hu_HU","og_type":"article","og_title":"S\u00fcti Kezel\u00e9s","og_description":"A GamingZion sz\u00e9les k\u00f6rben haszn\u00e1l s\u00fctiket (cookie-kat), \u00e9s ha \u00d6n elfogadja\u00a0a felhaszn\u00e1l\u00e1si felt\u00e9teleket, elfogadja, hogy a GamingZion.com \u00e1ltal megfelel\u0151nek \u00edt\u00e9lt cookie-kat l\u00e9trehozhatunk \u00e9s haszn\u00e1lhatunk, bele\u00e9rtve, de nem kiz\u00e1r\u00f3lagosan, a webhely teljes\u00edtm\u00e9ny\u00e9hez sz\u00fcks\u00e9ges s\u00fctiket, a f\u00f6ldrajzi c\u00e9lz\u00e1si s\u00fctiket, a hirdet\u00e9si s\u00fctiket, a n\u00e9vtelen regisztr\u00e1ci\u00f3s s\u00fctiket, analitikai s\u00fctiket \u00e9s minden olyan harmadik f\u00e9lt\u0151l sz\u00e1rmaz\u00f3 hirdet\u00e9si s\u00fctit, amelyre [&hellip;]","og_url":"https:\/\/www.gamingzion.com\/hu\/suti-kezeles\/","og_site_name":"GamingZion Magyarorsz\u00e1g","article_modified_time":"2024-05-02T09:05:25+00:00","twitter_misc":{"Becs\u00fclt olvas\u00e1si id\u0151":"1 perc"},"schema":{"@context":"https:\/\/schema.org","@graph":[{"@type":"WebPage","@id":"https:\/\/www.gamingzion.com\/hu\/suti-kezeles\/","url":"https:\/\/www.gamingzion.com\/hu\/suti-kezeles\/","name":"S\u00fcti Kezel\u00e9s - GamingZion Magyarorsz\u00e1g","isPartOf":{"@id":"https:\/\/www.gamingzion.com\/hu\/#website"},"datePublished":"2022-06-08T11:06:01+00:00","dateModified":"2024-05-02T09:05:25+00:00","breadcrumb":{"@id":"https:\/\/www.gamingzion.com\/hu\/suti-kezeles\/#breadcrumb"},"inLanguage":"hu","potentialAction":[{"@type":"ReadAction","target":["https:\/\/www.gamingzion.com\/hu\/suti-kezeles\/"]}]},{"@type":"BreadcrumbList","@id":"https:\/\/www.gamingzion.com\/hu\/suti-kezeles\/#breadcrumb","itemListElement":[{"@type":"ListItem","position":1,"name":"Home","item":"https:\/\/www.gamingzion.com\/hu\/"},{"@type":"ListItem","position":2,"name":"S\u00fcti Kezel\u00e9s"}]},{"@type":"WebSite","@id":"https:\/\/www.gamingzion.com\/hu\/#website","url":"https:\/\/www.gamingzion.com\/hu\/","name":"GamingZion Magyarorsz\u00e1g","description":"Online Gambling Directory","publisher":{"@id":"https:\/\/www.gamingzion.com\/hu\/#organization"},"potentialAction":[{"@type":"SearchAction","target":{"@type":"EntryPoint","urlTemplate":"https:\/\/www.gamingzion.com\/hu\/?s={search_term_string}"},"query-input":{"@type":"PropertyValueSpecification","valueRequired":true,"valueName":"search_term_string"}}],"inLanguage":"hu"},{"@type":"Organization","@id":"https:\/\/www.gamingzion.com\/hu\/#organization","name":"GamingZion","url":"https:\/\/www.gamingzion.com\/hu\/","logo":{"@type":"ImageObject","inLanguage":"hu","@id":"https:\/\/www.gamingzion.com\/hu\/#\/schema\/logo\/image\/","url":"https:\/\/sgamingzionm.gamblingzion.com\/uploads\/sites\/23\/2021\/07\/gamingzion_logo.png","contentUrl":"https:\/\/sgamingzionm.gamblingzion.com\/uploads\/sites\/23\/2021\/07\/gamingzion_logo.png","width":1237,"height":273,"caption":"GamingZion"},"image":{"@id":"https:\/\/www.gamingzion.com\/hu\/#\/schema\/logo\/image\/"}}]}},"_links":{"self":[{"href":"https:\/\/www.gamingzion.com\/hu\/wp-json\/wp\/v2\/pages\/173294"}],"collection":[{"href":"https:\/\/www.gamingzion.com\/hu\/wp-json\/wp\/v2\/pages"}],"about":[{"href":"https:\/\/www.gamingzion.com\/hu\/wp-json\/wp\/v2\/types\/page"}],"author":[{"embeddable":true,"href":"https:\/\/www.gamingzion.com\/hu\/wp-json\/wp\/v2\/users\/123"}],"replies":[{"embeddable":true,"href":"https:\/\/www.gamingzion.com\/hu\/wp-json\/wp\/v2\/comments?post=173294"}],"version-history":[{"count":6,"href":"https:\/\/www.gamingzion.com\/hu\/wp-json\/wp\/v2\/pages\/173294\/revisions"}],"predecessor-version":[{"id":174635,"href":"https:\/\/www.gamingzion.com\/hu\/wp-json\/wp\/v2\/pages\/173294\/revisions\/174635"}],"wp:attachment":[{"href":"https:\/\/www.gamingzion.com\/hu\/wp-json\/wp\/v2\/media?parent=173294"}],"curies":[{"name":"wp","href":"https:\/\/api.w.org\/{rel}","templated":true}]}}