{"id":173295,"date":"2022-06-08T11:08:07","date_gmt":"2022-06-08T11:08:07","guid":{"rendered":"https:\/\/shenll.in\/gamingzion\/?page_id=168337"},"modified":"2024-04-25T10:38:21","modified_gmt":"2024-04-25T09:38:21","slug":"felelossegteljes-szerencsejatek","status":"publish","type":"page","link":"https:\/\/www.gamingzion.com\/hu\/felelossegteljes-szerencsejatek\/","title":{"rendered":"Felel\u0151ss\u00e9gteljes Szerencsej\u00e1t\u00e9k"},"content":{"rendered":"<p style=\"text-align: justify\"><strong><\/p>\n<section class=\"footer-link-pages\">Ez az oldal neked sz\u00f3l, ha \u00fagy \u00e9rzed, hogy t\u00falterheltek, vagy \u00fagy \u00e9rzed, hamarosan elvesz\u00edted az ir\u00e1ny\u00edt\u00e1st. Ebben a cikkben szeretn\u00e9nk seg\u00edts\u00e9get ny\u00fajtani \u00d6nnek a \u00e9ps\u00e9gben marad\u00e1s sor\u00e1n. C\u00e9lunk, hogy seg\u00edts\u00fcnk a probl\u00e9m\u00e1s szerencsej\u00e1t\u00e9kosoknak megold\u00e1st tal\u00e1lni. Ez\u00e9rt gy\u0171jt\u00f6tt\u00fcnk \u00f6ssze \u00e9s tett\u00fcnk k\u00f6zz\u00e9 egy sor inform\u00e1ci\u00f3t \u00d6nnek a felel\u0151s szerencsej\u00e1t\u00e9k m\u00f3dszereir\u0151l \u00e9s ir\u00e1nyelveir\u0151l.<br \/>\nK\u00e9rj\u00fck, olvassa el ezt az anyagot, ha eg\u00e9szs\u00e9ge vagy p\u00e9nz\u00fcgyei bajba ker\u00fclnek a szerencsej\u00e1t\u00e9k miatt. A lehet\u0151 legjobb \u00e9letet k\u00edv\u00e1njuk kedves olvas\u00f3inknak. Ha seg\u00edts\u00e9gre van sz\u00fcks\u00e9ge, sz\u00edvesen \u00e1llunk rendelkez\u00e9s\u00e9re. Ezen az oldalon \u00f6sszegy\u0171jt\u00f6tt\u00fcnk t\u00f6bb felel\u0151ss\u00e9gteljes szerencsej\u00e1t\u00e9kkal kapcsolatos tippet, valamint el\u00e9rhet\u0151s\u00e9geket professzion\u00e1lis szak\u00e9rt\u0151k sz\u00e1m\u00e1ra.<br \/>\n<\/strong><\/p>\n<h2>Mit jelent a felel\u0151ss\u00e9gteljes szerencsej\u00e1t\u00e9k?<\/h2>\n<p>Felel\u0151ss\u00e9gteljes szerencsej\u00e1t\u00e9k az, amikor a kaszin\u00f3k \u00e9s az online szerencsej\u00e1t\u00e9k oldalak t\u00f6r\u0151dnek j\u00e1t\u00e9kosaik j\u00f3l\u00e9t\u00e9vel. Mint ahogy a  <a href=\"https:\/\/en.wikipedia.org\/wiki\/Responsible_gambling\" target=\"_blank\" rel=\"noopener\">Wikipedia<\/a> is mondja,<\/p>\n<blockquote>\n<p style=\"text-align: center\"><em>A felel\u0151ss\u00e9gteljes szerencsej\u00e1t\u00e9k a szerencsej\u00e1t\u00e9k-ipar t\u00e1rsadalmi felel\u0151ss\u00e9gv\u00e1llal\u00e1si kezdem\u00e9nyez\u00e9seinek \u00f6sszess\u00e9ge \u2013 ide\u00e9rtve a korm\u00e1nyokat \u00e9s a szerencsej\u00e1t\u00e9k-fel\u00fcgyeleti test\u00fcleteket, az \u00fczemeltet\u0151ket (kaszin\u00f3kat) \u00e9s az elad\u00f3kat \u2013, amelyek c\u00e9lja m\u0171k\u00f6d\u00e9s\u00fck integrit\u00e1s\u00e1nak \u00e9s tisztess\u00e9gess\u00e9g\u00e9nek biztos\u00edt\u00e1sa, valamint a szerencsej\u00e1t\u00e9kkal, p\u00e9ld\u00e1ul a szerencsej\u00e1t\u00e9kkal kapcsolatos \u00e1rtalmak tudatos\u00edt\u00e1sa. F\u00fcgg\u0151s\u00e9g.<\/em><\/p>\n<\/blockquote>\n<p>R\u00f6viden, a felel\u0151ss\u00e9gteljes szerencsej\u00e1t\u00e9k egy olyan mozgalom, amely megpr\u00f3b\u00e1lja seg\u00edteni az embereket abban, hogy ne v\u00e1ljanak \u00e1ldozatul az ipar\u00e1gnak. Ez egy sor olyan m\u00f3dszert jelent, amellyel a j\u00e1t\u00e9kosok biztons\u00e1gban maradhatnak, \u00e9s elker\u00fclhetik azokat a kock\u00e1zatokat, amelyeket nem engedhetnek meg maguknak. A probl\u00e9m\u00e1s \u00e9s k\u00f3ros szerencsej\u00e1t\u00e9kosokr\u00f3l gondoskodni kell. Ezt a c\u00e9lt k\u00edv\u00e1nja el\u00e9rni a Felel\u0151s szerencsej\u00e1t\u00e9k kamp\u00e1ny.<\/p>\n<h2>Hogyan legy\u00fcnk felel\u0151ss\u00e9gteljes szerencsej\u00e1t\u00e9kosok?<\/h2>\n<p>Felel\u0151s szerencsej\u00e1t\u00e9kosok azok a j\u00e1t\u00e9kosok, akik k\u00e9pesek uralkodni az \u00e9rz\u00e9seiken. Azok, akik tudj\u00e1k, mennyi p\u00e9nzt engedhetnek meg maguknak elvesz\u00edteni, \u00e9s egyetlen fill\u00e9rt sem k\u00f6ltenek el, miut\u00e1n el\u00e9rik a hat\u00e1raikat. Mert igen, a felel\u0151s szerencsej\u00e1t\u00e9kosoknak szigor\u00fa korl\u00e1tai vannak, amelyeket betartanak. Soha nem j\u00e1tszanak ittas \u00e1llapotban, \u00e9s abbahagyj\u00e1k a j\u00e1t\u00e9kot, amint a szerencsej\u00e1t\u00e9k m\u00e1r nem sz\u00f3rakoztat\u00f3. \u00c9s ami a legfontosabb, a felel\u0151ss\u00e9gteljes szerencsej\u00e1t\u00e9k a k\u00f6vetkezm\u00e9nyekr\u0151l sz\u00f3l. K\u00e9rj\u00fck, folytassa az olvas\u00e1st, hogy megtanulja, hogyan v\u00e1lhat felel\u0151ss\u00e9gteljesebb szerencsej\u00e1t\u00e9koss\u00e1!<\/p>\n<h3>Lesznek k\u00f6vetkezm\u00e9nyei \u2013 Gondolj a j\u00f6v\u0151re<\/h3>\n<p>A felel\u0151ss\u00e9gteljes j\u00e1t\u00e9k kezdetben neh\u00e9z lehet. Lehet, hogy nem ismered a hat\u00e1raidat. K\u00e9ts\u00e9gek mer\u00fclhetnek fel azzal kapcsolatban, hogy mit engedhet meg mag\u00e1nak \u00e9s mit nem. Lehet, hogy t\u00fal sokat akarsz t\u00fal gyorsan. Ennek eredm\u00e9nyek\u00e9nt n\u00e9ha nem is gondol a k\u00f6vetkezm\u00e9nyekre. Ez a felel\u0151ss\u00e9gteljes szerencsej\u00e1t\u00e9kos egyik f\u0151 tulajdons\u00e1ga. Mindig gondolnia kell a k\u00f6vetkezm\u00e9nyekre, ha online (vagy sz\u00e1razf\u00f6ldi) kaszin\u00f3kban j\u00e1tszik. Mindig azt kell felt\u00e9telezned, hogy a fogad\u00e1sod vesztes lesz. Megengedheti mag\u00e1nak, hogy elvesz\u00edtse ezt a r\u00e9szesed\u00e9st? Ha igen, akkor mehet tov\u00e1bb. Ha azonban ez hossz\u00fa t\u00e1von gondokat okozna, akkor jobb, ha t\u00e1vol marad ett\u0151l a fogad\u00e1st\u00f3l.<\/p>\n<h3>Szorong\u00e1s versus sz\u00f3rakoz\u00e1s \u2013 Szerencsej\u00e1t\u00e9kosok csak sz\u00f3rakozni akarnak<\/h3>\n<p>Az online j\u00e1t\u00e9knak sz\u00f3rakoztat\u00f3 tev\u00e9kenys\u00e9gnek kell lennie. Szerencsej\u00e1t\u00e9k k\u00f6zben sz\u00f3rakoznia kell. A j\u00e1t\u00e9kosoknak nem szabad agg\u00f3dniuk vagy agg\u00f3dniuk amiatt, hogy mi fog t\u00f6rt\u00e9nni. A felel\u0151ss\u00e9gteljes szerencsej\u00e1t\u00e9kosok tiszt\u00e1ban vannak \u00e9rz\u00e9seikkel, \u00e9s megtanult\u00e1k, mikor kell abbahagyniuk. Amikor a j\u00e1t\u00e9k m\u00e1r nem sz\u00f3rakoztat\u00f3, jobb, ha valami m\u00e1st kezdesz helyette. Amikor az ut azt mondja, hogy a m\u00f3ka v\u00e9get \u00e9rt \u2013 pontosan akkor kell abbahagynod a j\u00e1t\u00e9kot \u00e9s a kock\u00e1ztat\u00e1st. Hallgass magadra, te tudod a legjobbat.<\/p>\n<h3>Ismerje meg hat\u00e1rait \u2013 \u00e1ll\u00edtsa be szem\u00e9lyes korl\u00e1tait<\/h3>\n<p>R\u00e1ad\u00e1sul a felel\u0151ss\u00e9gteljes szerencsej\u00e1t\u00e9kosok el\u0151re megszabj\u00e1k a korl\u00e1taikat. A j\u00e1t\u00e9k megkezd\u00e9se el\u0151tt ellen\u0151riznie kell a p\u00e9nzt\u00e1rc\u00e1j\u00e1t. Mindenkin\u00e9l jobban ismeri a p\u00e9nzt\u00e1rc\u00e1j\u00e1t. \u00c1ll\u00edtson be napi, heti vagy havi limitet. \u00dcgyeljen arra, hogy soha ne k\u00f6lts\u00f6n t\u00f6bbet a limitn\u00e9l. A felel\u0151ss\u00e9gteljes szerencsej\u00e1t\u00e9kosok ezt nem tehetik meg. Amint el\u00e9red a hat\u00e1raidat, abba kell hagynod a j\u00e1t\u00e9kot. Ennyi el\u00e9g is volt arra az id\u0151szakra. Tartsa tiszteletben a hat\u00e1rait \u2013 nem csak a kapcsolataiban, hanem a fizet\u00e9si idej\u00e9ben is!<\/p>\n<h3>Legyen tiszta az elm\u00e9je \u2013 soha ne j\u00e1tsszon a befoly\u00e1s alatt<\/h3>\n<p>Mag\u00e1t\u00f3l \u00e9rtet\u0151dik, hogy b\u00e1r a szerencsej\u00e1t\u00e9k szerencsej\u00e1t\u00e9k, sok esetben \u00fcgyess\u00e9gi j\u00e1t\u00e9k is. Ment\u00e1lisan is ott kell lenned. Er\u0151sen kell \u00f6sszpontos\u00edtania. Ha legyeng\u00fclt elm\u00e9vel kezdesz j\u00e1tszani, m\u00e1ris odaadod a nyer\u00e9si es\u00e9lyedet. Ezen t\u00falmen\u0151en, mik\u00f6zben r\u00e9szegek (vagy magasan vannak), az emberek hajlamosak t\u00f6bb p\u00e9nzt k\u00f6lteni, mint amennyit megengedhetnek maguknak. Nem akarsz \u00fcres p\u00e9nzt\u00e1rc\u00e1ra \u00e9bredni. Ha j\u00e1tszani akarsz, akkor j\u00e1tssz. Ha inni akarsz, igy\u00e1l. Csak egyet v\u00e1lassz.<\/p>\n<h3>Ki szab\u00e1lyozza a szerencsej\u00e1t\u00e9kokat?<\/h3>\n<p>A felel\u0151ss\u00e9gteljes szerencsej\u00e1t\u00e9k szab\u00e1lyait a korm\u00e1ny hat\u00e1rozza meg. Ez\u00e9rt a szerencsej\u00e1t\u00e9kok ir\u00e1ny\u00edt\u00f3ja orsz\u00e1gonk\u00e9nt elt\u00e9r\u0151. S\u0151t, n\u00e9ha m\u00e9g \u00e1llamr\u00f3l \u00e1llamra is. P\u00e9ld\u00e1ul az Amerikai Egyes\u00fclt \u00c1llamokban az Igazs\u00e1g\u00fcgyi Miniszt\u00e9rium szab\u00e1lyozza a szerencsej\u00e1t\u00e9kokat nemzeti szinten, de minden \u00e1llamnak megvan a saj\u00e1t szab\u00e1lyoz\u00f3 test\u00fclete a szerencsej\u00e1t\u00e9kokkal kapcsolatban. Az Egyes\u00fclt Kir\u00e1lys\u00e1gban az illet\u00e9kes szerv a Szerencsej\u00e1t\u00e9k Bizotts\u00e1g. A legfontosabb interregion\u00e1lis j\u00e1t\u00e9kvez\u00e9rl\u0151 t\u00e1bl\u00e1k a GREF (Gaming Regulators European Forum), az IAGR (International Association of Gaming Regulators) \u00e9s a NAGRA (North American Gaming Regulators Association). Az al\u00e1bbi t\u00e1bl\u00e1zatban szeretn\u00e9nk bemutatni t\u00f6bb orsz\u00e1got \u00e9s azt a szervet, amely az adott orsz\u00e1gban a szerencsej\u00e1t\u00e9kokat szab\u00e1lyozza.<\/p>\n<table>\n<tbody>\n<tr>\n<td><b>Orsz\u00e1g<\/b><\/td>\n<td><b>Szerencsej\u00e1t\u00e9k Szab\u00e1lyoz\u00f3 Fel\u00fcgyelet<\/b><\/td>\n<\/tr>\n<tr>\n<td>Egys\u00fclt Kir\u00e1lys\u00e1g<\/td>\n<td><a href=\"https:\/\/www.gamblingcommission.gov.uk\/\" target=\"_blank\" rel=\"noopener\">UK Gambling Commission<\/a><\/td>\n<\/tr>\n<tr>\n<td>Sv\u00e9dorsz\u00e1g<\/td>\n<td><a href=\"https:\/\/www.spelinspektionen.se\/en\/\" target=\"_blank\" rel=\"noopener\">National Gaming Board<\/a><\/td>\n<\/tr>\n<tr>\n<td>M\u00e1lta<\/td>\n<td><a href=\"https:\/\/www.mga.org.mt\/\" target=\"_blank\" rel=\"noopener\">Malta Gaming Authority<\/a><\/td>\n<\/tr>\n<tr>\n<td>Franciaorsz\u00e1g<\/td>\n<td><a href=\"https:\/\/anj.fr\/\" target=\"_blank\" rel=\"noopener\">Autorit\u00e9 Nationale des Jeux<\/a><\/td>\n<\/tr>\n<tr>\n<td>Gibralt\u00e1r<\/td>\n<td><a href=\"https:\/\/www.gra.gi\/\" target=\"_blank\" rel=\"noopener\">Gibraltar Regulatory Authority<\/a><\/td>\n<\/tr>\n<tr>\n<td>D\u00e1nia<\/td>\n<td><a href=\"https:\/\/www.spillemyndigheden.dk\/\" target=\"_blank\" rel=\"noopener\">Spillemyndigheden<\/a><\/td>\n<\/tr>\n<tr>\n<td>Portug\u00e1lia<\/td>\n<td><a href=\"https:\/\/www.srij.turismodeportugal.pt\/en\/\" target=\"_blank\" rel=\"noopener\">Inspectorate General on Gaming<\/a><\/td>\n<\/tr>\n<tr>\n<td>Norv\u00e9gia<\/td>\n<td><a href=\"https:\/\/lottstift.no\/en\/\" target=\"_blank\" rel=\"noopener\">Norwegian Gaming and Foundation Authority<\/a><\/td>\n<\/tr>\n<tr>\n<td>Hollandia<\/td>\n<td><a href=\"https:\/\/kansspelautoriteit.nl\/\" target=\"_blank\" rel=\"noopener\">Nederlandse Kansspelautoriteit<\/a><\/td>\n<\/tr>\n<tr>\n<td>USA<\/td>\n<td><a href=\"https:\/\/www.justice.gov\/criminal-oeo\/gambling-device-registration\" target=\"_blank\" rel=\"noopener\">Department of Justice<\/a><\/td>\n<\/tr>\n<tr>\n<td>Kanada<\/td>\n<td><a href=\"http:\/\/canadiangaming.ca\/\" target=\"_blank\" rel=\"noopener\">Canadian Gaming Association<\/a><\/td>\n<\/tr>\n<tr>\n<td>Maka\u00f3<\/td>\n<td><a href=\"http:\/\/www.dicj.gov.mo\/web\/en\/frontpage\/index.html\" target=\"_blank\" rel=\"noopener\">Macau Gaming Inspection and Coordination Bureau<\/a><\/td>\n<\/tr>\n<tr>\n<td>Szingap\u00far<\/td>\n<td><a href=\"https:\/\/www.cra.gov.sg\/\" target=\"_blank\" rel=\"noopener\">Casino Regulatory Authority of Singapore<\/a><\/td>\n<\/tr>\n<\/tbody>\n<\/table>\n<h2>Mi\u00e9rt fontos a felel\u0151ss\u00e9gteljes szerencsej\u00e1t\u00e9k?<\/h2>\n<p>A felel\u0151ss\u00e9gteljes szerencsej\u00e1t\u00e9kra vonatkoz\u00f3 politika elengedhetetlen mindazoknak az online kaszin\u00f3oldalaknak, akik eg\u00e9szs\u00e9ges \u00e9s boldog j\u00e1t\u00e9kosokat szeretn\u00e9nek \u00fcgyfel\u00fcknek. Az online kaszin\u00f3oldalaknak k\u00f6vetni\u00fck kell a <a href=\"https:\/\/www.responsiblegambling.org\/\" target=\"_blank\" rel=\"noopener\">felel\u0151s szerencsej\u00e1t\u00e9k fel\u00fcgyelet<\/a> \u00e1ltal javasolt korl\u00e1toz\u00e1sokat \u00e9s kezdem\u00e9nyez\u00e9seket. Rendk\u00edv\u00fcl fontos, hogy a j\u00e1t\u00e9kosok jogai \u00e9s j\u00f3l\u00e9te az els\u0151 sz\u00e1m\u00fa priorit\u00e1s legyen minden szerencsej\u00e1t\u00e9k-\u00fczemeltet\u0151 sz\u00e1m\u00e1ra.<br \/>\nNem minden j\u00e1t\u00e9kos k\u00e9pes fel\u00e1ll\u00edtani a hat\u00e1rait, vagy meg\u00e1llni, amikor nyilv\u00e1nval\u00f3an meg kell \u00e1llnia. Senkinek sem szabad megengedni, hogy kihaszn\u00e1lja az ilyen eseteket. Ez\u00e9rt olyan fontos a Felel\u0151s Szerencsej\u00e1t\u00e9k, \u00e9s ez\u00e9rt kell a szerencsej\u00e1t\u00e9k-\u00fczemeltet\u0151knek k\u00f6vetni\u00fck az \u00f6nkiz\u00e1r\u00e1si ir\u00e1nyelveket.<\/p>\n<h2>Felel\u0151ss\u00e9gteljes szerencsej\u00e1t\u00e9kra \u00e9s \u00f6nkiz\u00e1r\u00e1sra vonatkoz\u00f3 ir\u00e1nyelvek<\/h2>\n<p>Tiszt\u00e1zzuk az \u00f6nkiz\u00e1r\u00e1s defin\u00edci\u00f3j\u00e1t a szerencsej\u00e1t\u00e9kban. Az \u00f6nkiz\u00e1r\u00e1s az a cselekm\u00e9ny, amikor arra k\u00e9ri az \u00fczemeltet\u0151t vagy a kaszin\u00f3oldal \u00fcgyf\u00e9lszolg\u00e1lat\u00e1t, hogy \u201etiltsa ki\u201d \u00d6nt az oldalr\u00f3l. \u00cdgy nem fog hozz\u00e1f\u00e9rni sz\u00e1ml\u00e1j\u00e1hoz, \u00e9s \u00edgy egy\u00e1ltal\u00e1n nem vesz\u00edthet p\u00e9nzt. Ez egy fontos funkci\u00f3, amelyet minden komoly szerencsej\u00e1t\u00e9k-oldalnak hozz\u00e1 kell adnia szolg\u00e1ltat\u00e1s\u00e1hoz. Ne j\u00e1tssz olyan oldalakon, amelyek erre nem ford\u00edtanak figyelmet. Olyan oldalon szeretne j\u00e1tszani, ahol gondoskodnak r\u00f3lad, \u00e9s mindent megtesz annak \u00e9rdek\u00e9ben, hogy biztons\u00e1gban, eg\u00e9szs\u00e9gesen \u00e9s boldogan tartsd.<br \/>\nEgy megfelel\u0151 kaszin\u00f3oldalnak megfelel\u0151 \u00f6nkiz\u00e1r\u00e1si elj\u00e1r\u00e1ssal kell rendelkeznie. Ha arra k\u00e9ri az \u00fcgyf\u00e9lszolg\u00e1lati \u00fcgyn\u00f6k\u00f6t, hogy z\u00e1rja ki \u00d6nt a j\u00e1t\u00e9kb\u00f3l, akkor egy pillanatnyi haboz\u00e1s n\u00e9lk\u00fcl teljes\u00edtenie kell k\u00e9r\u00e9s\u00e9t. Term\u00e9szetesen id\u0151vel k\u00e9rheti a tilalom felold\u00e1s\u00e1t. Ekkor kezdheti \u00fajra a j\u00e1t\u00e9kot. Az \u00f6nkiz\u00e1r\u00e1s \u00e1ltal\u00e1ban legal\u00e1bb 6 h\u00f3napig tart. Azonban nyugodtan tartson hosszabb sz\u00fcnetet, ha erre van sz\u00fcks\u00e9ge.<\/p>\n<h3>Felel\u0151ss\u00e9gteljes szerencsej\u00e1t\u00e9kok seg\u00e9lyvonala \u2013 Ne f\u00e9ljen seg\u00edts\u00e9get h\u00edvni!<\/h3>\n<p>K\u00e9rj\u00fck, ne feledje, hogy mindig \u00e1ll\u00edtsa be \u00e9s tartsa be a Felel\u0151ss\u00e9gteljes szerencsej\u00e1t\u00e9k-befizet\u00e9si limiteket. Ez rendk\u00edv\u00fcl fontos ahhoz, hogy eg\u00e9szs\u00e9ges \u00e9s p\u00e9nz\u00fcgyileg is stabil maradjunk. Ha \u00fagy \u00e9rzi, hogy elvesz\u00edti a csat\u00e1t ezen a t\u00e9ren, k\u00e9rj\u00fck, most habozzon \u00e9s forduljon a felel\u0151s szerencsej\u00e1t\u00e9k-seg\u00e9lyvonalhoz. A telefonsz\u00e1m felh\u00edv\u00e1s\u00e1val professzion\u00e1lis szak\u00e9rt\u0151k seg\u00edtenek az utaz\u00e1s sor\u00e1n. K\u00e9rj\u00fck, ellen\u0151rizze az al\u00e1bbi t\u00e1bl\u00e1zatot. Felsoroltunk n\u00e9h\u00e1ny felel\u0151s szerencsej\u00e1t\u00e9k-seg\u00e9lyvonalat bizonyos orsz\u00e1gokban. Ne habozzon ig\u00e9nybe venni szolg\u00e1ltat\u00e1saikat, amikor sz\u00fcks\u00e9ge van r\u00e1!<\/p>\n<table>\n<tbody>\n<tr>\n<td><b>Orsz\u00e1g<\/b><\/td>\n<td><b>Felel\u0151ss\u00e9gteljes Szerencsej\u00e1t\u00e9k Seg\u00e9lyvonal<\/b><\/td>\n<\/tr>\n<tr>\n<td>Egyes\u00fclt Kir\u00e1lys\u00e1g<\/td>\n<td>0808 8020 133<\/td>\n<\/tr>\n<tr>\n<td>USA<\/td>\n<td>800 522 47 00<\/td>\n<\/tr>\n<tr>\n<td>Ausztr\u00e1lia<\/td>\n<td>1800 858 858<\/td>\n<\/tr>\n<tr>\n<td>Kanada<\/td>\n<td>888 230 35 05<\/td>\n<\/tr>\n<tr>\n<td>Braz\u00edlia<\/td>\n<td>32 29 10 23<\/td>\n<\/tr>\n<tr>\n<td>Argent\u00edna<\/td>\n<td>0800 333 03 33<\/td>\n<\/tr>\n<tr>\n<td>Mexik\u00f3<\/td>\n<td>525 510 25 50<\/td>\n<\/tr>\n<tr>\n<td>N\u00e9metorsz\u00e1g<\/td>\n<td>0800 137 27 00<\/td>\n<\/tr>\n<tr>\n<td>Franciaorsz\u00e1g<\/td>\n<td>0240 84 76 20<\/td>\n<\/tr>\n<tr>\n<td>Hollandia<\/td>\n<td>0800 22 777 22<\/td>\n<\/tr>\n<tr>\n<td>Spanyolorsz\u00e1g<\/td>\n<td>900 200 225<\/td>\n<\/tr>\n<tr>\n<td>Portug\u00e1lia<\/td>\n<td>211 332 775<\/td>\n<\/tr>\n<tr>\n<td>F\u00fcl\u00f6p-szigetek<\/td>\n<td>+632 88 90 0000<\/td>\n<\/tr>\n<tr>\n<td>India<\/td>\n<td>+91 900 08 500 01<\/td>\n<\/tr>\n<\/tbody>\n<\/table>\n<p>&nbsp;<\/p>\n<\/section>\n","protected":false},"excerpt":{"rendered":"<p>Ez az oldal neked sz\u00f3l, ha \u00fagy \u00e9rzed, hogy t\u00falterheltek, vagy \u00fagy \u00e9rzed, hamarosan elvesz\u00edted az ir\u00e1ny\u00edt\u00e1st. Ebben a cikkben szeretn\u00e9nk seg\u00edts\u00e9get ny\u00fajtani \u00d6nnek a \u00e9ps\u00e9gben marad\u00e1s sor\u00e1n. C\u00e9lunk, hogy seg\u00edts\u00fcnk a probl\u00e9m\u00e1s szerencsej\u00e1t\u00e9kosoknak megold\u00e1st tal\u00e1lni. Ez\u00e9rt gy\u0171jt\u00f6tt\u00fcnk \u00f6ssze \u00e9s tett\u00fcnk k\u00f6zz\u00e9 egy sor inform\u00e1ci\u00f3t \u00d6nnek a felel\u0151s szerencsej\u00e1t\u00e9k m\u00f3dszereir\u0151l \u00e9s ir\u00e1nyelveir\u0151l. K\u00e9rj\u00fck, olvassa el [&hellip;]<\/p>\n","protected":false},"author":123,"featured_media":0,"parent":0,"menu_order":0,"comment_status":"closed","ping_status":"closed","template":"page-template\/page-in-footer-menu.php","meta":{"footnotes":""},"class_list":["post-173295","page","type-page","status-publish","hentry","odd"],"yoast_head":"<!-- This site is optimized with the Yoast SEO Premium plugin v24.0 (Yoast SEO v24.8.1) - https:\/\/yoast.com\/wordpress\/plugins\/seo\/ -->\n<title>Felel\u0151ss\u00e9gteljes Szerencsej\u00e1t\u00e9k - GamingZion Magyarorsz\u00e1g<\/title>\n<meta name=\"robots\" content=\"index, follow, max-snippet:-1, max-image-preview:large, max-video-preview:-1\" \/>\n<meta property=\"og:locale\" content=\"hu_HU\" \/>\n<meta property=\"og:type\" content=\"article\" \/>\n<meta property=\"og:title\" content=\"Felel\u0151ss\u00e9gteljes Szerencsej\u00e1t\u00e9k\" \/>\n<meta property=\"og:description\" content=\"Ez az oldal neked sz\u00f3l, ha \u00fagy \u00e9rzed, hogy t\u00falterheltek, vagy \u00fagy \u00e9rzed, hamarosan elvesz\u00edted az ir\u00e1ny\u00edt\u00e1st. Ebben a cikkben szeretn\u00e9nk seg\u00edts\u00e9get ny\u00fajtani \u00d6nnek a \u00e9ps\u00e9gben marad\u00e1s sor\u00e1n. C\u00e9lunk, hogy seg\u00edts\u00fcnk a probl\u00e9m\u00e1s szerencsej\u00e1t\u00e9kosoknak megold\u00e1st tal\u00e1lni. Ez\u00e9rt gy\u0171jt\u00f6tt\u00fcnk \u00f6ssze \u00e9s tett\u00fcnk k\u00f6zz\u00e9 egy sor inform\u00e1ci\u00f3t \u00d6nnek a felel\u0151s szerencsej\u00e1t\u00e9k m\u00f3dszereir\u0151l \u00e9s ir\u00e1nyelveir\u0151l. K\u00e9rj\u00fck, olvassa el [&hellip;]\" \/>\n<meta property=\"og:url\" content=\"https:\/\/www.gamingzion.com\/hu\/felelossegteljes-szerencsejatek\/\" \/>\n<meta property=\"og:site_name\" content=\"GamingZion Magyarorsz\u00e1g\" \/>\n<meta property=\"article:modified_time\" content=\"2024-04-25T09:38:21+00:00\" \/>\n<meta name=\"twitter:label1\" content=\"Becs\u00fclt olvas\u00e1si id\u0151\" \/>\n\t<meta name=\"twitter:data1\" content=\"7 perc\" \/>\n<script type=\"application\/ld+json\" class=\"yoast-schema-graph\">{\"@context\":\"https:\/\/schema.org\",\"@graph\":[{\"@type\":\"WebPage\",\"@id\":\"https:\/\/www.gamingzion.com\/hu\/felelossegteljes-szerencsejatek\/\",\"url\":\"https:\/\/www.gamingzion.com\/hu\/felelossegteljes-szerencsejatek\/\",\"name\":\"Felel\u0151ss\u00e9gteljes Szerencsej\u00e1t\u00e9k - GamingZion Magyarorsz\u00e1g\",\"isPartOf\":{\"@id\":\"https:\/\/www.gamingzion.com\/hu\/#website\"},\"datePublished\":\"2022-06-08T11:08:07+00:00\",\"dateModified\":\"2024-04-25T09:38:21+00:00\",\"breadcrumb\":{\"@id\":\"https:\/\/www.gamingzion.com\/hu\/felelossegteljes-szerencsejatek\/#breadcrumb\"},\"inLanguage\":\"hu\",\"potentialAction\":[{\"@type\":\"ReadAction\",\"target\":[\"https:\/\/www.gamingzion.com\/hu\/felelossegteljes-szerencsejatek\/\"]}]},{\"@type\":\"BreadcrumbList\",\"@id\":\"https:\/\/www.gamingzion.com\/hu\/felelossegteljes-szerencsejatek\/#breadcrumb\",\"itemListElement\":[{\"@type\":\"ListItem\",\"position\":1,\"name\":\"Home\",\"item\":\"https:\/\/www.gamingzion.com\/hu\/\"},{\"@type\":\"ListItem\",\"position\":2,\"name\":\"Felel\u0151ss\u00e9gteljes Szerencsej\u00e1t\u00e9k\"}]},{\"@type\":\"WebSite\",\"@id\":\"https:\/\/www.gamingzion.com\/hu\/#website\",\"url\":\"https:\/\/www.gamingzion.com\/hu\/\",\"name\":\"GamingZion Magyarorsz\u00e1g\",\"description\":\"Online Gambling Directory\",\"publisher\":{\"@id\":\"https:\/\/www.gamingzion.com\/hu\/#organization\"},\"potentialAction\":[{\"@type\":\"SearchAction\",\"target\":{\"@type\":\"EntryPoint\",\"urlTemplate\":\"https:\/\/www.gamingzion.com\/hu\/?s={search_term_string}\"},\"query-input\":{\"@type\":\"PropertyValueSpecification\",\"valueRequired\":true,\"valueName\":\"search_term_string\"}}],\"inLanguage\":\"hu\"},{\"@type\":\"Organization\",\"@id\":\"https:\/\/www.gamingzion.com\/hu\/#organization\",\"name\":\"GamingZion\",\"url\":\"https:\/\/www.gamingzion.com\/hu\/\",\"logo\":{\"@type\":\"ImageObject\",\"inLanguage\":\"hu\",\"@id\":\"https:\/\/www.gamingzion.com\/hu\/#\/schema\/logo\/image\/\",\"url\":\"https:\/\/sgamingzionm.gamblingzion.com\/uploads\/sites\/23\/2021\/07\/gamingzion_logo.png\",\"contentUrl\":\"https:\/\/sgamingzionm.gamblingzion.com\/uploads\/sites\/23\/2021\/07\/gamingzion_logo.png\",\"width\":1237,\"height\":273,\"caption\":\"GamingZion\"},\"image\":{\"@id\":\"https:\/\/www.gamingzion.com\/hu\/#\/schema\/logo\/image\/\"}}]}<\/script>\n<!-- \/ Yoast SEO Premium plugin. -->","yoast_head_json":{"title":"Felel\u0151ss\u00e9gteljes Szerencsej\u00e1t\u00e9k - GamingZion Magyarorsz\u00e1g","robots":{"index":"index","follow":"follow","max-snippet":"max-snippet:-1","max-image-preview":"max-image-preview:large","max-video-preview":"max-video-preview:-1"},"og_locale":"hu_HU","og_type":"article","og_title":"Felel\u0151ss\u00e9gteljes Szerencsej\u00e1t\u00e9k","og_description":"Ez az oldal neked sz\u00f3l, ha \u00fagy \u00e9rzed, hogy t\u00falterheltek, vagy \u00fagy \u00e9rzed, hamarosan elvesz\u00edted az ir\u00e1ny\u00edt\u00e1st. Ebben a cikkben szeretn\u00e9nk seg\u00edts\u00e9get ny\u00fajtani \u00d6nnek a \u00e9ps\u00e9gben marad\u00e1s sor\u00e1n. C\u00e9lunk, hogy seg\u00edts\u00fcnk a probl\u00e9m\u00e1s szerencsej\u00e1t\u00e9kosoknak megold\u00e1st tal\u00e1lni. Ez\u00e9rt gy\u0171jt\u00f6tt\u00fcnk \u00f6ssze \u00e9s tett\u00fcnk k\u00f6zz\u00e9 egy sor inform\u00e1ci\u00f3t \u00d6nnek a felel\u0151s szerencsej\u00e1t\u00e9k m\u00f3dszereir\u0151l \u00e9s ir\u00e1nyelveir\u0151l. K\u00e9rj\u00fck, olvassa el [&hellip;]","og_url":"https:\/\/www.gamingzion.com\/hu\/felelossegteljes-szerencsejatek\/","og_site_name":"GamingZion Magyarorsz\u00e1g","article_modified_time":"2024-04-25T09:38:21+00:00","twitter_misc":{"Becs\u00fclt olvas\u00e1si id\u0151":"7 perc"},"schema":{"@context":"https:\/\/schema.org","@graph":[{"@type":"WebPage","@id":"https:\/\/www.gamingzion.com\/hu\/felelossegteljes-szerencsejatek\/","url":"https:\/\/www.gamingzion.com\/hu\/felelossegteljes-szerencsejatek\/","name":"Felel\u0151ss\u00e9gteljes Szerencsej\u00e1t\u00e9k - GamingZion Magyarorsz\u00e1g","isPartOf":{"@id":"https:\/\/www.gamingzion.com\/hu\/#website"},"datePublished":"2022-06-08T11:08:07+00:00","dateModified":"2024-04-25T09:38:21+00:00","breadcrumb":{"@id":"https:\/\/www.gamingzion.com\/hu\/felelossegteljes-szerencsejatek\/#breadcrumb"},"inLanguage":"hu","potentialAction":[{"@type":"ReadAction","target":["https:\/\/www.gamingzion.com\/hu\/felelossegteljes-szerencsejatek\/"]}]},{"@type":"BreadcrumbList","@id":"https:\/\/www.gamingzion.com\/hu\/felelossegteljes-szerencsejatek\/#breadcrumb","itemListElement":[{"@type":"ListItem","position":1,"name":"Home","item":"https:\/\/www.gamingzion.com\/hu\/"},{"@type":"ListItem","position":2,"name":"Felel\u0151ss\u00e9gteljes Szerencsej\u00e1t\u00e9k"}]},{"@type":"WebSite","@id":"https:\/\/www.gamingzion.com\/hu\/#website","url":"https:\/\/www.gamingzion.com\/hu\/","name":"GamingZion Magyarorsz\u00e1g","description":"Online Gambling Directory","publisher":{"@id":"https:\/\/www.gamingzion.com\/hu\/#organization"},"potentialAction":[{"@type":"SearchAction","target":{"@type":"EntryPoint","urlTemplate":"https:\/\/www.gamingzion.com\/hu\/?s={search_term_string}"},"query-input":{"@type":"PropertyValueSpecification","valueRequired":true,"valueName":"search_term_string"}}],"inLanguage":"hu"},{"@type":"Organization","@id":"https:\/\/www.gamingzion.com\/hu\/#organization","name":"GamingZion","url":"https:\/\/www.gamingzion.com\/hu\/","logo":{"@type":"ImageObject","inLanguage":"hu","@id":"https:\/\/www.gamingzion.com\/hu\/#\/schema\/logo\/image\/","url":"https:\/\/sgamingzionm.gamblingzion.com\/uploads\/sites\/23\/2021\/07\/gamingzion_logo.png","contentUrl":"https:\/\/sgamingzionm.gamblingzion.com\/uploads\/sites\/23\/2021\/07\/gamingzion_logo.png","width":1237,"height":273,"caption":"GamingZion"},"image":{"@id":"https:\/\/www.gamingzion.com\/hu\/#\/schema\/logo\/image\/"}}]}},"_links":{"self":[{"href":"https:\/\/www.gamingzion.com\/hu\/wp-json\/wp\/v2\/pages\/173295"}],"collection":[{"href":"https:\/\/www.gamingzion.com\/hu\/wp-json\/wp\/v2\/pages"}],"about":[{"href":"https:\/\/www.gamingzion.com\/hu\/wp-json\/wp\/v2\/types\/page"}],"author":[{"embeddable":true,"href":"https:\/\/www.gamingzion.com\/hu\/wp-json\/wp\/v2\/users\/123"}],"replies":[{"embeddable":true,"href":"https:\/\/www.gamingzion.com\/hu\/wp-json\/wp\/v2\/comments?post=173295"}],"version-history":[{"count":15,"href":"https:\/\/www.gamingzion.com\/hu\/wp-json\/wp\/v2\/pages\/173295\/revisions"}],"predecessor-version":[{"id":174610,"href":"https:\/\/www.gamingzion.com\/hu\/wp-json\/wp\/v2\/pages\/173295\/revisions\/174610"}],"wp:attachment":[{"href":"https:\/\/www.gamingzion.com\/hu\/wp-json\/wp\/v2\/media?parent=173295"}],"curies":[{"name":"wp","href":"https:\/\/api.w.org\/{rel}","templated":true}]}}