{"id":173301,"date":"2022-06-17T15:51:46","date_gmt":"2022-06-17T15:51:46","guid":{"rendered":"https:\/\/shenll.in\/gamingzion\/?page_id=169481"},"modified":"2023-03-03T19:24:20","modified_gmt":"2023-03-03T18:24:20","slug":"poker-reviews","status":"publish","type":"page","link":"https:\/\/www.gamingzion.com\/hu\/poker\/poker-reviews\/","title":{"rendered":"Online P\u00f3ker \u00c9rt\u00e9kel\u00e9sek"},"content":{"rendered":"","protected":false},"excerpt":{"rendered":"","protected":false},"author":123,"featured_media":0,"parent":169767,"menu_order":0,"comment_status":"closed","ping_status":"closed","template":"page-template\/page-poker-review.php","meta":{"footnotes":""},"class_list":["post-173301","page","type-page","status-publish","hentry","odd"],"yoast_head":"<!-- This site is optimized with the Yoast SEO Premium plugin v24.0 (Yoast SEO v24.8.1) - https:\/\/yoast.com\/wordpress\/plugins\/seo\/ -->\n<title>Online P\u00f3ker \u00c9rt\u00e9kel\u00e9sek - GamingZion Magyarorsz\u00e1g<\/title>\n<meta name=\"robots\" content=\"index, follow, max-snippet:-1, max-image-preview:large, max-video-preview:-1\" \/>\n<meta property=\"og:locale\" content=\"hu_HU\" \/>\n<meta property=\"og:type\" content=\"article\" \/>\n<meta property=\"og:title\" content=\"Online P\u00f3ker \u00c9rt\u00e9kel\u00e9sek\" \/>\n<meta property=\"og:description\" content=\"A legfrisebb online p\u00f3ker \u00e9rt\u00e9kel\u00e9sek. Tal\u00e1ld meg a sz\u00e1modra legalkalmasabb online poker szob\u00e1kat!\" \/>\n<meta property=\"og:url\" content=\"https:\/\/www.gamingzion.com\/hu\/poker\/poker-reviews\/\" \/>\n<meta property=\"og:site_name\" content=\"GamingZion Magyarorsz\u00e1g\" \/>\n<meta property=\"article:modified_time\" content=\"2023-03-03T18:24:20+00:00\" \/>\n<script type=\"application\/ld+json\" class=\"yoast-schema-graph\">{\"@context\":\"https:\/\/schema.org\",\"@graph\":[{\"@type\":\"WebPage\",\"@id\":\"https:\/\/www.gamingzion.com\/hu\/poker\/poker-reviews\/\",\"url\":\"https:\/\/www.gamingzion.com\/hu\/poker\/poker-reviews\/\",\"name\":\"Online P\u00f3ker \u00c9rt\u00e9kel\u00e9sek - GamingZion Magyarorsz\u00e1g\",\"isPartOf\":{\"@id\":\"https:\/\/www.gamingzion.com\/hu\/#website\"},\"datePublished\":\"2022-06-17T15:51:46+00:00\",\"dateModified\":\"2023-03-03T18:24:20+00:00\",\"description\":\"A legfrisebb online p\u00f3ker \u00e9rt\u00e9kel\u00e9sek. Tal\u00e1ld meg a sz\u00e1modra legalkalmasabb online poker szob\u00e1kat!\",\"breadcrumb\":{\"@id\":\"https:\/\/www.gamingzion.com\/hu\/poker\/poker-reviews\/#breadcrumb\"},\"inLanguage\":\"hu\",\"potentialAction\":[{\"@type\":\"ReadAction\",\"target\":[\"https:\/\/www.gamingzion.com\/hu\/poker\/poker-reviews\/\"]}]},{\"@type\":\"BreadcrumbList\",\"@id\":\"https:\/\/www.gamingzion.com\/hu\/poker\/poker-reviews\/#breadcrumb\",\"itemListElement\":[{\"@type\":\"ListItem\",\"position\":1,\"name\":\"Home\",\"item\":\"https:\/\/www.gamingzion.com\/hu\/\"},{\"@type\":\"ListItem\",\"position\":2,\"name\":\"poker\",\"item\":\"https:\/\/www.gamingzion.com\/hu\/poker\/\"},{\"@type\":\"ListItem\",\"position\":3,\"name\":\"Online P\u00f3ker \u00c9rt\u00e9kel\u00e9sek\"}]},{\"@type\":\"WebSite\",\"@id\":\"https:\/\/www.gamingzion.com\/hu\/#website\",\"url\":\"https:\/\/www.gamingzion.com\/hu\/\",\"name\":\"GamingZion Magyarorsz\u00e1g\",\"description\":\"Online Gambling Directory\",\"publisher\":{\"@id\":\"https:\/\/www.gamingzion.com\/hu\/#organization\"},\"potentialAction\":[{\"@type\":\"SearchAction\",\"target\":{\"@type\":\"EntryPoint\",\"urlTemplate\":\"https:\/\/www.gamingzion.com\/hu\/?s={search_term_string}\"},\"query-input\":{\"@type\":\"PropertyValueSpecification\",\"valueRequired\":true,\"valueName\":\"search_term_string\"}}],\"inLanguage\":\"hu\"},{\"@type\":\"Organization\",\"@id\":\"https:\/\/www.gamingzion.com\/hu\/#organization\",\"name\":\"GamingZion\",\"url\":\"https:\/\/www.gamingzion.com\/hu\/\",\"logo\":{\"@type\":\"ImageObject\",\"inLanguage\":\"hu\",\"@id\":\"https:\/\/www.gamingzion.com\/hu\/#\/schema\/logo\/image\/\",\"url\":\"https:\/\/sgamingzionm.gamblingzion.com\/uploads\/sites\/23\/2021\/07\/gamingzion_logo.png\",\"contentUrl\":\"https:\/\/sgamingzionm.gamblingzion.com\/uploads\/sites\/23\/2021\/07\/gamingzion_logo.png\",\"width\":1237,\"height\":273,\"caption\":\"GamingZion\"},\"image\":{\"@id\":\"https:\/\/www.gamingzion.com\/hu\/#\/schema\/logo\/image\/\"}}]}<\/script>\n<!-- \/ Yoast SEO Premium plugin. -->","yoast_head_json":{"title":"Online P\u00f3ker \u00c9rt\u00e9kel\u00e9sek - GamingZion Magyarorsz\u00e1g","robots":{"index":"index","follow":"follow","max-snippet":"max-snippet:-1","max-image-preview":"max-image-preview:large","max-video-preview":"max-video-preview:-1"},"og_locale":"hu_HU","og_type":"article","og_title":"Online P\u00f3ker \u00c9rt\u00e9kel\u00e9sek","og_description":"A legfrisebb online p\u00f3ker \u00e9rt\u00e9kel\u00e9sek. Tal\u00e1ld meg a sz\u00e1modra legalkalmasabb online poker szob\u00e1kat!","og_url":"https:\/\/www.gamingzion.com\/hu\/poker\/poker-reviews\/","og_site_name":"GamingZion Magyarorsz\u00e1g","article_modified_time":"2023-03-03T18:24:20+00:00","schema":{"@context":"https:\/\/schema.org","@graph":[{"@type":"WebPage","@id":"https:\/\/www.gamingzion.com\/hu\/poker\/poker-reviews\/","url":"https:\/\/www.gamingzion.com\/hu\/poker\/poker-reviews\/","name":"Online P\u00f3ker \u00c9rt\u00e9kel\u00e9sek - GamingZion Magyarorsz\u00e1g","isPartOf":{"@id":"https:\/\/www.gamingzion.com\/hu\/#website"},"datePublished":"2022-06-17T15:51:46+00:00","dateModified":"2023-03-03T18:24:20+00:00","description":"A legfrisebb online p\u00f3ker \u00e9rt\u00e9kel\u00e9sek. Tal\u00e1ld meg a sz\u00e1modra legalkalmasabb online poker szob\u00e1kat!","breadcrumb":{"@id":"https:\/\/www.gamingzion.com\/hu\/poker\/poker-reviews\/#breadcrumb"},"inLanguage":"hu","potentialAction":[{"@type":"ReadAction","target":["https:\/\/www.gamingzion.com\/hu\/poker\/poker-reviews\/"]}]},{"@type":"BreadcrumbList","@id":"https:\/\/www.gamingzion.com\/hu\/poker\/poker-reviews\/#breadcrumb","itemListElement":[{"@type":"ListItem","position":1,"name":"Home","item":"https:\/\/www.gamingzion.com\/hu\/"},{"@type":"ListItem","position":2,"name":"poker","item":"https:\/\/www.gamingzion.com\/hu\/poker\/"},{"@type":"ListItem","position":3,"name":"Online P\u00f3ker \u00c9rt\u00e9kel\u00e9sek"}]},{"@type":"WebSite","@id":"https:\/\/www.gamingzion.com\/hu\/#website","url":"https:\/\/www.gamingzion.com\/hu\/","name":"GamingZion Magyarorsz\u00e1g","description":"Online Gambling Directory","publisher":{"@id":"https:\/\/www.gamingzion.com\/hu\/#organization"},"potentialAction":[{"@type":"SearchAction","target":{"@type":"EntryPoint","urlTemplate":"https:\/\/www.gamingzion.com\/hu\/?s={search_term_string}"},"query-input":{"@type":"PropertyValueSpecification","valueRequired":true,"valueName":"search_term_string"}}],"inLanguage":"hu"},{"@type":"Organization","@id":"https:\/\/www.gamingzion.com\/hu\/#organization","name":"GamingZion","url":"https:\/\/www.gamingzion.com\/hu\/","logo":{"@type":"ImageObject","inLanguage":"hu","@id":"https:\/\/www.gamingzion.com\/hu\/#\/schema\/logo\/image\/","url":"https:\/\/sgamingzionm.gamblingzion.com\/uploads\/sites\/23\/2021\/07\/gamingzion_logo.png","contentUrl":"https:\/\/sgamingzionm.gamblingzion.com\/uploads\/sites\/23\/2021\/07\/gamingzion_logo.png","width":1237,"height":273,"caption":"GamingZion"},"image":{"@id":"https:\/\/www.gamingzion.com\/hu\/#\/schema\/logo\/image\/"}}]}},"_links":{"self":[{"href":"https:\/\/www.gamingzion.com\/hu\/wp-json\/wp\/v2\/pages\/173301"}],"collection":[{"href":"https:\/\/www.gamingzion.com\/hu\/wp-json\/wp\/v2\/pages"}],"about":[{"href":"https:\/\/www.gamingzion.com\/hu\/wp-json\/wp\/v2\/types\/page"}],"author":[{"embeddable":true,"href":"https:\/\/www.gamingzion.com\/hu\/wp-json\/wp\/v2\/users\/123"}],"replies":[{"embeddable":true,"href":"https:\/\/www.gamingzion.com\/hu\/wp-json\/wp\/v2\/comments?post=173301"}],"version-history":[{"count":2,"href":"https:\/\/www.gamingzion.com\/hu\/wp-json\/wp\/v2\/pages\/173301\/revisions"}],"predecessor-version":[{"id":173766,"href":"https:\/\/www.gamingzion.com\/hu\/wp-json\/wp\/v2\/pages\/173301\/revisions\/173766"}],"up":[{"embeddable":true,"href":"https:\/\/www.gamingzion.com\/hu\/wp-json\/wp\/v2\/pages\/169767"}],"wp:attachment":[{"href":"https:\/\/www.gamingzion.com\/hu\/wp-json\/wp\/v2\/media?parent=173301"}],"curies":[{"name":"wp","href":"https:\/\/api.w.org\/{rel}","templated":true}]}}