{"id":173314,"date":"2022-06-20T10:54:19","date_gmt":"2022-06-20T10:54:19","guid":{"rendered":"https:\/\/shenll.in\/gamingzion\/?page_id=170035"},"modified":"2023-03-03T19:29:26","modified_gmt":"2023-03-03T18:29:26","slug":"poker-news","status":"publish","type":"page","link":"https:\/\/www.gamingzion.com\/hu\/poker\/poker-news\/","title":{"rendered":"Online P\u00f3ker H\u00edrek"},"content":{"rendered":"","protected":false},"excerpt":{"rendered":"","protected":false},"author":123,"featured_media":0,"parent":169767,"menu_order":0,"comment_status":"closed","ping_status":"closed","template":"page-template\/page-poker-news.php","meta":{"footnotes":""},"class_list":["post-173314","page","type-page","status-publish","hentry","odd"],"yoast_head":"<!-- This site is optimized with the Yoast SEO Premium plugin v24.0 (Yoast SEO v24.8.1) - https:\/\/yoast.com\/wordpress\/plugins\/seo\/ -->\n<title>Online P\u00f3ker H\u00edrek - GamingZion Magyarorsz\u00e1g<\/title>\n<meta name=\"robots\" content=\"index, follow, max-snippet:-1, max-image-preview:large, max-video-preview:-1\" \/>\n<meta property=\"og:locale\" content=\"hu_HU\" \/>\n<meta property=\"og:type\" content=\"article\" \/>\n<meta property=\"og:title\" content=\"Online P\u00f3ker H\u00edrek\" \/>\n<meta property=\"og:description\" content=\"A legfrisebb magyar online p\u00f3ker h\u00edrek. K\u00f6vesd az online p\u00f3ker k\u00f6z\u00f6ss\u00e9g mindennapjait \u00e9s tal\u00e1lj tuti tippeket \u00fatk\u00f6zben!\" \/>\n<meta property=\"og:url\" content=\"https:\/\/www.gamingzion.com\/hu\/poker\/poker-news\/\" \/>\n<meta property=\"og:site_name\" content=\"GamingZion Magyarorsz\u00e1g\" \/>\n<meta property=\"article:modified_time\" content=\"2023-03-03T18:29:26+00:00\" \/>\n<script type=\"application\/ld+json\" class=\"yoast-schema-graph\">{\"@context\":\"https:\/\/schema.org\",\"@graph\":[{\"@type\":\"WebPage\",\"@id\":\"https:\/\/www.gamingzion.com\/hu\/poker\/poker-news\/\",\"url\":\"https:\/\/www.gamingzion.com\/hu\/poker\/poker-news\/\",\"name\":\"Online P\u00f3ker H\u00edrek - GamingZion Magyarorsz\u00e1g\",\"isPartOf\":{\"@id\":\"https:\/\/www.gamingzion.com\/hu\/#website\"},\"datePublished\":\"2022-06-20T10:54:19+00:00\",\"dateModified\":\"2023-03-03T18:29:26+00:00\",\"description\":\"A legfrisebb magyar online p\u00f3ker h\u00edrek. K\u00f6vesd az online p\u00f3ker k\u00f6z\u00f6ss\u00e9g mindennapjait \u00e9s tal\u00e1lj tuti tippeket \u00fatk\u00f6zben!\",\"breadcrumb\":{\"@id\":\"https:\/\/www.gamingzion.com\/hu\/poker\/poker-news\/#breadcrumb\"},\"inLanguage\":\"hu\",\"potentialAction\":[{\"@type\":\"ReadAction\",\"target\":[\"https:\/\/www.gamingzion.com\/hu\/poker\/poker-news\/\"]}]},{\"@type\":\"BreadcrumbList\",\"@id\":\"https:\/\/www.gamingzion.com\/hu\/poker\/poker-news\/#breadcrumb\",\"itemListElement\":[{\"@type\":\"ListItem\",\"position\":1,\"name\":\"Home\",\"item\":\"https:\/\/www.gamingzion.com\/hu\/\"},{\"@type\":\"ListItem\",\"position\":2,\"name\":\"poker\",\"item\":\"https:\/\/www.gamingzion.com\/hu\/poker\/\"},{\"@type\":\"ListItem\",\"position\":3,\"name\":\"Online P\u00f3ker H\u00edrek\"}]},{\"@type\":\"WebSite\",\"@id\":\"https:\/\/www.gamingzion.com\/hu\/#website\",\"url\":\"https:\/\/www.gamingzion.com\/hu\/\",\"name\":\"GamingZion Magyarorsz\u00e1g\",\"description\":\"Online Gambling Directory\",\"publisher\":{\"@id\":\"https:\/\/www.gamingzion.com\/hu\/#organization\"},\"potentialAction\":[{\"@type\":\"SearchAction\",\"target\":{\"@type\":\"EntryPoint\",\"urlTemplate\":\"https:\/\/www.gamingzion.com\/hu\/?s={search_term_string}\"},\"query-input\":{\"@type\":\"PropertyValueSpecification\",\"valueRequired\":true,\"valueName\":\"search_term_string\"}}],\"inLanguage\":\"hu\"},{\"@type\":\"Organization\",\"@id\":\"https:\/\/www.gamingzion.com\/hu\/#organization\",\"name\":\"GamingZion\",\"url\":\"https:\/\/www.gamingzion.com\/hu\/\",\"logo\":{\"@type\":\"ImageObject\",\"inLanguage\":\"hu\",\"@id\":\"https:\/\/www.gamingzion.com\/hu\/#\/schema\/logo\/image\/\",\"url\":\"https:\/\/sgamingzionm.gamblingzion.com\/uploads\/sites\/23\/2021\/07\/gamingzion_logo.png\",\"contentUrl\":\"https:\/\/sgamingzionm.gamblingzion.com\/uploads\/sites\/23\/2021\/07\/gamingzion_logo.png\",\"width\":1237,\"height\":273,\"caption\":\"GamingZion\"},\"image\":{\"@id\":\"https:\/\/www.gamingzion.com\/hu\/#\/schema\/logo\/image\/\"}}]}<\/script>\n<!-- \/ Yoast SEO Premium plugin. -->","yoast_head_json":{"title":"Online P\u00f3ker H\u00edrek - GamingZion Magyarorsz\u00e1g","robots":{"index":"index","follow":"follow","max-snippet":"max-snippet:-1","max-image-preview":"max-image-preview:large","max-video-preview":"max-video-preview:-1"},"og_locale":"hu_HU","og_type":"article","og_title":"Online P\u00f3ker H\u00edrek","og_description":"A legfrisebb magyar online p\u00f3ker h\u00edrek. K\u00f6vesd az online p\u00f3ker k\u00f6z\u00f6ss\u00e9g mindennapjait \u00e9s tal\u00e1lj tuti tippeket \u00fatk\u00f6zben!","og_url":"https:\/\/www.gamingzion.com\/hu\/poker\/poker-news\/","og_site_name":"GamingZion Magyarorsz\u00e1g","article_modified_time":"2023-03-03T18:29:26+00:00","schema":{"@context":"https:\/\/schema.org","@graph":[{"@type":"WebPage","@id":"https:\/\/www.gamingzion.com\/hu\/poker\/poker-news\/","url":"https:\/\/www.gamingzion.com\/hu\/poker\/poker-news\/","name":"Online P\u00f3ker H\u00edrek - GamingZion Magyarorsz\u00e1g","isPartOf":{"@id":"https:\/\/www.gamingzion.com\/hu\/#website"},"datePublished":"2022-06-20T10:54:19+00:00","dateModified":"2023-03-03T18:29:26+00:00","description":"A legfrisebb magyar online p\u00f3ker h\u00edrek. K\u00f6vesd az online p\u00f3ker k\u00f6z\u00f6ss\u00e9g mindennapjait \u00e9s tal\u00e1lj tuti tippeket \u00fatk\u00f6zben!","breadcrumb":{"@id":"https:\/\/www.gamingzion.com\/hu\/poker\/poker-news\/#breadcrumb"},"inLanguage":"hu","potentialAction":[{"@type":"ReadAction","target":["https:\/\/www.gamingzion.com\/hu\/poker\/poker-news\/"]}]},{"@type":"BreadcrumbList","@id":"https:\/\/www.gamingzion.com\/hu\/poker\/poker-news\/#breadcrumb","itemListElement":[{"@type":"ListItem","position":1,"name":"Home","item":"https:\/\/www.gamingzion.com\/hu\/"},{"@type":"ListItem","position":2,"name":"poker","item":"https:\/\/www.gamingzion.com\/hu\/poker\/"},{"@type":"ListItem","position":3,"name":"Online P\u00f3ker H\u00edrek"}]},{"@type":"WebSite","@id":"https:\/\/www.gamingzion.com\/hu\/#website","url":"https:\/\/www.gamingzion.com\/hu\/","name":"GamingZion Magyarorsz\u00e1g","description":"Online Gambling Directory","publisher":{"@id":"https:\/\/www.gamingzion.com\/hu\/#organization"},"potentialAction":[{"@type":"SearchAction","target":{"@type":"EntryPoint","urlTemplate":"https:\/\/www.gamingzion.com\/hu\/?s={search_term_string}"},"query-input":{"@type":"PropertyValueSpecification","valueRequired":true,"valueName":"search_term_string"}}],"inLanguage":"hu"},{"@type":"Organization","@id":"https:\/\/www.gamingzion.com\/hu\/#organization","name":"GamingZion","url":"https:\/\/www.gamingzion.com\/hu\/","logo":{"@type":"ImageObject","inLanguage":"hu","@id":"https:\/\/www.gamingzion.com\/hu\/#\/schema\/logo\/image\/","url":"https:\/\/sgamingzionm.gamblingzion.com\/uploads\/sites\/23\/2021\/07\/gamingzion_logo.png","contentUrl":"https:\/\/sgamingzionm.gamblingzion.com\/uploads\/sites\/23\/2021\/07\/gamingzion_logo.png","width":1237,"height":273,"caption":"GamingZion"},"image":{"@id":"https:\/\/www.gamingzion.com\/hu\/#\/schema\/logo\/image\/"}}]}},"_links":{"self":[{"href":"https:\/\/www.gamingzion.com\/hu\/wp-json\/wp\/v2\/pages\/173314"}],"collection":[{"href":"https:\/\/www.gamingzion.com\/hu\/wp-json\/wp\/v2\/pages"}],"about":[{"href":"https:\/\/www.gamingzion.com\/hu\/wp-json\/wp\/v2\/types\/page"}],"author":[{"embeddable":true,"href":"https:\/\/www.gamingzion.com\/hu\/wp-json\/wp\/v2\/users\/123"}],"replies":[{"embeddable":true,"href":"https:\/\/www.gamingzion.com\/hu\/wp-json\/wp\/v2\/comments?post=173314"}],"version-history":[{"count":3,"href":"https:\/\/www.gamingzion.com\/hu\/wp-json\/wp\/v2\/pages\/173314\/revisions"}],"predecessor-version":[{"id":173770,"href":"https:\/\/www.gamingzion.com\/hu\/wp-json\/wp\/v2\/pages\/173314\/revisions\/173770"}],"up":[{"embeddable":true,"href":"https:\/\/www.gamingzion.com\/hu\/wp-json\/wp\/v2\/pages\/169767"}],"wp:attachment":[{"href":"https:\/\/www.gamingzion.com\/hu\/wp-json\/wp\/v2\/media?parent=173314"}],"curies":[{"name":"wp","href":"https:\/\/api.w.org\/{rel}","templated":true}]}}