{"id":3,"date":"2022-06-02T09:03:45","date_gmt":"2022-06-02T09:03:45","guid":{"rendered":"https:\/\/shenll.in\/gamingzion\/?page_id=3"},"modified":"2024-05-02T10:21:59","modified_gmt":"2024-05-02T09:21:59","slug":"adatvedelmi-iranyelvek","status":"publish","type":"page","link":"https:\/\/www.gamingzion.com\/hu\/adatvedelmi-iranyelvek\/","title":{"rendered":"Adatv\u00e9delmi Ir\u00e1nyelvek"},"content":{"rendered":"<section style=\"text-align:justify;color:#585858;font-family:Segoe UI\">Betartjuk az \u00f6sszes vonatkoz\u00f3 adatv\u00e9delmi t\u00f6rv\u00e9nyt \u00e9s szab\u00e1lyoz\u00e1si keretet. Szem\u00e9lyes adatait szolg\u00e1ltat\u00e1saink \u00e9s kezel\u00e9s\u00fcnk jav\u00edt\u00e1s\u00e1ra haszn\u00e1lhatjuk fel. e szolg\u00e1ltat\u00e1sokr\u00f3l, \u00e9s \u00e1tadhatja ezeket az adatokat abban az esetben, ha az \u00fczlet b\u00e1rmely r\u00e9sz\u00e9t vagy eg\u00e9sz\u00e9t \u00faj tulajdonba adj\u00e1k.Nem k\u00fcld\u00fcnk, tov\u00e1bb\u00edtunk \u00e9s nem b\u00e1tor\u00edtunk \u00d6nnek semmilyen marketinganyagot az \u00d6n kifejezett enged\u00e9lye n\u00e9lk\u00fcl.Nem osztunk meg semmilyen szem\u00e9lyes azonos\u00edt\u00e1sra alkalmas adatot az \u00d6n hozz\u00e1j\u00e1rul\u00e1sa n\u00e9lk\u00fcl b\u00e1rmilyen kapcsolatban nem \u00e1ll\u00f3 harmadik f\u00e9llel, kiv\u00e9ve a b\u0171n\u00fcld\u00f6z\u00e9si k\u00e9relem eset\u00e9t.<\/p>\n<p>Minden sz\u00fcks\u00e9ges l\u00e9p\u00e9st megtesz\u00fcnk minden adat\u00e1nak v\u00e9delme \u00e9rdek\u00e9ben az adatv\u00e9delmi jogszab\u00e1lyokkal \u00f6sszhangban, \u00e9s minden ilyen inform\u00e1ci\u00f3t meg\u0151rz\u00fcnk mindaddig, am\u00edg szolg\u00e1ltat\u00e1saink, rendszereink vagy \u00fczlet\u00fcnk hat\u00e9kony kezel\u00e9s\u00e9hez sz\u00fcks\u00e9ges.<\/p>\n<p>Megk\u00f6nny\u00edtj\u00fck a felhaszn\u00e1l\u00f3k sz\u00e1m\u00e1ra az inform\u00e1ci\u00f3k megv\u00e1ltoztat\u00e1s\u00e1hoz, m\u00f3dos\u00edt\u00e1s\u00e1hoz vagy friss\u00edt\u00e9s\u00e9hez sz\u00fcks\u00e9ges minden hozz\u00e1f\u00e9r\u00e9st, amint az oldalunk el\u00e9r\u00e9s\u00e9hez sz\u00fcks\u00e9ges.<\/p>\n<p>Adatokat gy\u0171jthet\u00fcnk a szolg\u00e1ltat\u00e1saink \u00d6n \u00e1ltal t\u00f6rt\u00e9n\u0151 haszn\u00e1lat\u00e1val kapcsolatban annak jav\u00edt\u00e1sa, fi\u00f3kja hat\u00e9kony kezel\u00e9se, tov\u00e1bbi szolg\u00e1ltat\u00e1sok vagy aj\u00e1nlatok biztos\u00edt\u00e1sa, visszajelz\u00e9sei vagy megjegyz\u00e9sei megv\u00e1laszol\u00e1sa, valamint h\u00edrlevelek, prom\u00f3ci\u00f3k vagy egy\u00e9b kapcsol\u00f3d\u00f3 inform\u00e1ci\u00f3k k\u00fcld\u00e9se \u00e9rdek\u00e9ben. megfelel\u0151nek tartjuk.<\/p>\n<p>Fenntartjuk magunknak a jogot, de nem vagyunk k\u00f6telesek korl\u00e1tozni a szolg\u00e1ltat\u00e1sok eg\u00e9sz\u00e9t vagy b\u00e1rmely szolg\u00e1ltat\u00e1s\u00e1t b\u00e1rmely olyan szem\u00e9ly sz\u00e1m\u00e1ra, akinek inform\u00e1ci\u00f3- vagy adatszolg\u00e1ltat\u00e1sa k\u00f6z\u00f6ss\u00e9gi norm\u00e1ink vagy a <strong><a href=\"\/hu\/altalanos-szerzodesi-feltetelek\/\">\u00e1ltal\u00e1nos szerz\u0151d\u00e9si felt\u00e9telek<\/a>.<\/strong><\/p>\n<p>Minden sz\u00fcks\u00e9ges technikai biztos\u00edt\u00e9kot megtesznek az \u00d6n inform\u00e1ci\u00f3i biztons\u00e1g\u00e1nak biztos\u00edt\u00e1sa \u00e9rdek\u00e9ben, \u00e9s biztos\u00edtjuk, hogy az ilyen adatokkal \u00e9s inform\u00e1ci\u00f3kkal nem \u00e9lnek vissza, ne vesz\u00edtsenek el vagy ne f\u00e9rjenek hozz\u00e1 megfelel\u0151 felhatalmaz\u00e1s n\u00e9lk\u00fcl, b\u00e1r a tov\u00e1bb\u00edtott inform\u00e1ci\u00f3khoz jogellenes hozz\u00e1f\u00e9r\u00e9s lehets\u00e9ges.<\/p>\n<p>M\u00f3dos\u00edthatjuk, m\u00f3dos\u00edthatjuk, friss\u00edthetj\u00fck vagy kicser\u00e9lhetj\u00fck adatv\u00e9delmi ir\u00e1nyelveinket, de minden sz\u00fcks\u00e9ges l\u00e9p\u00e9st megtesz\u00fcnk annak \u00e9rdek\u00e9ben, hogy t\u00e1j\u00e9koztassuk \u00d6nt az ilyen v\u00e1ltoz\u00e1sokr\u00f3l, \u00e9s megszerezz\u00fck az \u00d6n enged\u00e9ly\u00e9t \u00e9s hozz\u00e1j\u00e1rul\u00e1s\u00e1t ahhoz, hogy az adott felt\u00e9telek mellett hozz\u00e1f\u00e9rhessen webhely\u00fcnkh\u00f6z.<\/p>\n<p>Az \u00d6n adatainak nyomon k\u00f6vet\u00e9s\u00e9vel kapcsolatos inform\u00e1ci\u00f3k\u00e9rt tekintse meg <a href=\"\/hu\/suti-kezeles\/\"><strong>cookie-kra vonatkoz\u00f3 ir\u00e1nyelv\u00fcnket<\/strong><\/a>.<\/p>\n<\/section>\n","protected":false},"excerpt":{"rendered":"<p>Betartjuk az \u00f6sszes vonatkoz\u00f3 adatv\u00e9delmi t\u00f6rv\u00e9nyt \u00e9s szab\u00e1lyoz\u00e1si keretet. Szem\u00e9lyes adatait szolg\u00e1ltat\u00e1saink \u00e9s kezel\u00e9s\u00fcnk jav\u00edt\u00e1s\u00e1ra haszn\u00e1lhatjuk fel. e szolg\u00e1ltat\u00e1sokr\u00f3l, \u00e9s \u00e1tadhatja ezeket az adatokat abban az esetben, ha az \u00fczlet b\u00e1rmely r\u00e9sz\u00e9t vagy eg\u00e9sz\u00e9t \u00faj tulajdonba adj\u00e1k.Nem k\u00fcld\u00fcnk, tov\u00e1bb\u00edtunk \u00e9s nem b\u00e1tor\u00edtunk \u00d6nnek semmilyen marketinganyagot az \u00d6n kifejezett enged\u00e9lye n\u00e9lk\u00fcl.Nem osztunk meg semmilyen szem\u00e9lyes azonos\u00edt\u00e1sra [&hellip;]<\/p>\n","protected":false},"author":123,"featured_media":0,"parent":0,"menu_order":0,"comment_status":"closed","ping_status":"open","template":"page-template\/page-in-footer-menu.php","meta":{"footnotes":""},"class_list":["post-3","page","type-page","status-publish","hentry","odd"],"yoast_head":"<!-- This site is optimized with the Yoast SEO Premium plugin v24.0 (Yoast SEO v24.8.1) - https:\/\/yoast.com\/wordpress\/plugins\/seo\/ -->\n<title>Adatv\u00e9delmi Ir\u00e1nyelvek - GamingZion Magyarorsz\u00e1g<\/title>\n<meta name=\"robots\" content=\"index, follow, max-snippet:-1, max-image-preview:large, max-video-preview:-1\" \/>\n<meta property=\"og:locale\" content=\"hu_HU\" \/>\n<meta property=\"og:type\" content=\"article\" \/>\n<meta property=\"og:title\" content=\"Adatv\u00e9delmi Ir\u00e1nyelvek\" \/>\n<meta property=\"og:description\" content=\"Betartjuk az \u00f6sszes vonatkoz\u00f3 adatv\u00e9delmi t\u00f6rv\u00e9nyt \u00e9s szab\u00e1lyoz\u00e1si keretet. Szem\u00e9lyes adatait szolg\u00e1ltat\u00e1saink \u00e9s kezel\u00e9s\u00fcnk jav\u00edt\u00e1s\u00e1ra haszn\u00e1lhatjuk fel. e szolg\u00e1ltat\u00e1sokr\u00f3l, \u00e9s \u00e1tadhatja ezeket az adatokat abban az esetben, ha az \u00fczlet b\u00e1rmely r\u00e9sz\u00e9t vagy eg\u00e9sz\u00e9t \u00faj tulajdonba adj\u00e1k.Nem k\u00fcld\u00fcnk, tov\u00e1bb\u00edtunk \u00e9s nem b\u00e1tor\u00edtunk \u00d6nnek semmilyen marketinganyagot az \u00d6n kifejezett enged\u00e9lye n\u00e9lk\u00fcl.Nem osztunk meg semmilyen szem\u00e9lyes azonos\u00edt\u00e1sra [&hellip;]\" \/>\n<meta property=\"og:url\" content=\"https:\/\/www.gamingzion.com\/hu\/adatvedelmi-iranyelvek\/\" \/>\n<meta property=\"og:site_name\" content=\"GamingZion Magyarorsz\u00e1g\" \/>\n<meta property=\"article:modified_time\" content=\"2024-05-02T09:21:59+00:00\" \/>\n<meta name=\"twitter:label1\" content=\"Becs\u00fclt olvas\u00e1si id\u0151\" \/>\n\t<meta name=\"twitter:data1\" content=\"2 perc\" \/>\n<script type=\"application\/ld+json\" class=\"yoast-schema-graph\">{\"@context\":\"https:\/\/schema.org\",\"@graph\":[{\"@type\":\"WebPage\",\"@id\":\"https:\/\/www.gamingzion.com\/hu\/adatvedelmi-iranyelvek\/\",\"url\":\"https:\/\/www.gamingzion.com\/hu\/adatvedelmi-iranyelvek\/\",\"name\":\"Adatv\u00e9delmi Ir\u00e1nyelvek - GamingZion Magyarorsz\u00e1g\",\"isPartOf\":{\"@id\":\"https:\/\/www.gamingzion.com\/hu\/#website\"},\"datePublished\":\"2022-06-02T09:03:45+00:00\",\"dateModified\":\"2024-05-02T09:21:59+00:00\",\"breadcrumb\":{\"@id\":\"https:\/\/www.gamingzion.com\/hu\/adatvedelmi-iranyelvek\/#breadcrumb\"},\"inLanguage\":\"hu\",\"potentialAction\":[{\"@type\":\"ReadAction\",\"target\":[\"https:\/\/www.gamingzion.com\/hu\/adatvedelmi-iranyelvek\/\"]}]},{\"@type\":\"BreadcrumbList\",\"@id\":\"https:\/\/www.gamingzion.com\/hu\/adatvedelmi-iranyelvek\/#breadcrumb\",\"itemListElement\":[{\"@type\":\"ListItem\",\"position\":1,\"name\":\"Home\",\"item\":\"https:\/\/www.gamingzion.com\/hu\/\"},{\"@type\":\"ListItem\",\"position\":2,\"name\":\"Adatv\u00e9delmi Ir\u00e1nyelvek\"}]},{\"@type\":\"WebSite\",\"@id\":\"https:\/\/www.gamingzion.com\/hu\/#website\",\"url\":\"https:\/\/www.gamingzion.com\/hu\/\",\"name\":\"GamingZion Magyarorsz\u00e1g\",\"description\":\"Online Gambling Directory\",\"publisher\":{\"@id\":\"https:\/\/www.gamingzion.com\/hu\/#organization\"},\"potentialAction\":[{\"@type\":\"SearchAction\",\"target\":{\"@type\":\"EntryPoint\",\"urlTemplate\":\"https:\/\/www.gamingzion.com\/hu\/?s={search_term_string}\"},\"query-input\":{\"@type\":\"PropertyValueSpecification\",\"valueRequired\":true,\"valueName\":\"search_term_string\"}}],\"inLanguage\":\"hu\"},{\"@type\":\"Organization\",\"@id\":\"https:\/\/www.gamingzion.com\/hu\/#organization\",\"name\":\"GamingZion\",\"url\":\"https:\/\/www.gamingzion.com\/hu\/\",\"logo\":{\"@type\":\"ImageObject\",\"inLanguage\":\"hu\",\"@id\":\"https:\/\/www.gamingzion.com\/hu\/#\/schema\/logo\/image\/\",\"url\":\"https:\/\/sgamingzionm.gamblingzion.com\/uploads\/sites\/23\/2021\/07\/gamingzion_logo.png\",\"contentUrl\":\"https:\/\/sgamingzionm.gamblingzion.com\/uploads\/sites\/23\/2021\/07\/gamingzion_logo.png\",\"width\":1237,\"height\":273,\"caption\":\"GamingZion\"},\"image\":{\"@id\":\"https:\/\/www.gamingzion.com\/hu\/#\/schema\/logo\/image\/\"}}]}<\/script>\n<!-- \/ Yoast SEO Premium plugin. -->","yoast_head_json":{"title":"Adatv\u00e9delmi Ir\u00e1nyelvek - GamingZion Magyarorsz\u00e1g","robots":{"index":"index","follow":"follow","max-snippet":"max-snippet:-1","max-image-preview":"max-image-preview:large","max-video-preview":"max-video-preview:-1"},"og_locale":"hu_HU","og_type":"article","og_title":"Adatv\u00e9delmi Ir\u00e1nyelvek","og_description":"Betartjuk az \u00f6sszes vonatkoz\u00f3 adatv\u00e9delmi t\u00f6rv\u00e9nyt \u00e9s szab\u00e1lyoz\u00e1si keretet. Szem\u00e9lyes adatait szolg\u00e1ltat\u00e1saink \u00e9s kezel\u00e9s\u00fcnk jav\u00edt\u00e1s\u00e1ra haszn\u00e1lhatjuk fel. e szolg\u00e1ltat\u00e1sokr\u00f3l, \u00e9s \u00e1tadhatja ezeket az adatokat abban az esetben, ha az \u00fczlet b\u00e1rmely r\u00e9sz\u00e9t vagy eg\u00e9sz\u00e9t \u00faj tulajdonba adj\u00e1k.Nem k\u00fcld\u00fcnk, tov\u00e1bb\u00edtunk \u00e9s nem b\u00e1tor\u00edtunk \u00d6nnek semmilyen marketinganyagot az \u00d6n kifejezett enged\u00e9lye n\u00e9lk\u00fcl.Nem osztunk meg semmilyen szem\u00e9lyes azonos\u00edt\u00e1sra [&hellip;]","og_url":"https:\/\/www.gamingzion.com\/hu\/adatvedelmi-iranyelvek\/","og_site_name":"GamingZion Magyarorsz\u00e1g","article_modified_time":"2024-05-02T09:21:59+00:00","twitter_misc":{"Becs\u00fclt olvas\u00e1si id\u0151":"2 perc"},"schema":{"@context":"https:\/\/schema.org","@graph":[{"@type":"WebPage","@id":"https:\/\/www.gamingzion.com\/hu\/adatvedelmi-iranyelvek\/","url":"https:\/\/www.gamingzion.com\/hu\/adatvedelmi-iranyelvek\/","name":"Adatv\u00e9delmi Ir\u00e1nyelvek - GamingZion Magyarorsz\u00e1g","isPartOf":{"@id":"https:\/\/www.gamingzion.com\/hu\/#website"},"datePublished":"2022-06-02T09:03:45+00:00","dateModified":"2024-05-02T09:21:59+00:00","breadcrumb":{"@id":"https:\/\/www.gamingzion.com\/hu\/adatvedelmi-iranyelvek\/#breadcrumb"},"inLanguage":"hu","potentialAction":[{"@type":"ReadAction","target":["https:\/\/www.gamingzion.com\/hu\/adatvedelmi-iranyelvek\/"]}]},{"@type":"BreadcrumbList","@id":"https:\/\/www.gamingzion.com\/hu\/adatvedelmi-iranyelvek\/#breadcrumb","itemListElement":[{"@type":"ListItem","position":1,"name":"Home","item":"https:\/\/www.gamingzion.com\/hu\/"},{"@type":"ListItem","position":2,"name":"Adatv\u00e9delmi Ir\u00e1nyelvek"}]},{"@type":"WebSite","@id":"https:\/\/www.gamingzion.com\/hu\/#website","url":"https:\/\/www.gamingzion.com\/hu\/","name":"GamingZion Magyarorsz\u00e1g","description":"Online Gambling Directory","publisher":{"@id":"https:\/\/www.gamingzion.com\/hu\/#organization"},"potentialAction":[{"@type":"SearchAction","target":{"@type":"EntryPoint","urlTemplate":"https:\/\/www.gamingzion.com\/hu\/?s={search_term_string}"},"query-input":{"@type":"PropertyValueSpecification","valueRequired":true,"valueName":"search_term_string"}}],"inLanguage":"hu"},{"@type":"Organization","@id":"https:\/\/www.gamingzion.com\/hu\/#organization","name":"GamingZion","url":"https:\/\/www.gamingzion.com\/hu\/","logo":{"@type":"ImageObject","inLanguage":"hu","@id":"https:\/\/www.gamingzion.com\/hu\/#\/schema\/logo\/image\/","url":"https:\/\/sgamingzionm.gamblingzion.com\/uploads\/sites\/23\/2021\/07\/gamingzion_logo.png","contentUrl":"https:\/\/sgamingzionm.gamblingzion.com\/uploads\/sites\/23\/2021\/07\/gamingzion_logo.png","width":1237,"height":273,"caption":"GamingZion"},"image":{"@id":"https:\/\/www.gamingzion.com\/hu\/#\/schema\/logo\/image\/"}}]}},"_links":{"self":[{"href":"https:\/\/www.gamingzion.com\/hu\/wp-json\/wp\/v2\/pages\/3"}],"collection":[{"href":"https:\/\/www.gamingzion.com\/hu\/wp-json\/wp\/v2\/pages"}],"about":[{"href":"https:\/\/www.gamingzion.com\/hu\/wp-json\/wp\/v2\/types\/page"}],"author":[{"embeddable":true,"href":"https:\/\/www.gamingzion.com\/hu\/wp-json\/wp\/v2\/users\/123"}],"replies":[{"embeddable":true,"href":"https:\/\/www.gamingzion.com\/hu\/wp-json\/wp\/v2\/comments?post=3"}],"version-history":[{"count":4,"href":"https:\/\/www.gamingzion.com\/hu\/wp-json\/wp\/v2\/pages\/3\/revisions"}],"predecessor-version":[{"id":174636,"href":"https:\/\/www.gamingzion.com\/hu\/wp-json\/wp\/v2\/pages\/3\/revisions\/174636"}],"wp:attachment":[{"href":"https:\/\/www.gamingzion.com\/hu\/wp-json\/wp\/v2\/media?parent=3"}],"curies":[{"name":"wp","href":"https:\/\/api.w.org\/{rel}","templated":true}]}}