{"id":771,"date":"2017-04-18T05:38:13","date_gmt":"2017-04-18T04:38:13","guid":{"rendered":"http:\/\/www.gamingzion.com\/?page_id=771"},"modified":"2019-05-30T16:05:36","modified_gmt":"2019-05-30T15:05:36","slug":"adatvedelmi-szabalyzat","status":"publish","type":"page","link":"https:\/\/www.gamingzion.com\/hu\/adatvedelmi-szabalyzat\/","title":{"rendered":"Adatv\u00e9delmi Szab\u00e1lyzat"},"content":{"rendered":"<section style=\"text-align: justify\">Tev\u00e9kenys\u00e9g\u00fcnk megfelel minden alkalmazand\u00f3 biztons\u00e1gi \u00e9s adatv\u00e9delmi t\u00f6rv\u00e9nynek \u00e9s szab\u00e1lyoz\u00e1si keretnek.<\/section>\n<section style=\"text-align: justify\">Felhaszn\u00e1lhatjuk szem\u00e9lyes adataidat arra, hogy jav\u00edtsunk szolg\u00e1ltat\u00e1sainkon, illetve azok menedzsmentj\u00e9n,\u00a0illetve tov\u00e1bb\u00edthatjuk ezen adatokat ha a v\u00e1llalkoz\u00e1s egy r\u00e9sz\u00e9t vagy eg\u00e9sz\u00e9t \u00e1tveszi egy \u00faj tulajdonos. Nem fogunk sz\u00e1modra semmif\u00e9le marketing anyagot k\u00fcldeni vagy tov\u00e1bb\u00edtani az egy\u00e9rtelm\u0171 hozz\u00e1j\u00e1rul\u00e1sod n\u00e9lk\u00fcl.<\/section>\n<section style=\"text-align: justify\"><\/section>\n<section style=\"text-align: justify\">Hozz\u00e1j\u00e1rul\u00e1sod n\u00e9lk\u00fcl nem fogunk olyan adatokat megosztani harmadik f\u00e9llel, melyek alapj\u00e1n azonos\u00edthat\u00f3v\u00e1 v\u00e1ln\u00e1l, kiv\u00e9ve b\u0171n\u00fcld\u00f6z\u00e9si szervek kifejezett k\u00e9relm\u00e9re.<\/p>\n<p>Az Adatv\u00e9delmi t\u00f6rv\u00e9nyekkel \u00f6sszef\u00fcgg\u00e9sben minden sz\u00fcks\u00e9ges l\u00e9p\u00e9st megtesz\u00fcnk adataid v\u00e9delm\u00e9nek \u00e9rdek\u00e9ben. Minden ilyesfajta inform\u00e1ci\u00f3t megtartunk, ameddig csak sz\u00fcks\u00e9ges ahhoz, hogy hat\u00e1sosan tudjuk kezelni szolg\u00e1ltat\u00e1sainkat, rendszereinket \u00e9s \u00fczlet\u00fcnket.<\/p>\n<p>Igyeksz\u00fcnk megk\u00f6nny\u00edteni felhaszn\u00e1l\u00f3ink sz\u00e1m\u00e1ra hogy megv\u00e1ltoztathass\u00e1k vagy friss\u00edthess\u00e9k inform\u00e1ci\u00f3ikat, ahogy erre a t\u00f6rv\u00e9nyi k\u00f6telezetts\u00e9g is van oldalunk l\u00e1togat\u00e1s\u00e1hoz.<\/p>\n<p>El\u0151fordulhat, hogy adatot fogunk gy\u0171jteni oldalunkon val\u00f3 felhaszn\u00e1l\u00e1si szok\u00e1saidr\u00f3l, hogy jav\u00edthassunk szolg\u00e1ltat\u00e1sinkon, hogy hat\u00e9konyan fel\u00fcgyelhess\u00fck a fi\u00f3kodat, hogy extra szolg\u00e1ltat\u00e1sokat \u00e9s\/vagy aj\u00e1nlatokat ny\u00fajthassunk sz\u00e1modra, hogy v\u00e1laszoljunk visszajelz\u00e9seidre \u00e9s hozz\u00e1sz\u00f3l\u00e1saidra, illetve hogy h\u00edrleveleket, prom\u00f3ci\u00f3s aj\u00e1lnatokat \u00e9s egy\u00e9b, \u00e1ltalunk megfelel\u0151nek\u00a0gondolt,\u00a0kapcsol\u00f3d\u00f3 inform\u00e1ci\u00f3s anyagokat k\u00fcldhess\u00fcnk sz\u00e1modra.<\/p>\n<p>Fenntartjuk a jogos, de nem k\u00f6telezz\u00fck magunkat arra, hogy korl\u00e1tozzunk b\u00e1rkit, akir\u0151l adataink vagy b\u00e1rmilyen inform\u00e1ci\u00f3nk szerint kider\u00fcl, hogy b\u00e1rmif\u00e9le m\u00f3don megszegi k\u00f6z\u00f6ss\u00e9gi alapjainkat vagy <a href=\"\/hu-hu\/altalanos-szerzodesi-feltetelek\"><strong>\u00c1ltal\u00e1nos Szerz\u0151d\u00e9si Felt\u00e9teleinket<\/strong><\/a>.<\/p>\n<p>Minden technikai biztos\u00edt\u00e9k az\u00e9rt van, hogy biztos\u00edtsa adataid biztons\u00e1g\u00e1t. Garant\u00e1ljuk, hogy az adataid biztos kezekben vannak, nem fognak vissza\u00e9lni ezekkel, nem fognak elveszni \u00e9s nem fognak illet\u00e9ktelen kezekbe ker\u00fclni\u00a0annak ellen\u00e9re\u00a0sem, hogy az adatcser\u00e9hez t\u00f6rv\u00e9nytelen eszk\u00f6z\u00f6kkel val\u00f3 hozz\u00e1f\u00e9r\u00e9se lehets\u00e9ges.<\/p>\n<p>Megeshet, hogy meg\u00faj\u00edtjuk, megv\u00e1ltoztatjuk, friss\u00edtj\u00fck vagy lecser\u00e9lj\u00fck adatv\u00e9delmi szab\u00e1lyzatunkat. Ezesetben term\u00e9szetesen id\u0151ben t\u00e1j\u00e9koztatni fogunk minden GamingZion olvas\u00f3t a v\u00e1ltoz\u00e1sokkal kapcsolatosan. Tov\u00e1bbra is sz\u00fcks\u00e9g\u00fcnk lesz az enged\u00e9lyetekre \u00e9s hozz\u00e1j\u00e1rul\u00e1sotokra hogy az \u00faj szab\u00e1lyok \u00e9rtelm\u00e9ben tart\u00f3zkodhassatok oldalunkon.<\/p>\n<p>Tov\u00e1bbi inform\u00e1ci\u00f3kat\u00a0adataid\u00a0nyomonk\u00f6vet\u00e9s\u00e9vel kapcsolatban\u00a0<strong><a href=\"\/hu-hu\/cookie-szabalyzat\">cookie szab\u00e1lyzatunkban<\/a>\u00a0<\/strong>tal\u00e1lhatsz.<\/p>\n<\/section>\n","protected":false},"excerpt":{"rendered":"<p>Tev\u00e9kenys\u00e9g\u00fcnk megfelel minden alkalmazand\u00f3 biztons\u00e1gi \u00e9s adatv\u00e9delmi t\u00f6rv\u00e9nynek \u00e9s szab\u00e1lyoz\u00e1si keretnek. Felhaszn\u00e1lhatjuk szem\u00e9lyes adataidat arra, hogy jav\u00edtsunk szolg\u00e1ltat\u00e1sainkon, illetve azok menedzsmentj\u00e9n,\u00a0illetve tov\u00e1bb\u00edthatjuk ezen adatokat ha a v\u00e1llalkoz\u00e1s egy r\u00e9sz\u00e9t vagy eg\u00e9sz\u00e9t \u00e1tveszi egy \u00faj tulajdonos. Nem fogunk sz\u00e1modra semmif\u00e9le marketing anyagot k\u00fcldeni vagy tov\u00e1bb\u00edtani az egy\u00e9rtelm\u0171 hozz\u00e1j\u00e1rul\u00e1sod n\u00e9lk\u00fcl. Hozz\u00e1j\u00e1rul\u00e1sod n\u00e9lk\u00fcl nem fogunk olyan adatokat megosztani [&hellip;]<\/p>\n","protected":false},"author":1,"featured_media":0,"parent":0,"menu_order":0,"comment_status":"closed","ping_status":"closed","template":"","meta":{"footnotes":""},"class_list":["post-771","page","type-page","status-publish","hentry","odd"],"yoast_head":"<!-- This site is optimized with the Yoast SEO Premium plugin v24.0 (Yoast SEO v24.8.1) - https:\/\/yoast.com\/wordpress\/plugins\/seo\/ -->\n<title>Adatv\u00e9delmi Szab\u00e1lyzat - GamingZion Magyarorsz\u00e1g<\/title>\n<meta name=\"robots\" content=\"index, follow, max-snippet:-1, max-image-preview:large, max-video-preview:-1\" \/>\n<meta property=\"og:locale\" content=\"hu_HU\" \/>\n<meta property=\"og:type\" content=\"article\" \/>\n<meta property=\"og:title\" content=\"Adatv\u00e9delmi Szab\u00e1lyzat\" \/>\n<meta property=\"og:description\" content=\"Tev\u00e9kenys\u00e9g\u00fcnk megfelel minden alkalmazand\u00f3 biztons\u00e1gi \u00e9s adatv\u00e9delmi t\u00f6rv\u00e9nynek \u00e9s szab\u00e1lyoz\u00e1si keretnek. Felhaszn\u00e1lhatjuk szem\u00e9lyes adataidat arra, hogy jav\u00edtsunk szolg\u00e1ltat\u00e1sainkon, illetve azok menedzsmentj\u00e9n,\u00a0illetve tov\u00e1bb\u00edthatjuk ezen adatokat ha a v\u00e1llalkoz\u00e1s egy r\u00e9sz\u00e9t vagy eg\u00e9sz\u00e9t \u00e1tveszi egy \u00faj tulajdonos. Nem fogunk sz\u00e1modra semmif\u00e9le marketing anyagot k\u00fcldeni vagy tov\u00e1bb\u00edtani az egy\u00e9rtelm\u0171 hozz\u00e1j\u00e1rul\u00e1sod n\u00e9lk\u00fcl. Hozz\u00e1j\u00e1rul\u00e1sod n\u00e9lk\u00fcl nem fogunk olyan adatokat megosztani [&hellip;]\" \/>\n<meta property=\"og:url\" content=\"https:\/\/www.gamingzion.com\/hu\/adatvedelmi-szabalyzat\/\" \/>\n<meta property=\"og:site_name\" content=\"GamingZion Magyarorsz\u00e1g\" \/>\n<meta property=\"article:modified_time\" content=\"2019-05-30T15:05:36+00:00\" \/>\n<meta name=\"twitter:label1\" content=\"Becs\u00fclt olvas\u00e1si id\u0151\" \/>\n\t<meta name=\"twitter:data1\" content=\"2 perc\" \/>\n<script type=\"application\/ld+json\" class=\"yoast-schema-graph\">{\"@context\":\"https:\/\/schema.org\",\"@graph\":[{\"@type\":\"WebPage\",\"@id\":\"https:\/\/www.gamingzion.com\/hu\/adatvedelmi-szabalyzat\/\",\"url\":\"https:\/\/www.gamingzion.com\/hu\/adatvedelmi-szabalyzat\/\",\"name\":\"Adatv\u00e9delmi Szab\u00e1lyzat - GamingZion Magyarorsz\u00e1g\",\"isPartOf\":{\"@id\":\"https:\/\/www.gamingzion.com\/hu\/#website\"},\"datePublished\":\"2017-04-18T04:38:13+00:00\",\"dateModified\":\"2019-05-30T15:05:36+00:00\",\"breadcrumb\":{\"@id\":\"https:\/\/www.gamingzion.com\/hu\/adatvedelmi-szabalyzat\/#breadcrumb\"},\"inLanguage\":\"hu\",\"potentialAction\":[{\"@type\":\"ReadAction\",\"target\":[\"https:\/\/www.gamingzion.com\/hu\/adatvedelmi-szabalyzat\/\"]}]},{\"@type\":\"BreadcrumbList\",\"@id\":\"https:\/\/www.gamingzion.com\/hu\/adatvedelmi-szabalyzat\/#breadcrumb\",\"itemListElement\":[{\"@type\":\"ListItem\",\"position\":1,\"name\":\"Home\",\"item\":\"https:\/\/www.gamingzion.com\/hu\/\"},{\"@type\":\"ListItem\",\"position\":2,\"name\":\"Adatv\u00e9delmi Szab\u00e1lyzat\"}]},{\"@type\":\"WebSite\",\"@id\":\"https:\/\/www.gamingzion.com\/hu\/#website\",\"url\":\"https:\/\/www.gamingzion.com\/hu\/\",\"name\":\"GamingZion Magyarorsz\u00e1g\",\"description\":\"Online Gambling Directory\",\"publisher\":{\"@id\":\"https:\/\/www.gamingzion.com\/hu\/#organization\"},\"potentialAction\":[{\"@type\":\"SearchAction\",\"target\":{\"@type\":\"EntryPoint\",\"urlTemplate\":\"https:\/\/www.gamingzion.com\/hu\/?s={search_term_string}\"},\"query-input\":{\"@type\":\"PropertyValueSpecification\",\"valueRequired\":true,\"valueName\":\"search_term_string\"}}],\"inLanguage\":\"hu\"},{\"@type\":\"Organization\",\"@id\":\"https:\/\/www.gamingzion.com\/hu\/#organization\",\"name\":\"GamingZion\",\"url\":\"https:\/\/www.gamingzion.com\/hu\/\",\"logo\":{\"@type\":\"ImageObject\",\"inLanguage\":\"hu\",\"@id\":\"https:\/\/www.gamingzion.com\/hu\/#\/schema\/logo\/image\/\",\"url\":\"https:\/\/sgamingzionm.gamblingzion.com\/uploads\/sites\/23\/2021\/07\/gamingzion_logo.png\",\"contentUrl\":\"https:\/\/sgamingzionm.gamblingzion.com\/uploads\/sites\/23\/2021\/07\/gamingzion_logo.png\",\"width\":1237,\"height\":273,\"caption\":\"GamingZion\"},\"image\":{\"@id\":\"https:\/\/www.gamingzion.com\/hu\/#\/schema\/logo\/image\/\"}}]}<\/script>\n<!-- \/ Yoast SEO Premium plugin. -->","yoast_head_json":{"title":"Adatv\u00e9delmi Szab\u00e1lyzat - GamingZion Magyarorsz\u00e1g","robots":{"index":"index","follow":"follow","max-snippet":"max-snippet:-1","max-image-preview":"max-image-preview:large","max-video-preview":"max-video-preview:-1"},"og_locale":"hu_HU","og_type":"article","og_title":"Adatv\u00e9delmi Szab\u00e1lyzat","og_description":"Tev\u00e9kenys\u00e9g\u00fcnk megfelel minden alkalmazand\u00f3 biztons\u00e1gi \u00e9s adatv\u00e9delmi t\u00f6rv\u00e9nynek \u00e9s szab\u00e1lyoz\u00e1si keretnek. Felhaszn\u00e1lhatjuk szem\u00e9lyes adataidat arra, hogy jav\u00edtsunk szolg\u00e1ltat\u00e1sainkon, illetve azok menedzsmentj\u00e9n,\u00a0illetve tov\u00e1bb\u00edthatjuk ezen adatokat ha a v\u00e1llalkoz\u00e1s egy r\u00e9sz\u00e9t vagy eg\u00e9sz\u00e9t \u00e1tveszi egy \u00faj tulajdonos. Nem fogunk sz\u00e1modra semmif\u00e9le marketing anyagot k\u00fcldeni vagy tov\u00e1bb\u00edtani az egy\u00e9rtelm\u0171 hozz\u00e1j\u00e1rul\u00e1sod n\u00e9lk\u00fcl. Hozz\u00e1j\u00e1rul\u00e1sod n\u00e9lk\u00fcl nem fogunk olyan adatokat megosztani [&hellip;]","og_url":"https:\/\/www.gamingzion.com\/hu\/adatvedelmi-szabalyzat\/","og_site_name":"GamingZion Magyarorsz\u00e1g","article_modified_time":"2019-05-30T15:05:36+00:00","twitter_misc":{"Becs\u00fclt olvas\u00e1si id\u0151":"2 perc"},"schema":{"@context":"https:\/\/schema.org","@graph":[{"@type":"WebPage","@id":"https:\/\/www.gamingzion.com\/hu\/adatvedelmi-szabalyzat\/","url":"https:\/\/www.gamingzion.com\/hu\/adatvedelmi-szabalyzat\/","name":"Adatv\u00e9delmi Szab\u00e1lyzat - GamingZion Magyarorsz\u00e1g","isPartOf":{"@id":"https:\/\/www.gamingzion.com\/hu\/#website"},"datePublished":"2017-04-18T04:38:13+00:00","dateModified":"2019-05-30T15:05:36+00:00","breadcrumb":{"@id":"https:\/\/www.gamingzion.com\/hu\/adatvedelmi-szabalyzat\/#breadcrumb"},"inLanguage":"hu","potentialAction":[{"@type":"ReadAction","target":["https:\/\/www.gamingzion.com\/hu\/adatvedelmi-szabalyzat\/"]}]},{"@type":"BreadcrumbList","@id":"https:\/\/www.gamingzion.com\/hu\/adatvedelmi-szabalyzat\/#breadcrumb","itemListElement":[{"@type":"ListItem","position":1,"name":"Home","item":"https:\/\/www.gamingzion.com\/hu\/"},{"@type":"ListItem","position":2,"name":"Adatv\u00e9delmi Szab\u00e1lyzat"}]},{"@type":"WebSite","@id":"https:\/\/www.gamingzion.com\/hu\/#website","url":"https:\/\/www.gamingzion.com\/hu\/","name":"GamingZion Magyarorsz\u00e1g","description":"Online Gambling Directory","publisher":{"@id":"https:\/\/www.gamingzion.com\/hu\/#organization"},"potentialAction":[{"@type":"SearchAction","target":{"@type":"EntryPoint","urlTemplate":"https:\/\/www.gamingzion.com\/hu\/?s={search_term_string}"},"query-input":{"@type":"PropertyValueSpecification","valueRequired":true,"valueName":"search_term_string"}}],"inLanguage":"hu"},{"@type":"Organization","@id":"https:\/\/www.gamingzion.com\/hu\/#organization","name":"GamingZion","url":"https:\/\/www.gamingzion.com\/hu\/","logo":{"@type":"ImageObject","inLanguage":"hu","@id":"https:\/\/www.gamingzion.com\/hu\/#\/schema\/logo\/image\/","url":"https:\/\/sgamingzionm.gamblingzion.com\/uploads\/sites\/23\/2021\/07\/gamingzion_logo.png","contentUrl":"https:\/\/sgamingzionm.gamblingzion.com\/uploads\/sites\/23\/2021\/07\/gamingzion_logo.png","width":1237,"height":273,"caption":"GamingZion"},"image":{"@id":"https:\/\/www.gamingzion.com\/hu\/#\/schema\/logo\/image\/"}}]}},"_links":{"self":[{"href":"https:\/\/www.gamingzion.com\/hu\/wp-json\/wp\/v2\/pages\/771"}],"collection":[{"href":"https:\/\/www.gamingzion.com\/hu\/wp-json\/wp\/v2\/pages"}],"about":[{"href":"https:\/\/www.gamingzion.com\/hu\/wp-json\/wp\/v2\/types\/page"}],"author":[{"embeddable":true,"href":"https:\/\/www.gamingzion.com\/hu\/wp-json\/wp\/v2\/users\/1"}],"replies":[{"embeddable":true,"href":"https:\/\/www.gamingzion.com\/hu\/wp-json\/wp\/v2\/comments?post=771"}],"version-history":[{"count":0,"href":"https:\/\/www.gamingzion.com\/hu\/wp-json\/wp\/v2\/pages\/771\/revisions"}],"wp:attachment":[{"href":"https:\/\/www.gamingzion.com\/hu\/wp-json\/wp\/v2\/media?parent=771"}],"curies":[{"name":"wp","href":"https:\/\/api.w.org\/{rel}","templated":true}]}}